{"id":22,"date":"2020-07-11T19:36:42","date_gmt":"2020-07-11T19:36:42","guid":{"rendered":"https:\/\/aromaterapiaflorar.com.ar\/?page_id=22"},"modified":"2026-02-25T16:32:43","modified_gmt":"2026-02-25T19:32:43","slug":"acerca-de-mi","status":"publish","type":"page","link":"https:\/\/aromaterapiaflorar.com.ar\/en\/acerca-de-mi\/","title":{"rendered":"Acerca de m\u00ed"},"content":{"rendered":"<div data-elementor-type=\"wp-page\" data-elementor-id=\"22\" class=\"elementor elementor-22\">\n\t\t\t\t\t\t<section class=\"elementor-section elementor-top-section elementor-element elementor-element-ebeeb2a elementor-section-boxed elementor-section-height-default elementor-section-height-default sc_fly_static\" data-id=\"ebeeb2a\" data-element_type=\"section\" data-e-type=\"section\">\n\t\t\t\t\t\t<div class=\"elementor-container elementor-column-gap-extended\">\n\t\t\t\t\t<div class=\"elementor-column elementor-col-50 elementor-top-column elementor-element elementor-element-4a5868ff sc_content_align_inherit sc_layouts_column_icons_position_left sc_fly_static\" data-id=\"4a5868ff\" data-element_type=\"column\" data-e-type=\"column\">\n\t\t\t<div class=\"elementor-widget-wrap elementor-element-populated\">\n\t\t\t\t\t\t<section class=\"elementor-section elementor-inner-section elementor-element elementor-element-459664d2 elementor-section-boxed elementor-section-height-default elementor-section-height-default sc_fly_static\" data-id=\"459664d2\" data-element_type=\"section\" data-e-type=\"section\">\n\t\t\t\t\t\t<div class=\"elementor-container elementor-column-gap-no\">\n\t\t\t\t\t<div class=\"elementor-column elementor-col-100 elementor-inner-column elementor-element elementor-element-291bb844 sc_content_align_inherit sc_layouts_column_icons_position_left sc_fly_static\" data-id=\"291bb844\" data-element_type=\"column\" data-e-type=\"column\">\n\t\t\t<div class=\"elementor-widget-wrap elementor-element-populated\">\n\t\t\t\t\t\t<div class=\"elementor-element elementor-element-3557b527 no-title sc_fly_static elementor-widget elementor-widget-image\" data-id=\"3557b527\" data-element_type=\"widget\" data-e-type=\"widget\" data-widget_type=\"image.default\">\n\t\t\t\t<div class=\"elementor-widget-container\">\n\t\t\t\t\t\t\t\t\t\t\t\t\t\t\t<img fetchpriority=\"high\" decoding=\"async\" width=\"2017\" height=\"2499\" src=\"https:\/\/aromaterapiaflorar.com.ar\/wp-content\/uploads\/2021\/10\/foto-mia-2.jpg\" class=\"attachment-full size-full wp-image-1703\" alt=\"\" srcset=\"https:\/\/aromaterapiaflorar.com.ar\/wp-content\/uploads\/2021\/10\/foto-mia-2.jpg 2017w, https:\/\/aromaterapiaflorar.com.ar\/wp-content\/uploads\/2021\/10\/foto-mia-2-600x743.jpg 600w, https:\/\/aromaterapiaflorar.com.ar\/wp-content\/uploads\/2021\/10\/foto-mia-2-242x300.jpg 242w, https:\/\/aromaterapiaflorar.com.ar\/wp-content\/uploads\/2021\/10\/foto-mia-2-826x1024.jpg 826w, https:\/\/aromaterapiaflorar.com.ar\/wp-content\/uploads\/2021\/10\/foto-mia-2-768x952.jpg 768w, https:\/\/aromaterapiaflorar.com.ar\/wp-content\/uploads\/2021\/10\/foto-mia-2-1240x1536.jpg 1240w, https:\/\/aromaterapiaflorar.com.ar\/wp-content\/uploads\/2021\/10\/foto-mia-2-1653x2048.jpg 1653w\" sizes=\"(max-width: 2017px) 100vw, 2017px\" \/>\t\t\t\t\t\t\t\t\t\t\t\t\t\t\t<\/div>\n\t\t\t\t<\/div>\n\t\t\t\t\t<\/div>\n\t\t<\/div>\n\t\t\t\t\t<\/div>\n\t\t<\/section>\n\t\t\t\t\t<\/div>\n\t\t<\/div>\n\t\t\t\t<div class=\"elementor-column elementor-col-50 elementor-top-column elementor-element elementor-element-4b093d72 sc_content_align_inherit sc_layouts_column_icons_position_left sc_fly_static\" data-id=\"4b093d72\" data-element_type=\"column\" data-e-type=\"column\">\n\t\t\t<div class=\"elementor-widget-wrap elementor-element-populated\">\n\t\t\t\t\t\t<div class=\"elementor-element elementor-element-4e4016af sc_fly_static elementor-widget elementor-widget-trx_sc_title\" data-id=\"4e4016af\" data-element_type=\"widget\" data-e-type=\"widget\" data-widget_type=\"trx_sc_title.default\">\n\t\t\t\t<div class=\"elementor-widget-container\">\n\t\t\t\t\t<div\t\tclass=\"sc_title sc_title_default\" ><span class=\"sc_item_subtitle sc_title_subtitle sc_item_subtitle_above sc_item_title_style_default\">Te invito a conocerme<\/span><h1 class=\"sc_item_title sc_title_title sc_item_title_style_default sc_item_title_tag\"\n\t\t\t><span class=\"sc_item_title_text\">Acerca de m\u00ed<\/span><\/h1><\/div>\t\t\t\t<\/div>\n\t\t\t\t<\/div>\n\t\t\t\t<div class=\"elementor-element elementor-element-40a6d057 sc_height_tiny sc_fly_static elementor-widget elementor-widget-spacer\" data-id=\"40a6d057\" data-element_type=\"widget\" data-e-type=\"widget\" data-widget_type=\"spacer.default\">\n\t\t\t\t<div class=\"elementor-widget-container\">\n\t\t\t\t\t\t\t<div class=\"elementor-spacer\">\n\t\t\t<div class=\"elementor-spacer-inner\"><\/div>\n\t\t<\/div>\n\t\t\t\t\t\t<\/div>\n\t\t\t\t<\/div>\n\t\t\t\t<div class=\"elementor-element elementor-element-565c998a sc_fly_static elementor-widget elementor-widget-text-editor\" data-id=\"565c998a\" data-element_type=\"widget\" data-e-type=\"widget\" data-widget_type=\"text-editor.default\">\n\t\t\t\t<div class=\"elementor-widget-container\">\n\t\t\t\t\t\t\t\t\t<p><strong>Hola, soy Andrea Ramos.<\/strong><\/p><p><strong>Aromatologa, &#8220;Profesional en Aromaterapia Integral, Cl\u00ednica y Psicoaromaterapia&#8221;.<\/strong><br \/>Creadora y directora de la Escuela de Aromaterapia Florar.<\/p><p>Me form\u00e9 en el <strong>M\u00e1ster Europeo en Aromatolog\u00eda y Aromaterapia Integral en el Instituto ESB<\/strong> de Aromaterapia Integral de Barcelona, Espa\u00f1a.<br \/>Adem\u00e1s, soy Terapeuta Floral (Flores de Bach), entre otras herramientas que utilizo para acompa\u00f1ar procesos personales de crecimiento interior.<\/p><p>Vivo en la ciudad de La Plata, Buenos Aires, Argentina.<\/p><p>Mi camino con la aromaterapia comenz\u00f3 en 2012, cuando tom\u00e9 mi primer curso. Desde ese momento me enamor\u00e9 profundamente de los aceites esenciales y de los efectos que generaron en m\u00ed, especialmente a nivel emocional y espiritual. Me acompa\u00f1aron en momentos dif\u00edciles de la vida, y eso me impuls\u00f3 a estudiar de forma autodidacta primero, y luego a formarme profesionalmente en esta medicina natural que tanto me apasiona.<\/p>\t\t\t\t\t\t\t\t<\/div>\n\t\t\t\t<\/div>\n\t\t\t\t<div class=\"elementor-element elementor-element-65998d30 sc_height_huge sc_layouts_hide_on_tablet sc_layouts_hide_on_mobile sc_fly_static elementor-widget elementor-widget-spacer\" data-id=\"65998d30\" data-element_type=\"widget\" data-e-type=\"widget\" data-widget_type=\"spacer.default\">\n\t\t\t\t<div class=\"elementor-widget-container\">\n\t\t\t\t\t\t\t<div class=\"elementor-spacer\">\n\t\t\t<div class=\"elementor-spacer-inner\"><\/div>\n\t\t<\/div>\n\t\t\t\t\t\t<\/div>\n\t\t\t\t<\/div>\n\t\t\t\t\t<\/div>\n\t\t<\/div>\n\t\t\t\t\t<\/div>\n\t\t<\/section>\n\t\t\t\t<section class=\"elementor-section elementor-top-section elementor-element elementor-element-8cbe9e1 elementor-section-boxed elementor-section-height-default elementor-section-height-default sc_fly_static\" data-id=\"8cbe9e1\" data-element_type=\"section\" data-e-type=\"section\">\n\t\t\t\t\t\t<div class=\"elementor-container elementor-column-gap-extended\">\n\t\t\t\t\t<div class=\"elementor-column elementor-col-100 elementor-top-column elementor-element elementor-element-aa58bf7 sc_content_align_inherit sc_layouts_column_icons_position_left sc_fly_static\" data-id=\"aa58bf7\" data-element_type=\"column\" data-e-type=\"column\">\n\t\t\t<div class=\"elementor-widget-wrap elementor-element-populated\">\n\t\t\t\t\t\t<section class=\"elementor-section elementor-inner-section elementor-element elementor-element-e36da58 elementor-section-boxed elementor-section-height-default elementor-section-height-default sc_fly_static\" data-id=\"e36da58\" data-element_type=\"section\" data-e-type=\"section\">\n\t\t\t\t\t\t<div class=\"elementor-container elementor-column-gap-extended\">\n\t\t\t\t\t<div class=\"elementor-column elementor-col-100 elementor-inner-column elementor-element elementor-element-b0c9042 sc_content_align_inherit sc_layouts_column_icons_position_left sc_fly_static\" data-id=\"b0c9042\" data-element_type=\"column\" data-e-type=\"column\">\n\t\t\t<div class=\"elementor-widget-wrap elementor-element-populated\">\n\t\t\t\t\t\t<div class=\"elementor-element elementor-element-590b4fe sc_fly_static elementor-widget elementor-widget-text-editor\" data-id=\"590b4fe\" data-element_type=\"widget\" data-e-type=\"widget\" data-widget_type=\"text-editor.default\">\n\t\t\t\t<div class=\"elementor-widget-container\">\n\t\t\t\t\t\t\t\t\t<p data-start=\"136\" data-end=\"352\"><strong data-start=\"136\" data-end=\"199\">Mi prop\u00f3sito es ense\u00f1arte la aromaterapia real y verdadera.<\/strong><br data-start=\"199\" data-end=\"202\" \/>Quiero que puedas experimentar bienestar en tu vida cotidiana y, al mismo tiempo, incorporar herramientas valiosas para potenciar tu emprendimiento o integrar en tu consultorio<\/p><p data-start=\"354\" data-end=\"621\"><strong>Busco formar profesionales en Aromaterapia Integral<\/strong> a trav\u00e9s de una f<strong>ormaci\u00f3n s\u00f3lida y de calidad<\/strong>, mostr\u00e1ndote todas las formas en que esta medicina natural \u2014a base de aceites esenciales y plantas\u2014 puede convertirse en un camino profesional, profundo y transformador.<\/p>\t\t\t\t\t\t\t\t<\/div>\n\t\t\t\t<\/div>\n\t\t\t\t\t<\/div>\n\t\t<\/div>\n\t\t\t\t\t<\/div>\n\t\t<\/section>\n\t\t\t\t<div class=\"elementor-element elementor-element-b8e0cf4 sc_fly_static elementor-widget elementor-widget-spacer\" data-id=\"b8e0cf4\" data-element_type=\"widget\" data-e-type=\"widget\" data-widget_type=\"spacer.default\">\n\t\t\t\t<div class=\"elementor-widget-container\">\n\t\t\t\t\t\t\t<div class=\"elementor-spacer\">\n\t\t\t<div class=\"elementor-spacer-inner\"><\/div>\n\t\t<\/div>\n\t\t\t\t\t\t<\/div>\n\t\t\t\t<\/div>\n\t\t\t\t<div class=\"elementor-element elementor-element-96e5a3d sc_fly_static elementor-widget elementor-widget-image\" data-id=\"96e5a3d\" data-element_type=\"widget\" data-e-type=\"widget\" data-widget_type=\"image.default\">\n\t\t\t\t<div class=\"elementor-widget-container\">\n\t\t\t\t\t\t\t\t\t\t\t\t\t\t\t<img decoding=\"async\" src=\"https:\/\/aromaterapiaflorar.com.ar\/wp-content\/uploads\/elementor\/thumbs\/florar-canastito-1-rjospnk3nb7ryce63m99qebne2nsttcpyw3y1j946g.webp\" title=\"florar-canastito-1\" alt=\"florar-canastito-1\" loading=\"lazy\" \/>\t\t\t\t\t\t\t\t\t\t\t\t\t\t\t<\/div>\n\t\t\t\t<\/div>\n\t\t\t\t<div class=\"elementor-element elementor-element-357fe5c sc_fly_static elementor-widget elementor-widget-spacer\" data-id=\"357fe5c\" data-element_type=\"widget\" data-e-type=\"widget\" data-widget_type=\"spacer.default\">\n\t\t\t\t<div class=\"elementor-widget-container\">\n\t\t\t\t\t\t\t<div class=\"elementor-spacer\">\n\t\t\t<div class=\"elementor-spacer-inner\"><\/div>\n\t\t<\/div>\n\t\t\t\t\t\t<\/div>\n\t\t\t\t<\/div>\n\t\t\t\t<div class=\"elementor-element elementor-element-bd09417 sc_fly_static elementor-widget elementor-widget-image\" data-id=\"bd09417\" data-element_type=\"widget\" data-e-type=\"widget\" data-widget_type=\"image.default\">\n\t\t\t\t<div class=\"elementor-widget-container\">\n\t\t\t\t\t\t\t\t\t\t\t\t\t\t\t<img decoding=\"async\" width=\"1536\" height=\"354\" src=\"https:\/\/aromaterapiaflorar.com.ar\/wp-content\/uploads\/2021\/10\/puente-1536x354.jpg\" class=\"attachment-1536x1536 size-1536x1536 wp-image-1715\" alt=\"Los aceites esenciales son un puente a la sanaci\u00f3n del alma\" srcset=\"https:\/\/aromaterapiaflorar.com.ar\/wp-content\/uploads\/2021\/10\/puente-1536x354.jpg 1536w, https:\/\/aromaterapiaflorar.com.ar\/wp-content\/uploads\/2021\/10\/puente-600x138.jpg 600w, https:\/\/aromaterapiaflorar.com.ar\/wp-content\/uploads\/2021\/10\/puente-300x69.jpg 300w, https:\/\/aromaterapiaflorar.com.ar\/wp-content\/uploads\/2021\/10\/puente-1024x236.jpg 1024w, https:\/\/aromaterapiaflorar.com.ar\/wp-content\/uploads\/2021\/10\/puente-768x177.jpg 768w, https:\/\/aromaterapiaflorar.com.ar\/wp-content\/uploads\/2021\/10\/puente-2048x472.jpg 2048w\" sizes=\"(max-width: 1536px) 100vw, 1536px\" \/>\t\t\t\t\t\t\t\t\t\t\t\t\t\t\t<\/div>\n\t\t\t\t<\/div>\n\t\t\t\t<div class=\"elementor-element elementor-element-32a7f38 sc_fly_static elementor-widget elementor-widget-spacer\" data-id=\"32a7f38\" data-element_type=\"widget\" data-e-type=\"widget\" data-widget_type=\"spacer.default\">\n\t\t\t\t<div class=\"elementor-widget-container\">\n\t\t\t\t\t\t\t<div class=\"elementor-spacer\">\n\t\t\t<div class=\"elementor-spacer-inner\"><\/div>\n\t\t<\/div>\n\t\t\t\t\t\t<\/div>\n\t\t\t\t<\/div>\n\t\t\t\t<div class=\"elementor-element elementor-element-38c9a8d sc_fly_static elementor-widget elementor-widget-trx_sc_title\" data-id=\"38c9a8d\" data-element_type=\"widget\" data-e-type=\"widget\" data-widget_type=\"trx_sc_title.default\">\n\t\t\t\t<div class=\"elementor-widget-container\">\n\t\t\t\t\t<div\t\tclass=\"sc_title sc_title_default\" ><h2 class=\"sc_item_title sc_title_title sc_align_center sc_item_title_style_default sc_item_title_tag\"\n\t\t\t><span class=\"sc_item_title_text\">Sobre mis estudios y formaciones<\/span><\/h2><\/div>\t\t\t\t<\/div>\n\t\t\t\t<\/div>\n\t\t\t\t<div class=\"elementor-element elementor-element-3a06fd5 sc_fly_static elementor-widget elementor-widget-spacer\" data-id=\"3a06fd5\" data-element_type=\"widget\" data-e-type=\"widget\" data-widget_type=\"spacer.default\">\n\t\t\t\t<div class=\"elementor-widget-container\">\n\t\t\t\t\t\t\t<div class=\"elementor-spacer\">\n\t\t\t<div class=\"elementor-spacer-inner\"><\/div>\n\t\t<\/div>\n\t\t\t\t\t\t<\/div>\n\t\t\t\t<\/div>\n\t\t\t\t<div class=\"elementor-element elementor-element-314316f sc_fly_static elementor-widget elementor-widget-text-editor\" data-id=\"314316f\" data-element_type=\"widget\" data-e-type=\"widget\" data-widget_type=\"text-editor.default\">\n\t\t\t\t<div class=\"elementor-widget-container\">\n\t\t\t\t\t\t\t\t\t<p>Soy\u00a0<strong>Dise\u00f1adora en Comunicaci\u00f3n Visual<\/strong> UNLP.<\/p><p>Mi b\u00fasqueda espiritual comenz\u00f3 en el 2011, con varias herramientas de la nueva era (me dedique 6 a\u00f1os a formar alumnos, terapeutas y maestros,\u00a0 en la actualidad ya no ejerzo m\u00e1s, no comparto mas esas formas,\u00a0 solo me dedico plenamente a la Aromaterapia)<\/p><p>Soy Terapeuta vibracional en el sistema de <strong>Flores de Bach<\/strong>.<\/p><p>En el 2021 me recibo, despues de un largo camino de estudio recorrido, con la Titulaci\u00f3n <strong>&#8220;Master en Aromatologia y Aromaterapia Integrada del Instituto E.S.B. de Enrique Sanz Bascu\u00f1ana&#8221;<\/strong><\/p>\t\t\t\t\t\t\t\t<\/div>\n\t\t\t\t<\/div>\n\t\t\t\t<div class=\"elementor-element elementor-element-39e2115 sc_fly_static elementor-widget elementor-widget-spacer\" data-id=\"39e2115\" data-element_type=\"widget\" data-e-type=\"widget\" data-widget_type=\"spacer.default\">\n\t\t\t\t<div class=\"elementor-widget-container\">\n\t\t\t\t\t\t\t<div class=\"elementor-spacer\">\n\t\t\t<div class=\"elementor-spacer-inner\"><\/div>\n\t\t<\/div>\n\t\t\t\t\t\t<\/div>\n\t\t\t\t<\/div>\n\t\t\t\t<div class=\"elementor-element elementor-element-e54a284 sc_fly_static elementor-widget elementor-widget-image\" data-id=\"e54a284\" data-element_type=\"widget\" data-e-type=\"widget\" data-widget_type=\"image.default\">\n\t\t\t\t<div class=\"elementor-widget-container\">\n\t\t\t\t\t\t\t\t\t\t\t\t\t\t\t<img decoding=\"async\" width=\"1536\" height=\"458\" src=\"https:\/\/aromaterapiaflorar.com.ar\/wp-content\/uploads\/2021\/10\/los-aceites-esencail-1-1536x458.jpg\" class=\"attachment-1536x1536 size-1536x1536 wp-image-1714\" alt=\"Los aceites esenciales son compa\u00f1eros de caminos, son herramientas de la madre naturaleza que nuestra alma encuentra para abrirnos al camino de nuestra propia sanaci\u00f3n\" srcset=\"https:\/\/aromaterapiaflorar.com.ar\/wp-content\/uploads\/2021\/10\/los-aceites-esencail-1-1536x458.jpg 1536w, https:\/\/aromaterapiaflorar.com.ar\/wp-content\/uploads\/2021\/10\/los-aceites-esencail-1-600x179.jpg 600w, https:\/\/aromaterapiaflorar.com.ar\/wp-content\/uploads\/2021\/10\/los-aceites-esencail-1-300x90.jpg 300w, https:\/\/aromaterapiaflorar.com.ar\/wp-content\/uploads\/2021\/10\/los-aceites-esencail-1-1024x306.jpg 1024w, https:\/\/aromaterapiaflorar.com.ar\/wp-content\/uploads\/2021\/10\/los-aceites-esencail-1-768x229.jpg 768w, https:\/\/aromaterapiaflorar.com.ar\/wp-content\/uploads\/2021\/10\/los-aceites-esencail-1-2048x611.jpg 2048w\" sizes=\"(max-width: 1536px) 100vw, 1536px\" \/>\t\t\t\t\t\t\t\t\t\t\t\t\t\t\t<\/div>\n\t\t\t\t<\/div>\n\t\t\t\t<div class=\"elementor-element elementor-element-f4d9821 sc_fly_static elementor-widget elementor-widget-spacer\" data-id=\"f4d9821\" data-element_type=\"widget\" data-e-type=\"widget\" data-widget_type=\"spacer.default\">\n\t\t\t\t<div class=\"elementor-widget-container\">\n\t\t\t\t\t\t\t<div class=\"elementor-spacer\">\n\t\t\t<div class=\"elementor-spacer-inner\"><\/div>\n\t\t<\/div>\n\t\t\t\t\t\t<\/div>\n\t\t\t\t<\/div>\n\t\t\t\t<div class=\"elementor-element elementor-element-2e2bddf sc_fly_static elementor-widget elementor-widget-text-editor\" data-id=\"2e2bddf\" data-element_type=\"widget\" data-e-type=\"widget\" data-widget_type=\"text-editor.default\">\n\t\t\t\t<div class=\"elementor-widget-container\">\n\t\t\t\t\t\t\t\t\t<p>La\u00a0<strong>Aromaterapia,<\/strong>\u00a0una herramienta muy poderosa y al mismo tiempo simple, que nos lleva a lugares personales e intransferibles, un\u00a0<strong>estilo de vida<\/strong>\u00a0que lleva al Ser a encontrarse\u00a0<strong>con el amor y la armon\u00eda de la vida<\/strong>, de estar en continuo contacto con la naturaleza, que es nuestra\u00a0<strong>fuente de equilibrio y salud.<\/strong><\/p>\t\t\t\t\t\t\t\t<\/div>\n\t\t\t\t<\/div>\n\t\t\t\t<div class=\"elementor-element elementor-element-a29ae7d sc_fly_static elementor-widget elementor-widget-spacer\" data-id=\"a29ae7d\" data-element_type=\"widget\" data-e-type=\"widget\" data-widget_type=\"spacer.default\">\n\t\t\t\t<div class=\"elementor-widget-container\">\n\t\t\t\t\t\t\t<div class=\"elementor-spacer\">\n\t\t\t<div class=\"elementor-spacer-inner\"><\/div>\n\t\t<\/div>\n\t\t\t\t\t\t<\/div>\n\t\t\t\t<\/div>\n\t\t\t\t<div class=\"elementor-element elementor-element-532dd13 sc_gradient_animation_none sc_fly_static elementor-widget elementor-widget-text-editor\" data-id=\"532dd13\" data-element_type=\"widget\" data-e-type=\"widget\" data-widget_type=\"text-editor.default\">\n\t\t\t\t<div class=\"elementor-widget-container\">\n\t\t\t\t\t\t\t\t\t<p><i>Uno de los tesoros mas grandes que para mi posee la aromaterapia, es tratar al ser humano como \u00fanico, individual e integral.<\/i><\/p>\t\t\t\t\t\t\t\t<\/div>\n\t\t\t\t<\/div>\n\t\t\t\t<div class=\"elementor-element elementor-element-3b21fa6 sc_fly_static elementor-widget elementor-widget-spacer\" data-id=\"3b21fa6\" data-element_type=\"widget\" data-e-type=\"widget\" data-widget_type=\"spacer.default\">\n\t\t\t\t<div class=\"elementor-widget-container\">\n\t\t\t\t\t\t\t<div class=\"elementor-spacer\">\n\t\t\t<div class=\"elementor-spacer-inner\"><\/div>\n\t\t<\/div>\n\t\t\t\t\t\t<\/div>\n\t\t\t\t<\/div>\n\t\t\t\t<div class=\"elementor-element elementor-element-053b14f sc_fly_static elementor-widget elementor-widget-image\" data-id=\"053b14f\" data-element_type=\"widget\" data-e-type=\"widget\" data-widget_type=\"image.default\">\n\t\t\t\t<div class=\"elementor-widget-container\">\n\t\t\t\t\t\t\t\t\t\t\t\t\t\t\t<img decoding=\"async\" src=\"https:\/\/aromaterapiaflorar.com.ar\/wp-content\/uploads\/elementor\/thumbs\/florar-hojita-rjosqmc4wyag0voolvzpt0zdf9d0ym1gkmyt7vb068.webp\" title=\"florar-hojita\" alt=\"florar-hojita\" loading=\"lazy\" \/>\t\t\t\t\t\t\t\t\t\t\t\t\t\t\t<\/div>\n\t\t\t\t<\/div>\n\t\t\t\t<div class=\"elementor-element elementor-element-07b314a sc_fly_static elementor-widget elementor-widget-text-editor\" data-id=\"07b314a\" data-element_type=\"widget\" data-e-type=\"widget\" data-widget_type=\"text-editor.default\">\n\t\t\t\t<div class=\"elementor-widget-container\">\n\t\t\t\t\t\t\t\t\t<p style=\"text-align: center;\"><a href=\"https:\/\/aromaterapiaflorar.com.ar\/en\/acerca-de-mi-mas-personal\/\">Un poquito de mi historia un poco mas personal\u00a0<\/a><\/p>\t\t\t\t\t\t\t\t<\/div>\n\t\t\t\t<\/div>\n\t\t\t\t<div class=\"elementor-element elementor-element-722a48a sc_fly_static elementor-widget elementor-widget-spacer\" data-id=\"722a48a\" data-element_type=\"widget\" data-e-type=\"widget\" data-widget_type=\"spacer.default\">\n\t\t\t\t<div class=\"elementor-widget-container\">\n\t\t\t\t\t\t\t<div class=\"elementor-spacer\">\n\t\t\t<div class=\"elementor-spacer-inner\"><\/div>\n\t\t<\/div>\n\t\t\t\t\t\t<\/div>\n\t\t\t\t<\/div>\n\t\t\t\t<div class=\"elementor-element elementor-element-e97cd97 sc_fly_static elementor-widget elementor-widget-text-editor\" data-id=\"e97cd97\" data-element_type=\"widget\" data-e-type=\"widget\" data-widget_type=\"text-editor.default\">\n\t\t\t\t<div class=\"elementor-widget-container\">\n\t\t\t\t\t\t\t\t\t<h5 style=\"color: #7a7a7a; text-align: center;\"><em>Te dejo un abrazo c\u00e1lido\u00a0<\/em><\/h5><h5 style=\"color: #7a7a7a; text-align: center;\"><em>y colmado de aromas\u00a0<\/em><\/h5><h5 style=\"color: #7a7a7a; text-align: center;\"><em>de la naturaleza.<\/em><\/h5>\t\t\t\t\t\t\t\t<\/div>\n\t\t\t\t<\/div>\n\t\t\t\t<div class=\"elementor-element elementor-element-783bcff sc_fly_static elementor-widget elementor-widget-trx_sc_title\" data-id=\"783bcff\" data-element_type=\"widget\" data-e-type=\"widget\" data-widget_type=\"trx_sc_title.default\">\n\t\t\t\t<div class=\"elementor-widget-container\">\n\t\t\t\t\t<div\t\tclass=\"sc_title sc_title_default\" ><h4 class=\"sc_item_title sc_title_title sc_align_center sc_item_title_style_default sc_item_title_tag\"\n\t\t\t><span class=\"sc_item_title_text\">Andre<\/span><\/h4><\/div>\t\t\t\t<\/div>\n\t\t\t\t<\/div>\n\t\t\t\t<div class=\"elementor-element elementor-element-3f08142 sc_fly_static elementor-widget elementor-widget-spacer\" data-id=\"3f08142\" data-element_type=\"widget\" data-e-type=\"widget\" data-widget_type=\"spacer.default\">\n\t\t\t\t<div class=\"elementor-widget-container\">\n\t\t\t\t\t\t\t<div class=\"elementor-spacer\">\n\t\t\t<div class=\"elementor-spacer-inner\"><\/div>\n\t\t<\/div>\n\t\t\t\t\t\t<\/div>\n\t\t\t\t<\/div>\n\t\t\t\t<div class=\"elementor-element elementor-element-026a2d1 elementor-widget-divider--view-line sc_fly_static elementor-widget elementor-widget-divider\" data-id=\"026a2d1\" data-element_type=\"widget\" data-e-type=\"widget\" data-widget_type=\"divider.default\">\n\t\t\t\t<div class=\"elementor-widget-container\">\n\t\t\t\t\t\t\t<div class=\"elementor-divider\">\n\t\t\t<span class=\"elementor-divider-separator\">\n\t\t\t\t\t\t<\/span>\n\t\t<\/div>\n\t\t\t\t\t\t<\/div>\n\t\t\t\t<\/div>\n\t\t\t\t\t<\/div>\n\t\t<\/div>\n\t\t\t\t\t<\/div>\n\t\t<\/section>\n\t\t\t\t<\/div>","protected":false},"excerpt":{"rendered":"<p>Te invito a conocerme Acerca de m\u00ed Hola, soy Andrea Ramos. Aromatologa, &#8220;Profesional en Aromaterapia&hellip;<\/p>","protected":false},"author":2,"featured_media":0,"parent":0,"menu_order":0,"comment_status":"closed","ping_status":"closed","template":"","meta":{"_joinchat":[],"footnotes":""},"class_list":["post-22","page","type-page","status-publish","hentry"],"_links":{"self":[{"href":"https:\/\/aromaterapiaflorar.com.ar\/en\/wp-json\/wp\/v2\/pages\/22","targetHints":{"allow":["GET"]}}],"collection":[{"href":"https:\/\/aromaterapiaflorar.com.ar\/en\/wp-json\/wp\/v2\/pages"}],"about":[{"href":"https:\/\/aromaterapiaflorar.com.ar\/en\/wp-json\/wp\/v2\/types\/page"}],"author":[{"embeddable":true,"href":"https:\/\/aromaterapiaflorar.com.ar\/en\/wp-json\/wp\/v2\/users\/2"}],"replies":[{"embeddable":true,"href":"https:\/\/aromaterapiaflorar.com.ar\/en\/wp-json\/wp\/v2\/comments?post=22"}],"version-history":[{"count":155,"href":"https:\/\/aromaterapiaflorar.com.ar\/en\/wp-json\/wp\/v2\/pages\/22\/revisions"}],"predecessor-version":[{"id":11346,"href":"https:\/\/aromaterapiaflorar.com.ar\/en\/wp-json\/wp\/v2\/pages\/22\/revisions\/11346"}],"wp:attachment":[{"href":"https:\/\/aromaterapiaflorar.com.ar\/en\/wp-json\/wp\/v2\/media?parent=22"}],"curies":[{"name":"wp","href":"https:\/\/api.w.org\/{rel}","templated":true}]}}