{"id":4649,"date":"2023-08-08T19:22:32","date_gmt":"2023-08-08T22:22:32","guid":{"rendered":"https:\/\/aromaterapiaflorar.com.ar\/?page_id=4649"},"modified":"2026-02-25T23:29:44","modified_gmt":"2026-02-26T02:29:44","slug":"acerca-de-mi-mas-personal","status":"publish","type":"page","link":"https:\/\/aromaterapiaflorar.com.ar\/en\/acerca-de-mi-mas-personal\/","title":{"rendered":"Acerca de mi un poco mas personal &#8211; una historia de vida"},"content":{"rendered":"<div data-elementor-type=\"wp-page\" data-elementor-id=\"4649\" class=\"elementor elementor-4649\">\n\t\t\t\t\t\t<section class=\"elementor-section elementor-top-section elementor-element elementor-element-41228423 elementor-section-boxed elementor-section-height-default elementor-section-height-default sc_fly_static\" data-id=\"41228423\" data-element_type=\"section\" data-e-type=\"section\">\n\t\t\t\t\t\t<div class=\"elementor-container elementor-column-gap-extended\">\n\t\t\t\t\t<div class=\"elementor-column elementor-col-50 elementor-top-column elementor-element elementor-element-6b2140d7 sc_content_align_inherit sc_layouts_column_icons_position_left sc_fly_static\" data-id=\"6b2140d7\" data-element_type=\"column\" data-e-type=\"column\">\n\t\t\t<div class=\"elementor-widget-wrap elementor-element-populated\">\n\t\t\t\t\t\t<section class=\"elementor-section elementor-inner-section elementor-element elementor-element-71f022 elementor-section-boxed elementor-section-height-default elementor-section-height-default sc_fly_static\" data-id=\"71f022\" data-element_type=\"section\" data-e-type=\"section\">\n\t\t\t\t\t\t<div class=\"elementor-container elementor-column-gap-no\">\n\t\t\t\t\t<div class=\"elementor-column elementor-col-100 elementor-inner-column elementor-element elementor-element-4dc2d408 sc_content_align_inherit sc_layouts_column_icons_position_left sc_fly_static\" data-id=\"4dc2d408\" data-element_type=\"column\" data-e-type=\"column\">\n\t\t\t<div class=\"elementor-widget-wrap elementor-element-populated\">\n\t\t\t\t\t\t<div class=\"elementor-element elementor-element-4313ba49 no-title sc_fly_static elementor-widget elementor-widget-image\" data-id=\"4313ba49\" data-element_type=\"widget\" data-e-type=\"widget\" data-widget_type=\"image.default\">\n\t\t\t\t<div class=\"elementor-widget-container\">\n\t\t\t\t\t\t\t\t\t\t\t\t\t\t\t<img fetchpriority=\"high\" decoding=\"async\" width=\"1080\" height=\"1080\" src=\"https:\/\/aromaterapiaflorar.com.ar\/wp-content\/uploads\/2023\/08\/9.png\" class=\"attachment-full size-full wp-image-4658\" alt=\"\" srcset=\"https:\/\/aromaterapiaflorar.com.ar\/wp-content\/uploads\/2023\/08\/9.png 1080w, https:\/\/aromaterapiaflorar.com.ar\/wp-content\/uploads\/2023\/08\/9-300x300.png 300w, https:\/\/aromaterapiaflorar.com.ar\/wp-content\/uploads\/2023\/08\/9-150x150.png 150w, https:\/\/aromaterapiaflorar.com.ar\/wp-content\/uploads\/2023\/08\/9-600x600.png 600w, https:\/\/aromaterapiaflorar.com.ar\/wp-content\/uploads\/2023\/08\/9-1024x1024.png 1024w, https:\/\/aromaterapiaflorar.com.ar\/wp-content\/uploads\/2023\/08\/9-768x768.png 768w, https:\/\/aromaterapiaflorar.com.ar\/wp-content\/uploads\/2023\/08\/9-100x100.png 100w\" sizes=\"(max-width: 1080px) 100vw, 1080px\" \/>\t\t\t\t\t\t\t\t\t\t\t\t\t\t\t<\/div>\n\t\t\t\t<\/div>\n\t\t\t\t<div class=\"elementor-element elementor-element-5f474ac8 elementor-widget__width-initial elementor-absolute elementor-widget-mobile__width-initial sc_fly_static elementor-widget elementor-widget-image\" data-id=\"5f474ac8\" data-element_type=\"widget\" data-e-type=\"widget\" data-settings=\"{&quot;_position&quot;:&quot;absolute&quot;}\" data-widget_type=\"image.default\">\n\t\t\t\t<div class=\"elementor-widget-container\">\n\t\t\t\t\t\t\t\t\t\t\t\t\t\t\t<img decoding=\"async\" width=\"420\" height=\"540\" src=\"https:\/\/aromaterapiaflorar.com.ar\/wp-content\/uploads\/2026\/02\/florar-flor.webp\" class=\"attachment-full size-full wp-image-10942\" alt=\"\" srcset=\"https:\/\/aromaterapiaflorar.com.ar\/wp-content\/uploads\/2026\/02\/florar-flor.webp 420w, https:\/\/aromaterapiaflorar.com.ar\/wp-content\/uploads\/2026\/02\/florar-flor-233x300.webp 233w, https:\/\/aromaterapiaflorar.com.ar\/wp-content\/uploads\/2026\/02\/florar-flor-370x476.webp 370w, https:\/\/aromaterapiaflorar.com.ar\/wp-content\/uploads\/2026\/02\/florar-flor-410x527.webp 410w, https:\/\/aromaterapiaflorar.com.ar\/wp-content\/uploads\/2026\/02\/elementor\/thumbs\/florar-flor-rjov1fw73fo11n48fankcu6hquzqb415jwurov5ptw.webp 70w\" sizes=\"(max-width: 600px) 100vw, 420px\" \/>\t\t\t\t\t\t\t\t\t\t\t\t\t\t\t<\/div>\n\t\t\t\t<\/div>\n\t\t\t\t\t<\/div>\n\t\t<\/div>\n\t\t\t\t\t<\/div>\n\t\t<\/section>\n\t\t\t\t\t<\/div>\n\t\t<\/div>\n\t\t\t\t<div class=\"elementor-column elementor-col-50 elementor-top-column elementor-element elementor-element-79d503cc sc_content_align_inherit sc_layouts_column_icons_position_left sc_fly_static\" data-id=\"79d503cc\" data-element_type=\"column\" data-e-type=\"column\">\n\t\t\t<div class=\"elementor-widget-wrap elementor-element-populated\">\n\t\t\t\t\t\t<div class=\"elementor-element elementor-element-c14de3d sc_fly_static elementor-widget elementor-widget-trx_sc_title\" data-id=\"c14de3d\" data-element_type=\"widget\" data-e-type=\"widget\" data-widget_type=\"trx_sc_title.default\">\n\t\t\t\t<div class=\"elementor-widget-container\">\n\t\t\t\t\t<div\t\tclass=\"sc_title sc_title_default\" ><h2 class=\"sc_item_title sc_title_title sc_item_title_style_default sc_item_title_tag\"\n\t\t\t><span class=\"sc_item_title_text\">\ud83c\udf3f Sobre m\u00ed<\/span><\/h2><\/div>\t\t\t\t<\/div>\n\t\t\t\t<\/div>\n\t\t\t\t<div class=\"elementor-element elementor-element-5003d56c sc_height_tiny sc_fly_static elementor-widget elementor-widget-spacer\" data-id=\"5003d56c\" data-element_type=\"widget\" data-e-type=\"widget\" data-widget_type=\"spacer.default\">\n\t\t\t\t<div class=\"elementor-widget-container\">\n\t\t\t\t\t\t\t<div class=\"elementor-spacer\">\n\t\t\t<div class=\"elementor-spacer-inner\"><\/div>\n\t\t<\/div>\n\t\t\t\t\t\t<\/div>\n\t\t\t\t<\/div>\n\t\t\t\t<div class=\"elementor-element elementor-element-9bf5fc0 sc_fly_static elementor-widget elementor-widget-text-editor\" data-id=\"9bf5fc0\" data-element_type=\"widget\" data-e-type=\"widget\" data-widget_type=\"text-editor.default\">\n\t\t\t\t<div class=\"elementor-widget-container\">\n\t\t\t\t\t\t\t\t\t<p><strong>Soy Andre,<\/strong> una mujer sensible como un cristal, pero con la fuerza de un le\u00f3n.<\/p><p>Mi camino no fue f\u00e1cil. Cargu\u00e9 con heridas profundas, p\u00e9rdidas, incendios emocionales y f\u00edsicos, y duelos que me atravesaron hasta la m\u00e9dula. Pero tambi\u00e9n viv\u00ed enormes despertares, aprendizajes y transformaciones. Hoy, elijo disfrutar. A pesar de todo, <strong>elijo sonre\u00edr.<\/strong><\/p><p>Nac\u00ed en La Plata, provincia de Buenos Aires. Fui a una escuela p\u00fablica, so\u00f1\u00e9 con ser veterinaria, y termin\u00e9 enamor\u00e1ndome de las plantas en una escuela agrot\u00e9cnica. M\u00e1s adelante, estudi\u00e9 Dise\u00f1o en Comunicaci\u00f3n Visual en Bellas Artes. Me recib\u00ed despu\u00e9s de diez a\u00f1os mientras trabajaba, emprend\u00eda y buscaba mi lugar en el mundo.<\/p><p>En 2011, atraves\u00e9 una gran crisis que me empuj\u00f3 a iniciar un profundo camino espiritual. Conoc\u00ed, practiqu\u00e9 y compart\u00ed m\u00faltiples terapias hol\u00edsticas, acompa\u00f1ando a muchas personas en sus propios procesos de b\u00fasqueda.<\/p><p>Y entonces lleg\u00f3 <strong>la Aromaterapia,<\/strong> en 2012. Desde el primer aroma supe que eso era lo m\u00edo. Lo que me conecta, me equilibra, me nutre y me sana. Y hoy es tambi\u00e9n lo que comparto con otras almas en camino.<\/p><p>Perd\u00ed a mi mam\u00e1 en 2014 y a mi pap\u00e1 en 2019. Dos duelos que me ense\u00f1aron sobre el amor, el perd\u00f3n, la entrega y el verdadero significado de sanar. Tambi\u00e9n viv\u00ed un incendio que me dej\u00f3 sin espacio f\u00edsico pero me dio claridad para reconstruirme desde adentro.<\/p><p>La vida me mostr\u00f3 extremos: luz y sombra, vida y muerte, caos y orden.<br \/>Y aprend\u00ed que la fuerza para seguir <strong>viene de un lugar muy profundo y elevado<\/strong>. Algo que no se ve, ni se toca, pero que nos sostiene cuando creemos que ya no podemos m\u00e1s.<\/p><p>Hoy no elijo los extremos. Elijo la armon\u00eda.<br \/>Elijo crear, acompa\u00f1ar y ense\u00f1ar desde lo vivido.<br \/><strong>Elijo los aromas. Elijo vivir en coherencia.<\/strong><\/p><p>Soy una mujer honesta, intensa, sensible y apasionada. Con el Sol en Acuario, la Luna en Virgo y el Ascendente en Leo. Y con un prop\u00f3sito cada vez m\u00e1s claro: compartir lo que me transform\u00f3, y acompa\u00f1ar a otras personas a reconectar con su fuerza interior.<\/p><p><strong>Gracias por estar ac\u00e1. Bienvenidx a este espacio que tambi\u00e9n es tuyo.<\/strong><\/p><p>Con amor,<br \/><strong>Andre<\/strong><\/p>\t\t\t\t\t\t\t\t<\/div>\n\t\t\t\t<\/div>\n\t\t\t\t<div class=\"elementor-element elementor-element-3abe1c5e sc_height_small sc_fly_static elementor-widget elementor-widget-spacer\" data-id=\"3abe1c5e\" data-element_type=\"widget\" data-e-type=\"widget\" data-widget_type=\"spacer.default\">\n\t\t\t\t<div class=\"elementor-widget-container\">\n\t\t\t\t\t\t\t<div class=\"elementor-spacer\">\n\t\t\t<div class=\"elementor-spacer-inner\"><\/div>\n\t\t<\/div>\n\t\t\t\t\t\t<\/div>\n\t\t\t\t<\/div>\n\t\t\t\t<div class=\"elementor-element elementor-element-24fd35d7 no-title sc_fly_static elementor-widget elementor-widget-image\" data-id=\"24fd35d7\" data-element_type=\"widget\" data-e-type=\"widget\" data-widget_type=\"image.default\">\n\t\t\t\t<div class=\"elementor-widget-container\">\n\t\t\t\t\t\t\t\t\t\t\t\t\t\t\t<img decoding=\"async\" width=\"1080\" height=\"1080\" src=\"https:\/\/aromaterapiaflorar.com.ar\/wp-content\/uploads\/2023\/08\/1.png\" class=\"attachment-full size-full wp-image-4659\" alt=\"\" srcset=\"https:\/\/aromaterapiaflorar.com.ar\/wp-content\/uploads\/2023\/08\/1.png 1080w, https:\/\/aromaterapiaflorar.com.ar\/wp-content\/uploads\/2023\/08\/1-300x300.png 300w, https:\/\/aromaterapiaflorar.com.ar\/wp-content\/uploads\/2023\/08\/1-150x150.png 150w, https:\/\/aromaterapiaflorar.com.ar\/wp-content\/uploads\/2023\/08\/1-600x600.png 600w, https:\/\/aromaterapiaflorar.com.ar\/wp-content\/uploads\/2023\/08\/1-1024x1024.png 1024w, https:\/\/aromaterapiaflorar.com.ar\/wp-content\/uploads\/2023\/08\/1-768x768.png 768w, https:\/\/aromaterapiaflorar.com.ar\/wp-content\/uploads\/2023\/08\/1-100x100.png 100w\" sizes=\"(max-width: 1080px) 100vw, 1080px\" \/>\t\t\t\t\t\t\t\t\t\t\t\t\t\t\t<\/div>\n\t\t\t\t<\/div>\n\t\t\t\t\t<\/div>\n\t\t<\/div>\n\t\t\t\t\t<\/div>\n\t\t<\/section>\n\t\t\t\t<section class=\"elementor-section elementor-top-section elementor-element elementor-element-11f77ba elementor-section-boxed elementor-section-height-default elementor-section-height-default sc_fly_static\" data-id=\"11f77ba\" data-element_type=\"section\" data-e-type=\"section\">\n\t\t\t\t\t\t<div class=\"elementor-container elementor-column-gap-extended\">\n\t\t\t\t\t<div class=\"elementor-column elementor-col-100 elementor-top-column elementor-element elementor-element-49d0efa sc_content_align_inherit sc_layouts_column_icons_position_left sc_fly_static\" data-id=\"49d0efa\" data-element_type=\"column\" data-e-type=\"column\">\n\t\t\t<div class=\"elementor-widget-wrap elementor-element-populated\">\n\t\t\t\t\t\t<section class=\"elementor-section elementor-inner-section elementor-element elementor-element-2b63f8e elementor-section-boxed elementor-section-height-default elementor-section-height-default sc_fly_static\" data-id=\"2b63f8e\" data-element_type=\"section\" data-e-type=\"section\">\n\t\t\t\t\t\t<div class=\"elementor-container elementor-column-gap-extended\">\n\t\t\t\t\t<div class=\"elementor-column elementor-col-100 elementor-inner-column elementor-element elementor-element-e37eb30 sc_content_align_inherit sc_layouts_column_icons_position_left sc_fly_static\" data-id=\"e37eb30\" data-element_type=\"column\" data-e-type=\"column\">\n\t\t\t<div class=\"elementor-widget-wrap elementor-element-populated\">\n\t\t\t\t\t\t<div class=\"elementor-element elementor-element-eefc410 sc_fly_static elementor-widget elementor-widget-spacer\" data-id=\"eefc410\" data-element_type=\"widget\" data-e-type=\"widget\" data-widget_type=\"spacer.default\">\n\t\t\t\t<div class=\"elementor-widget-container\">\n\t\t\t\t\t\t\t<div class=\"elementor-spacer\">\n\t\t\t<div class=\"elementor-spacer-inner\"><\/div>\n\t\t<\/div>\n\t\t\t\t\t\t<\/div>\n\t\t\t\t<\/div>\n\t\t\t\t<div class=\"elementor-element elementor-element-1a30a92 sc_fly_static elementor-widget elementor-widget-image\" data-id=\"1a30a92\" data-element_type=\"widget\" data-e-type=\"widget\" data-widget_type=\"image.default\">\n\t\t\t\t<div class=\"elementor-widget-container\">\n\t\t\t\t\t\t\t\t\t\t\t\t\t\t\t<img loading=\"lazy\" decoding=\"async\" width=\"1024\" height=\"184\" src=\"https:\/\/aromaterapiaflorar.com.ar\/wp-content\/uploads\/2026\/02\/florar-ginco-y-liena-scaled-1-1024x184.webp\" class=\"attachment-large size-large wp-image-10938\" alt=\"\" srcset=\"https:\/\/aromaterapiaflorar.com.ar\/wp-content\/uploads\/2026\/02\/florar-ginco-y-liena-scaled-1-1024x184.webp 1024w, https:\/\/aromaterapiaflorar.com.ar\/wp-content\/uploads\/2026\/02\/florar-ginco-y-liena-scaled-1-300x54.webp 300w, https:\/\/aromaterapiaflorar.com.ar\/wp-content\/uploads\/2026\/02\/florar-ginco-y-liena-scaled-1-768x138.webp 768w, https:\/\/aromaterapiaflorar.com.ar\/wp-content\/uploads\/2026\/02\/florar-ginco-y-liena-scaled-1-1536x275.webp 1536w, https:\/\/aromaterapiaflorar.com.ar\/wp-content\/uploads\/2026\/02\/florar-ginco-y-liena-scaled-1-2048x367.webp 2048w, https:\/\/aromaterapiaflorar.com.ar\/wp-content\/uploads\/2026\/02\/florar-ginco-y-liena-scaled-1-370x66.webp 370w, https:\/\/aromaterapiaflorar.com.ar\/wp-content\/uploads\/2026\/02\/florar-ginco-y-liena-scaled-1-840x151.webp 840w, https:\/\/aromaterapiaflorar.com.ar\/wp-content\/uploads\/2026\/02\/florar-ginco-y-liena-scaled-1-410x74.webp 410w, https:\/\/aromaterapiaflorar.com.ar\/wp-content\/uploads\/2026\/02\/florar-ginco-y-liena-scaled-1-600x108.webp 600w, https:\/\/aromaterapiaflorar.com.ar\/wp-content\/uploads\/2026\/02\/elementor\/thumbs\/florar-ginco-y-liena-scaled-1-rjouw1br1azw8fhhbny8xa7zl4eoszw7xvwt2w5vus.webp 500w\" sizes=\"(max-width: 1024px) 100vw, 1024px\" \/>\t\t\t\t\t\t\t\t\t\t\t\t\t\t\t<\/div>\n\t\t\t\t<\/div>\n\t\t\t\t<div class=\"elementor-element elementor-element-c2211fb sc_fly_static elementor-widget elementor-widget-spacer\" data-id=\"c2211fb\" data-element_type=\"widget\" data-e-type=\"widget\" data-widget_type=\"spacer.default\">\n\t\t\t\t<div class=\"elementor-widget-container\">\n\t\t\t\t\t\t\t<div class=\"elementor-spacer\">\n\t\t\t<div class=\"elementor-spacer-inner\"><\/div>\n\t\t<\/div>\n\t\t\t\t\t\t<\/div>\n\t\t\t\t<\/div>\n\t\t\t\t<div class=\"elementor-element elementor-element-6e49bb6 sc_fly_static elementor-widget elementor-widget-text-editor\" data-id=\"6e49bb6\" data-element_type=\"widget\" data-e-type=\"widget\" data-widget_type=\"text-editor.default\">\n\t\t\t\t<div class=\"elementor-widget-container\">\n\t\t\t\t\t\t\t\t\t<p><strong>La vida nos ayuda a definir-Nos<\/strong><\/p><p><strong>\u00a0<\/strong><\/p><p><strong>En lo que SI creo . . .<\/strong><\/p>\t\t\t\t\t\t\t\t<\/div>\n\t\t\t\t<\/div>\n\t\t\t\t<div class=\"elementor-element elementor-element-7829729 sc_fly_static elementor-widget elementor-widget-text-editor\" data-id=\"7829729\" data-element_type=\"widget\" data-e-type=\"widget\" data-widget_type=\"text-editor.default\">\n\t\t\t\t<div class=\"elementor-widget-container\">\n\t\t\t\t\t\t\t\t\t<p>\u00a0<\/p><p><strong>Creo<\/strong> en la energ\u00eda, en lo no tangible, creo en lo sutil, creo en la percepci\u00f3n, en la intuici\u00f3n, en que la mente crea la realidad, al igual que las creencias inconscientes y conscientes, creo en la biolog\u00eda, creo que nuestros ancestros, sus c\u00e9lulas y memorias viven en nosotros,\u00a0 y muchas veces marcan un recorrido y en otras tenemos que trabajar un poco mas arduo.<\/p><p><strong>Creo<\/strong> en la reencarnaci\u00f3n y\u00a0 en las vidas pasadas, tienen 100% influencia en esta vida, creo en un accionar desde nuestro cuerpo y nuestro andar, moviendo hacia nuestra meta,\u00a0 moviendo para recordar emociones, patrones que nos limitan y disolverlos para poder sanarlos.<\/p><p><strong>Creo<\/strong> en\u00a0 la ciencia, y que en la ciencia est\u00e1n las respuestas de muchas cosas.<\/p><p><strong>Creo<\/strong> en la ciencia unida a la energ\u00eda, creo en esa integridad, una sin la otra caer\u00eda en doctrinas.<\/p><p><strong>Creo<\/strong> que todos tenemos un\u00a0 maestro interno que nos marca el camino a seguir, solo hay que aprender a escucharlo.<\/p><p><strong>Creo<\/strong> en Dios como esa energ\u00eda superior que es mucho mas grande que nosotros, que es el \u00fanico que nos sostiene cuando intentamos develar los misterios que nos suceden a veces en la vida y que solo la F\u00e9, en eso superior\u00a0 que nos mantiene vivos, humanos y nos permite trascender. Creo en los \u00e1ngeles y en el universo que siempre disponible.<\/p><p><strong>Creo<\/strong> que el mundo espiritual es mucho mas complejo de lo que se cree, porque en el mundo espiritual conviven todos los esp\u00edritus, los buenos y malos, y no siempre se sabe diferenciar, y mucho menos manejar ciertas energ\u00edas que desconocemos y muchas veces por desconocimeinto abrimos las puertas a esos seres, que tambi\u00e9n son esp\u00edritus pero no de los buenos.<\/p><p>Tambi\u00e9n <strong>creo<\/strong> en los buenos espiritus, siempre est\u00e1n.<\/p><p><strong>Creo<\/strong> que convivimos todos juntos, solo hay que saber manejarse con precauci\u00f3n, amor y protecci\u00f3n divina de Dios.<\/p><p>Creo en el poder de la persona para transformar su realidad.<\/p><p><strong>Creo<\/strong> en la b\u00fasqueda de momentos placenteros y cosas que nos hacen bien, que le den significado al transitar nuestra vida.<\/p><p><strong>Creo<\/strong> que siempre hay que tener metas y proyectos, que en definitiva es el impulso de vida que todos tenemos y que necesitamos para sentirnos bien.<\/p><p><strong>Creo<\/strong> en algunas terapias hol\u00edsticas, no en todas.<\/p><p><strong>Creo<\/strong> en el poder de la naturaleza para sanar y en el poder del propio cuerpo para recuperar la salud integral.<\/p><p><strong>Creo<\/strong> en el poder de los ae para ayudarnos desde el plano f\u00edsico, mental, emocional y espiritual, es una herramienta poderosa, aunque tambi\u00e9n creo que nuestro propio accionar es la herramienta m\u00e1s poderosa que tenemos.<\/p><p><strong>Creo<\/strong> en que somos seres con infinitas capacidades y herramienta para crear una linda vida que valga la pena vivirla, pero tambi\u00e9n creo en la finitud que tenemos todos al momento de morir y lo vulnerables que somos.<\/p><p><strong>Creo<\/strong> en los hechos y en las sutilezas, creo en los detalles y en la informaci\u00f3n de cada detalle, en ah\u00ed donde se encuentra la llave para la transformaci\u00f3n.<\/p><p><strong>Creo<\/strong> en lo tangible,\u00a0 creo en la materia, y creo en le vac\u00edo de la creaci\u00f3n.<\/p><p>As\u00ed de larga es la vida, como de creencias tenemos.<\/p><p><strong>Lo m\u00e1s valioso es que encuentres aquello que te resuene y te permita vivir una vida con sentido y plenitud como lo intento hacer continuamente.<\/strong><\/p>\t\t\t\t\t\t\t\t<\/div>\n\t\t\t\t<\/div>\n\t\t\t\t\t<\/div>\n\t\t<\/div>\n\t\t\t\t\t<\/div>\n\t\t<\/section>\n\t\t\t\t<div class=\"elementor-element elementor-element-b88c22e sc_fly_static elementor-widget elementor-widget-spacer\" data-id=\"b88c22e\" data-element_type=\"widget\" data-e-type=\"widget\" data-widget_type=\"spacer.default\">\n\t\t\t\t<div class=\"elementor-widget-container\">\n\t\t\t\t\t\t\t<div class=\"elementor-spacer\">\n\t\t\t<div class=\"elementor-spacer-inner\"><\/div>\n\t\t<\/div>\n\t\t\t\t\t\t<\/div>\n\t\t\t\t<\/div>\n\t\t\t\t<div class=\"elementor-element elementor-element-fb23d99 elementor-widget-divider--view-line sc_fly_static elementor-widget elementor-widget-divider\" data-id=\"fb23d99\" data-element_type=\"widget\" data-e-type=\"widget\" data-widget_type=\"divider.default\">\n\t\t\t\t<div class=\"elementor-widget-container\">\n\t\t\t\t\t\t\t<div class=\"elementor-divider\">\n\t\t\t<span class=\"elementor-divider-separator\">\n\t\t\t\t\t\t<\/span>\n\t\t<\/div>\n\t\t\t\t\t\t<\/div>\n\t\t\t\t<\/div>\n\t\t\t\t\t<\/div>\n\t\t<\/div>\n\t\t\t\t\t<\/div>\n\t\t<\/section>\n\t\t\t\t<\/div>","protected":false},"excerpt":{"rendered":"<p>&#x1f33f; Sobre m\u00ed Soy Andre, una mujer sensible como un cristal, pero con la fuerza&hellip;<\/p>","protected":false},"author":2,"featured_media":0,"parent":0,"menu_order":0,"comment_status":"closed","ping_status":"closed","template":"","meta":{"_joinchat":[],"footnotes":""},"class_list":["post-4649","page","type-page","status-publish","hentry"],"_links":{"self":[{"href":"https:\/\/aromaterapiaflorar.com.ar\/en\/wp-json\/wp\/v2\/pages\/4649","targetHints":{"allow":["GET"]}}],"collection":[{"href":"https:\/\/aromaterapiaflorar.com.ar\/en\/wp-json\/wp\/v2\/pages"}],"about":[{"href":"https:\/\/aromaterapiaflorar.com.ar\/en\/wp-json\/wp\/v2\/types\/page"}],"author":[{"embeddable":true,"href":"https:\/\/aromaterapiaflorar.com.ar\/en\/wp-json\/wp\/v2\/users\/2"}],"replies":[{"embeddable":true,"href":"https:\/\/aromaterapiaflorar.com.ar\/en\/wp-json\/wp\/v2\/comments?post=4649"}],"version-history":[{"count":32,"href":"https:\/\/aromaterapiaflorar.com.ar\/en\/wp-json\/wp\/v2\/pages\/4649\/revisions"}],"predecessor-version":[{"id":11056,"href":"https:\/\/aromaterapiaflorar.com.ar\/en\/wp-json\/wp\/v2\/pages\/4649\/revisions\/11056"}],"wp:attachment":[{"href":"https:\/\/aromaterapiaflorar.com.ar\/en\/wp-json\/wp\/v2\/media?parent=4649"}],"curies":[{"name":"wp","href":"https:\/\/api.w.org\/{rel}","templated":true}]}}