{"id":5309,"date":"2023-11-07T15:38:08","date_gmt":"2023-11-07T18:38:08","guid":{"rendered":"https:\/\/aromaterapiaflorar.com.ar\/?page_id=5309"},"modified":"2024-01-09T12:58:42","modified_gmt":"2024-01-09T15:58:42","slug":"claudia-musto-curriculum","status":"publish","type":"page","link":"https:\/\/aromaterapiaflorar.com.ar\/en\/claudia-musto-curriculum\/","title":{"rendered":"Claudia Musto"},"content":{"rendered":"<div data-elementor-type=\"wp-page\" data-elementor-id=\"5309\" class=\"elementor elementor-5309\">\n\t\t\t\t\t\t<section class=\"elementor-section elementor-top-section elementor-element elementor-element-5207fee elementor-section-boxed elementor-section-height-default elementor-section-height-default sc_fly_static\" data-id=\"5207fee\" data-element_type=\"section\" data-e-type=\"section\">\n\t\t\t\t\t\t<div class=\"elementor-container elementor-column-gap-extended\">\n\t\t\t\t\t<div class=\"elementor-column elementor-col-100 elementor-top-column elementor-element elementor-element-1946bb5 sc_content_align_inherit sc_layouts_column_icons_position_left sc_fly_static\" data-id=\"1946bb5\" data-element_type=\"column\" data-e-type=\"column\">\n\t\t\t<div class=\"elementor-widget-wrap elementor-element-populated\">\n\t\t\t\t\t\t<section class=\"elementor-section elementor-inner-section elementor-element elementor-element-5c51e1c elementor-section-boxed elementor-section-height-default elementor-section-height-default sc_fly_static\" data-id=\"5c51e1c\" data-element_type=\"section\" data-e-type=\"section\">\n\t\t\t\t\t\t<div class=\"elementor-container elementor-column-gap-extended\">\n\t\t\t\t\t<div class=\"elementor-column elementor-col-50 elementor-inner-column elementor-element elementor-element-b24c36e sc_content_align_inherit sc_layouts_column_icons_position_left sc_fly_static\" data-id=\"b24c36e\" data-element_type=\"column\" data-e-type=\"column\">\n\t\t\t<div class=\"elementor-widget-wrap elementor-element-populated\">\n\t\t\t\t\t\t<div class=\"elementor-element elementor-element-9878a30 sc_fly_static elementor-widget elementor-widget-image\" data-id=\"9878a30\" data-element_type=\"widget\" data-e-type=\"widget\" data-widget_type=\"image.default\">\n\t\t\t\t<div class=\"elementor-widget-container\">\n\t\t\t\t\t\t\t\t\t\t\t\t\t\t\t<img fetchpriority=\"high\" decoding=\"async\" width=\"513\" height=\"219\" src=\"https:\/\/aromaterapiaflorar.com.ar\/wp-content\/uploads\/2023\/11\/Claudia-1.jpg\" class=\"attachment-large size-large wp-image-5311\" alt=\"\" srcset=\"https:\/\/aromaterapiaflorar.com.ar\/wp-content\/uploads\/2023\/11\/Claudia-1.jpg 513w, https:\/\/aromaterapiaflorar.com.ar\/wp-content\/uploads\/2023\/11\/Claudia-1-300x128.jpg 300w\" sizes=\"(max-width: 600px) 100vw, 513px\" \/>\t\t\t\t\t\t\t\t\t\t\t\t\t\t\t<\/div>\n\t\t\t\t<\/div>\n\t\t\t\t\t<\/div>\n\t\t<\/div>\n\t\t\t\t<div class=\"elementor-column elementor-col-50 elementor-inner-column elementor-element elementor-element-c927a84 sc_content_align_inherit sc_layouts_column_icons_position_left sc_fly_static\" data-id=\"c927a84\" data-element_type=\"column\" data-e-type=\"column\">\n\t\t\t<div class=\"elementor-widget-wrap elementor-element-populated\">\n\t\t\t\t\t\t<div class=\"elementor-element elementor-element-8c87995 sc_fly_static elementor-widget elementor-widget-text-editor\" data-id=\"8c87995\" data-element_type=\"widget\" data-e-type=\"widget\" data-widget_type=\"text-editor.default\">\n\t\t\t\t<div class=\"elementor-widget-container\">\n\t\t\t\t\t\t\t\t\t<p>\u00a0<\/p><p>Soy <strong>Terapeuta Hol\u00edstica,<\/strong> <strong>desde el a\u00f1o 2015,<\/strong> empec\u00e9 mi recorrido, iniciando mis estudios en el<strong> Instituto Argentino de Flores de Bach, en donde estoy Certificada y Registrada como Terapeuta Floral.<\/strong><\/p><p>Luego, realice formaciones y profundizaci\u00f3n en la terapia, de la mano de el maestro <strong>Eduardo Grecco,<\/strong> Escuela, que hoy tengo el honor de <strong>representar en la Argentina.<\/strong> Certificandome como<strong> Master en Cl\u00ednica Floral<\/strong> ( Registrado en la Asociaci\u00f3n Iberoamericana de Terapeutas Florales )<\/p><p>Tambi\u00e9n he realizado formaciones en Astrolog\u00eda y como Consteladora Familiar, especializ\u00e1ndome tambi\u00e9n en Psicopatologias Vinculares Constelares. <br \/>Y este a\u00f1o como Consultora en Decodificacion Emocional y Bioexistencia Consciente, haciendo mi recorrido en Humano Puente.<\/p><p>Hoy me desarrollo como Terapeuta en estas \u00e1reas y tambi\u00e9n como F<b>ormadora en Flores y Astrolog\u00eda.<\/b><\/p><p>Siento que todos tenemos la posibilidad de tomar consciencia, realizando un recorrido, y el mismo siempre es hacia adentro..as\u00ed lograremos transformarnos y crear una nueva realidad, en donde podremos manifestar el alma amorosa que nos habita, y el merecimiento absoluto de todo lo que somos y tenemos.<\/p>\t\t\t\t\t\t\t\t<\/div>\n\t\t\t\t<\/div>\n\t\t\t\t\t<\/div>\n\t\t<\/div>\n\t\t\t\t\t<\/div>\n\t\t<\/section>\n\t\t\t\t<div class=\"elementor-element elementor-element-73b3237 sc_fly_static elementor-widget elementor-widget-spacer\" data-id=\"73b3237\" data-element_type=\"widget\" data-e-type=\"widget\" data-widget_type=\"spacer.default\">\n\t\t\t\t<div class=\"elementor-widget-container\">\n\t\t\t\t\t\t\t<div class=\"elementor-spacer\">\n\t\t\t<div class=\"elementor-spacer-inner\"><\/div>\n\t\t<\/div>\n\t\t\t\t\t\t<\/div>\n\t\t\t\t<\/div>\n\t\t\t\t<section class=\"elementor-section elementor-inner-section elementor-element elementor-element-d52ec0b elementor-section-boxed elementor-section-height-default elementor-section-height-default sc_fly_static\" data-id=\"d52ec0b\" data-element_type=\"section\" data-e-type=\"section\">\n\t\t\t\t\t\t<div class=\"elementor-container elementor-column-gap-extended\">\n\t\t\t\t\t<div class=\"elementor-column elementor-col-50 elementor-inner-column elementor-element elementor-element-d1bb6b7 sc_content_align_inherit sc_layouts_column_icons_position_left sc_fly_static\" data-id=\"d1bb6b7\" data-element_type=\"column\" data-e-type=\"column\">\n\t\t\t<div class=\"elementor-widget-wrap elementor-element-populated\">\n\t\t\t\t\t\t<div class=\"elementor-element elementor-element-c019dea sc_fly_static elementor-widget elementor-widget-text-editor\" data-id=\"c019dea\" data-element_type=\"widget\" data-e-type=\"widget\" data-widget_type=\"text-editor.default\">\n\t\t\t\t<div class=\"elementor-widget-container\">\n\t\t\t\t\t\t\t\t\t<p><strong>Para mas formaciones y cursos en La Escuela de Flores para Sanar me podes encontrar en Facebook y el Instagram.<\/strong><\/p>\t\t\t\t\t\t\t\t<\/div>\n\t\t\t\t<\/div>\n\t\t\t\t\t<\/div>\n\t\t<\/div>\n\t\t\t\t<div class=\"elementor-column elementor-col-50 elementor-inner-column elementor-element elementor-element-f71145e sc_content_align_inherit sc_layouts_column_icons_position_left sc_fly_static\" data-id=\"f71145e\" data-element_type=\"column\" data-e-type=\"column\">\n\t\t\t<div class=\"elementor-widget-wrap elementor-element-populated\">\n\t\t\t\t\t\t<div class=\"elementor-element elementor-element-c1d0c7f e-grid-align-left elementor-shape-rounded elementor-grid-0 sc_fly_static elementor-widget elementor-widget-social-icons\" data-id=\"c1d0c7f\" data-element_type=\"widget\" data-e-type=\"widget\" data-widget_type=\"social-icons.default\">\n\t\t\t\t<div class=\"elementor-widget-container\">\n\t\t\t\t\t\t\t<div class=\"elementor-social-icons-wrapper elementor-grid\" role=\"list\">\n\t\t\t\t\t\t\t<span class=\"elementor-grid-item\" role=\"listitem\">\n\t\t\t\t\t<a class=\"elementor-icon elementor-social-icon elementor-social-icon-facebook elementor-repeater-item-64a1020\" href=\"https:\/\/www.facebook.com\/profile.php?id=100042873743458\" target=\"_blank\">\n\t\t\t\t\t\t<span class=\"elementor-screen-only\">Facebook<\/span>\n\t\t\t\t\t\t<i aria-hidden=\"true\" class=\"fab fa-facebook\"><\/i>\t\t\t\t\t<\/a>\n\t\t\t\t<\/span>\n\t\t\t\t\t\t\t<span class=\"elementor-grid-item\" role=\"listitem\">\n\t\t\t\t\t<a class=\"elementor-icon elementor-social-icon elementor-social-icon-instagram elementor-repeater-item-edf122c\" href=\"https:\/\/www.instagram.com\/floresparasanar\/\" target=\"_blank\">\n\t\t\t\t\t\t<span class=\"elementor-screen-only\">Instagram<\/span>\n\t\t\t\t\t\t<i aria-hidden=\"true\" class=\"fab fa-instagram\"><\/i>\t\t\t\t\t<\/a>\n\t\t\t\t<\/span>\n\t\t\t\t\t<\/div>\n\t\t\t\t\t\t<\/div>\n\t\t\t\t<\/div>\n\t\t\t\t\t<\/div>\n\t\t<\/div>\n\t\t\t\t\t<\/div>\n\t\t<\/section>\n\t\t\t\t<div class=\"elementor-element elementor-element-7eb6ae5 sc_fly_static elementor-widget elementor-widget-spacer\" data-id=\"7eb6ae5\" data-element_type=\"widget\" data-e-type=\"widget\" data-widget_type=\"spacer.default\">\n\t\t\t\t<div class=\"elementor-widget-container\">\n\t\t\t\t\t\t\t<div class=\"elementor-spacer\">\n\t\t\t<div class=\"elementor-spacer-inner\"><\/div>\n\t\t<\/div>\n\t\t\t\t\t\t<\/div>\n\t\t\t\t<\/div>\n\t\t\t\t\t<\/div>\n\t\t<\/div>\n\t\t\t\t\t<\/div>\n\t\t<\/section>\n\t\t\t\t<\/div>","protected":false},"excerpt":{"rendered":"<p>\u00a0 Soy Terapeuta Hol\u00edstica, desde el a\u00f1o 2015, empec\u00e9 mi recorrido, iniciando mis estudios en&hellip;<\/p>","protected":false},"author":2,"featured_media":0,"parent":0,"menu_order":0,"comment_status":"closed","ping_status":"closed","template":"","meta":{"_joinchat":[],"footnotes":""},"class_list":["post-5309","page","type-page","status-publish","hentry"],"_links":{"self":[{"href":"https:\/\/aromaterapiaflorar.com.ar\/en\/wp-json\/wp\/v2\/pages\/5309","targetHints":{"allow":["GET"]}}],"collection":[{"href":"https:\/\/aromaterapiaflorar.com.ar\/en\/wp-json\/wp\/v2\/pages"}],"about":[{"href":"https:\/\/aromaterapiaflorar.com.ar\/en\/wp-json\/wp\/v2\/types\/page"}],"author":[{"embeddable":true,"href":"https:\/\/aromaterapiaflorar.com.ar\/en\/wp-json\/wp\/v2\/users\/2"}],"replies":[{"embeddable":true,"href":"https:\/\/aromaterapiaflorar.com.ar\/en\/wp-json\/wp\/v2\/comments?post=5309"}],"version-history":[{"count":11,"href":"https:\/\/aromaterapiaflorar.com.ar\/en\/wp-json\/wp\/v2\/pages\/5309\/revisions"}],"predecessor-version":[{"id":6537,"href":"https:\/\/aromaterapiaflorar.com.ar\/en\/wp-json\/wp\/v2\/pages\/5309\/revisions\/6537"}],"wp:attachment":[{"href":"https:\/\/aromaterapiaflorar.com.ar\/en\/wp-json\/wp\/v2\/media?parent=5309"}],"curies":[{"name":"wp","href":"https:\/\/api.w.org\/{rel}","templated":true}]}}