{"id":5568,"date":"2023-12-01T17:01:28","date_gmt":"2023-12-01T20:01:28","guid":{"rendered":"https:\/\/aromaterapiaflorar.com.ar\/?page_id=5568"},"modified":"2026-02-26T01:00:01","modified_gmt":"2026-02-26T04:00:01","slug":"tamara-tamis-curriculum","status":"publish","type":"page","link":"https:\/\/aromaterapiaflorar.com.ar\/en\/tamara-tamis-curriculum\/","title":{"rendered":"Tamara Tamis"},"content":{"rendered":"<div data-elementor-type=\"wp-page\" data-elementor-id=\"5568\" class=\"elementor elementor-5568\">\n\t\t\t\t\t\t<section class=\"elementor-section elementor-top-section elementor-element elementor-element-765f730 elementor-section-boxed elementor-section-height-default elementor-section-height-default sc_fly_static\" data-id=\"765f730\" data-element_type=\"section\" data-e-type=\"section\">\n\t\t\t\t\t\t<div class=\"elementor-container elementor-column-gap-extended\">\n\t\t\t\t\t<div class=\"elementor-column elementor-col-100 elementor-top-column elementor-element elementor-element-ec76776 sc_content_align_inherit sc_layouts_column_icons_position_left sc_fly_static\" data-id=\"ec76776\" data-element_type=\"column\" data-e-type=\"column\">\n\t\t\t<div class=\"elementor-widget-wrap elementor-element-populated\">\n\t\t\t\t\t\t<div class=\"elementor-element elementor-element-0ad8451 sc_fly_static elementor-widget elementor-widget-spacer\" data-id=\"0ad8451\" data-element_type=\"widget\" data-e-type=\"widget\" data-widget_type=\"spacer.default\">\n\t\t\t\t<div class=\"elementor-widget-container\">\n\t\t\t\t\t\t\t<div class=\"elementor-spacer\">\n\t\t\t<div class=\"elementor-spacer-inner\"><\/div>\n\t\t<\/div>\n\t\t\t\t\t\t<\/div>\n\t\t\t\t<\/div>\n\t\t\t\t<section class=\"elementor-section elementor-inner-section elementor-element elementor-element-7ff35ca elementor-section-boxed elementor-section-height-default elementor-section-height-default sc_fly_static\" data-id=\"7ff35ca\" data-element_type=\"section\" data-e-type=\"section\">\n\t\t\t\t\t\t<div class=\"elementor-container elementor-column-gap-extended\">\n\t\t\t\t\t<div class=\"elementor-column elementor-col-50 elementor-inner-column elementor-element elementor-element-cf9ebc0 sc_content_align_inherit sc_layouts_column_icons_position_left sc_fly_static\" data-id=\"cf9ebc0\" data-element_type=\"column\" data-e-type=\"column\">\n\t\t\t<div class=\"elementor-widget-wrap elementor-element-populated\">\n\t\t\t\t\t\t<div class=\"elementor-element elementor-element-3ecd6d1 sc_fly_static elementor-widget elementor-widget-image\" data-id=\"3ecd6d1\" data-element_type=\"widget\" data-e-type=\"widget\" data-widget_type=\"image.default\">\n\t\t\t\t<div class=\"elementor-widget-container\">\n\t\t\t\t\t\t\t\t\t\t\t\t\t\t\t<img fetchpriority=\"high\" decoding=\"async\" width=\"508\" height=\"225\" src=\"https:\/\/aromaterapiaflorar.com.ar\/wp-content\/uploads\/2023\/12\/Tami-2-sin-fondo.png\" class=\"attachment-large size-large wp-image-6102\" alt=\"\" srcset=\"https:\/\/aromaterapiaflorar.com.ar\/wp-content\/uploads\/2023\/12\/Tami-2-sin-fondo.png 508w, https:\/\/aromaterapiaflorar.com.ar\/wp-content\/uploads\/2023\/12\/Tami-2-sin-fondo-300x133.png 300w\" sizes=\"(max-width: 600px) 100vw, 508px\" \/>\t\t\t\t\t\t\t\t\t\t\t\t\t\t\t<\/div>\n\t\t\t\t<\/div>\n\t\t\t\t\t<\/div>\n\t\t<\/div>\n\t\t\t\t<div class=\"elementor-column elementor-col-50 elementor-inner-column elementor-element elementor-element-0f83a77 sc_content_align_inherit sc_layouts_column_icons_position_left sc_fly_static\" data-id=\"0f83a77\" data-element_type=\"column\" data-e-type=\"column\">\n\t\t\t<div class=\"elementor-widget-wrap elementor-element-populated\">\n\t\t\t\t\t\t<div class=\"elementor-element elementor-element-7c13b1e sc_fly_static elementor-widget elementor-widget-text-editor\" data-id=\"7c13b1e\" data-element_type=\"widget\" data-e-type=\"widget\" data-widget_type=\"text-editor.default\">\n\t\t\t\t<div class=\"elementor-widget-container\">\n\t\t\t\t\t\t\t\t\t<p><strong>Psicopedagoga<\/strong> realizo la Licenciatura en la Universidad FASTA.<\/p><p><strong> Acompa\u00f1ante Terap\u00e9utico<\/strong> en UPE La Plata &#8211; Centro de Formaci\u00f3n Profesional &#8220;Dr. Enrique PichonRivi\u00e8re&#8221;.<\/p><p>Y <strong>Psicolog\u00eda Social<\/strong> en \u201cLa Escuela de Psicolog\u00eda Social del Sur\u201d.<\/p><p>Trabajo como psocopedadgoa en Suka&#8230;.<\/p><p>Llevo a cabo Terapias Integrales \u201cCuerpo, Mente y Alma\u201d Camino integral para el Bienestar. \u201cSinton\u00eda \u00datero Coraz\u00f3n\u201d Reconocer, aceptar, amar y sanar a trav\u00e9s del Rito del \u00datero, Apertura para Sanar con Rosas y Cristales las comparta cada d\u00eda 8 del mes. Terapia individual &#8220;Integra tu ser &#8220;gu\u00eda y acompa\u00f1amiento terap\u00e9utico&#8221;. Apertura de Registros Ak\u00e1shicos.<\/p><p>Cree y funde un espacio integral para el ser. Realiza un proyecto llamado Amante de la Vida Hol\u00edstica e impulso Espacios de terapias hol\u00edsticas. En el \u00e1mbito de los aromas, las plantas y sus propiedades curativas, desarrolle cosm\u00e9tica natural y energ\u00e9tica. Soy una buscadora de h\u00e1bitos conscientes y saludables que reduzcan el impacto al planeta. Amo la decoraci\u00f3n consciente y crear con mis propias manos.<\/p><p>Me siento una meditadora de la vida y es un honor llevar hoy la misi\u00f3n aqu\u00ed en la tierra de \u201cAprender y Expandir&#8221;.<\/p>\t\t\t\t\t\t\t\t<\/div>\n\t\t\t\t<\/div>\n\t\t\t\t\t<\/div>\n\t\t<\/div>\n\t\t\t\t\t<\/div>\n\t\t<\/section>\n\t\t\t\t<div class=\"elementor-element elementor-element-ea50200 sc_fly_static elementor-widget elementor-widget-spacer\" data-id=\"ea50200\" data-element_type=\"widget\" data-e-type=\"widget\" data-widget_type=\"spacer.default\">\n\t\t\t\t<div class=\"elementor-widget-container\">\n\t\t\t\t\t\t\t<div class=\"elementor-spacer\">\n\t\t\t<div class=\"elementor-spacer-inner\"><\/div>\n\t\t<\/div>\n\t\t\t\t\t\t<\/div>\n\t\t\t\t<\/div>\n\t\t\t\t\t<\/div>\n\t\t<\/div>\n\t\t\t\t\t<\/div>\n\t\t<\/section>\n\t\t\t\t<\/div>","protected":false},"excerpt":{"rendered":"<p>Psicopedagoga realizo la Licenciatura en la Universidad FASTA. Acompa\u00f1ante Terap\u00e9utico en UPE La Plata &#8211;&hellip;<\/p>","protected":false},"author":2,"featured_media":0,"parent":0,"menu_order":0,"comment_status":"closed","ping_status":"closed","template":"","meta":{"_joinchat":[],"footnotes":""},"class_list":["post-5568","page","type-page","status-publish","hentry"],"_links":{"self":[{"href":"https:\/\/aromaterapiaflorar.com.ar\/en\/wp-json\/wp\/v2\/pages\/5568","targetHints":{"allow":["GET"]}}],"collection":[{"href":"https:\/\/aromaterapiaflorar.com.ar\/en\/wp-json\/wp\/v2\/pages"}],"about":[{"href":"https:\/\/aromaterapiaflorar.com.ar\/en\/wp-json\/wp\/v2\/types\/page"}],"author":[{"embeddable":true,"href":"https:\/\/aromaterapiaflorar.com.ar\/en\/wp-json\/wp\/v2\/users\/2"}],"replies":[{"embeddable":true,"href":"https:\/\/aromaterapiaflorar.com.ar\/en\/wp-json\/wp\/v2\/comments?post=5568"}],"version-history":[{"count":20,"href":"https:\/\/aromaterapiaflorar.com.ar\/en\/wp-json\/wp\/v2\/pages\/5568\/revisions"}],"predecessor-version":[{"id":11130,"href":"https:\/\/aromaterapiaflorar.com.ar\/en\/wp-json\/wp\/v2\/pages\/5568\/revisions\/11130"}],"wp:attachment":[{"href":"https:\/\/aromaterapiaflorar.com.ar\/en\/wp-json\/wp\/v2\/media?parent=5568"}],"curies":[{"name":"wp","href":"https:\/\/api.w.org\/{rel}","templated":true}]}}