{"id":5708,"date":"2023-12-12T19:26:16","date_gmt":"2023-12-12T22:26:16","guid":{"rendered":"https:\/\/aromaterapiaflorar.com.ar\/?page_id=5708"},"modified":"2026-03-12T18:13:22","modified_gmt":"2026-03-12T21:13:22","slug":"daniela-dominguez-curriculum","status":"publish","type":"page","link":"https:\/\/aromaterapiaflorar.com.ar\/en\/daniela-dominguez-curriculum\/","title":{"rendered":"Daniela Dom\u00ednguez"},"content":{"rendered":"<div data-elementor-type=\"wp-page\" data-elementor-id=\"5708\" class=\"elementor elementor-5708\">\n\t\t\t\t\t\t<section class=\"elementor-section elementor-top-section elementor-element elementor-element-bbd0578 elementor-section-boxed elementor-section-height-default elementor-section-height-default sc_fly_static\" data-id=\"bbd0578\" data-element_type=\"section\" data-e-type=\"section\">\n\t\t\t\t\t\t<div class=\"elementor-container elementor-column-gap-extended\">\n\t\t\t\t\t<div class=\"elementor-column elementor-col-100 elementor-top-column elementor-element elementor-element-6e38271 sc_content_align_inherit sc_layouts_column_icons_position_left sc_fly_static\" data-id=\"6e38271\" data-element_type=\"column\" data-e-type=\"column\">\n\t\t\t<div class=\"elementor-widget-wrap elementor-element-populated\">\n\t\t\t\t\t\t<section class=\"elementor-section elementor-inner-section elementor-element elementor-element-2e3299f elementor-section-boxed elementor-section-height-default elementor-section-height-default sc_fly_static\" data-id=\"2e3299f\" data-element_type=\"section\" data-e-type=\"section\">\n\t\t\t\t\t\t<div class=\"elementor-container elementor-column-gap-extended\">\n\t\t\t\t\t<div class=\"elementor-column elementor-col-50 elementor-inner-column elementor-element elementor-element-d93b133 sc_content_align_inherit sc_layouts_column_icons_position_left sc_fly_static\" data-id=\"d93b133\" data-element_type=\"column\" data-e-type=\"column\">\n\t\t\t<div class=\"elementor-widget-wrap elementor-element-populated\">\n\t\t\t\t\t\t<div class=\"elementor-element elementor-element-9ed9cc4 sc_fly_static elementor-widget elementor-widget-image\" data-id=\"9ed9cc4\" data-element_type=\"widget\" data-e-type=\"widget\" data-widget_type=\"image.default\">\n\t\t\t\t<div class=\"elementor-widget-container\">\n\t\t\t\t\t\t\t\t\t\t\t\t\t\t\t<img fetchpriority=\"high\" decoding=\"async\" width=\"508\" height=\"225\" src=\"https:\/\/aromaterapiaflorar.com.ar\/wp-content\/uploads\/2023\/12\/dani-2-sin-fondo.png\" class=\"attachment-large size-large wp-image-5704\" alt=\"\" srcset=\"https:\/\/aromaterapiaflorar.com.ar\/wp-content\/uploads\/2023\/12\/dani-2-sin-fondo.png 508w, https:\/\/aromaterapiaflorar.com.ar\/wp-content\/uploads\/2023\/12\/dani-2-sin-fondo-300x133.png 300w\" sizes=\"(max-width: 600px) 100vw, 508px\" \/>\t\t\t\t\t\t\t\t\t\t\t\t\t\t\t<\/div>\n\t\t\t\t<\/div>\n\t\t\t\t\t<\/div>\n\t\t<\/div>\n\t\t\t\t<div class=\"elementor-column elementor-col-50 elementor-inner-column elementor-element elementor-element-b93b409 sc_content_align_inherit sc_layouts_column_icons_position_left sc_fly_static\" data-id=\"b93b409\" data-element_type=\"column\" data-e-type=\"column\">\n\t\t\t<div class=\"elementor-widget-wrap elementor-element-populated\">\n\t\t\t\t\t\t<div class=\"elementor-element elementor-element-2b50d05 sc_fly_static elementor-widget elementor-widget-text-editor\" data-id=\"2b50d05\" data-element_type=\"widget\" data-e-type=\"widget\" data-widget_type=\"text-editor.default\">\n\t\t\t\t<div class=\"elementor-widget-container\">\n\t\t\t\t\t\t\t\t\t<p>Soy <strong>Daniela Dominguez,<\/strong> Herborista y amante del reino vegetal. Llevo doce a\u00f1os estudiando sobre plantas. Primero me vincul\u00e9 con ellas desde un punto de vista m\u00e1s cient\u00edfico, para luego conectarme con ellas como un despertar espiritual. Creo firmemente que el v\u00ednculo con la Naturaleza es terap\u00e9utico, una gran forma de autoconocimiento y sanaci\u00f3n. Llevo adelante encuentros que ayuden a re-cordar ese v\u00ednculo primigenio y comparto saberes sobre el arte de la Herbolaria.<\/p><p><strong>Te cuento un poco mi historia:<\/strong><\/p><p>Nac\u00ed en Magdalena, un pueblito de campo en la provincia de Buenos Aires, Argentina.<\/p><p><strong>De peque\u00f1a conectada con el mundo vegetal<\/strong>, mis abuelos y abuelas ten\u00edan muy presente las bondades de las plantas, m\u00e1s empec\u00e9 a caminar esta senda herbal de forma m\u00e1s decidida cuando entr\u00e9 en la Universidad a estudiar Bot\u00e1nica. La primera vez que vi en un microscopio un corte de una cat\u00e1fila de cebolla me cambi\u00f3 la vida, entender que realmente<strong> somos una peque\u00f1a fracci\u00f3n, y hay una inmensidad que no vemos.<\/strong><\/p><p>Desde ah\u00ed comenc\u00e9 a <strong>integrar conceptos de plantas asociados a la ciencia<\/strong>, hasta que me cruc\u00e9 con una profesora llamada Laura Perez, ella me inspir\u00f3 a estudiar de plantas alimenticias y medicinales desde un lugar que antes no hab\u00eda profundizado. Ah\u00ed se abri\u00f3 otra gran puerta en mi vida.<\/p><p>Despu\u00e9s de esto sin organizarlo mucho, entre amigos comenzamos a juntarnos en jornadas de preparaci\u00f3n de medicinas, hac\u00edamos pomadas, oleatos y tinturas, intercambi\u00e1bamos charlas e investigaciones propias.<\/p><p>M\u00e1s adelante las plantas empezaron a presentarse en viajes, en historias, en personas y c\u00edrculos. Otra puerta se abr\u00eda: la de la transmisi\u00f3n oral.<\/p><p>Esto fue muy importante para m\u00ed, ya que desde el conocimiento crudo y cient\u00edfico fui ablandando mi mente y adentr\u00e1ndome a un mundo de percepci\u00f3n.<\/p><p>Tuve la posibilidad de compartir d\u00eda de muertos con unas familias en Jujuy, para despu\u00e9s compartir en Lunlaya un ayllu de la naci\u00f3n Kallawaya varias ceremonias y el d\u00eda a d\u00eda. Y as\u00ed cada persona fue acompa\u00f1ando el entramado de este, mi camino con plantas.<\/p><p><strong>Desde mi experiencia creo que no hay un lugar a donde llegar y que cada quien vivir\u00e1 y sentir\u00e1 la relaci\u00f3n con el mundo vegetal de una forma \u00fanica<\/strong><\/p><p><strong>Mis estudios formales:<\/strong><\/p><p>Dentro de toda esta historia de vida no he parado de estudiar, soy realmente una amante de la lectura y la investigaci\u00f3n. Algunas de mis formaciones con plantas y salud fueron con Florencia Fassanella, Alicia Cobos y Susana Lucyk, estudiando tambi\u00e9n fitocosm\u00e9tica con Nuria Iribarren, Victoria Moradell y Linda Corvelyn. Me form\u00e9 como masajista Ayurveda en el 2020 y profundic\u00e9 en medicinas tradicionales americanas durante ese mismo a\u00f1o.<\/p><p>Fuera de Argentina estudi\u00e9 en <strong data-start=\"165\" data-end=\"183\">Herbal Academy<\/strong> y con personas que admiro mucho como <strong data-start=\"221\" data-end=\"321\">Rosmary Gladstar, Sajah Popham, Catalina Fern\u00e1ndez, Virginia Ceballos, Jim McDonald y Aviva Romm<\/strong>.<br data-start=\"322\" data-end=\"325\" \/>En los \u00faltimos a\u00f1os me form\u00e9 en <strong data-start=\"357\" data-end=\"394\">AMA (Asociaci\u00f3n M\u00e9dica Argentina)<\/strong>, complet\u00e9 la <strong data-start=\"408\" data-end=\"467\">Maestr\u00eda en Fitoterapia Avanzada en la Universidad TECH<\/strong> y tambi\u00e9n realic\u00e9 estudios en <strong data-start=\"498\" data-end=\"543\">PREMA (Fundaci\u00f3n de Salud Ayurveda PREMA)<\/strong>.<\/p>\t\t\t\t\t\t\t\t<\/div>\n\t\t\t\t<\/div>\n\t\t\t\t\t<\/div>\n\t\t<\/div>\n\t\t\t\t\t<\/div>\n\t\t<\/section>\n\t\t\t\t<section class=\"elementor-section elementor-inner-section elementor-element elementor-element-47e6ca1 elementor-section-boxed elementor-section-height-default elementor-section-height-default sc_fly_static\" data-id=\"47e6ca1\" data-element_type=\"section\" data-e-type=\"section\">\n\t\t\t\t\t\t<div class=\"elementor-container elementor-column-gap-extended\">\n\t\t\t\t\t<div class=\"elementor-column elementor-col-50 elementor-inner-column elementor-element elementor-element-a7f0ee0 sc_content_align_inherit sc_layouts_column_icons_position_left sc_fly_static\" data-id=\"a7f0ee0\" data-element_type=\"column\" data-e-type=\"column\">\n\t\t\t<div class=\"elementor-widget-wrap elementor-element-populated\">\n\t\t\t\t\t\t<div class=\"elementor-element elementor-element-856d4d4 sc_fly_static elementor-widget elementor-widget-text-editor\" data-id=\"856d4d4\" data-element_type=\"widget\" data-e-type=\"widget\" data-widget_type=\"text-editor.default\">\n\t\t\t\t<div class=\"elementor-widget-container\">\n\t\t\t\t\t\t\t\t\t<p>Para contactarme:\u00a0<\/p>\t\t\t\t\t\t\t\t<\/div>\n\t\t\t\t<\/div>\n\t\t\t\t\t<\/div>\n\t\t<\/div>\n\t\t\t\t<div class=\"elementor-column elementor-col-50 elementor-inner-column elementor-element elementor-element-72ce032 sc_content_align_inherit sc_layouts_column_icons_position_left sc_fly_static\" data-id=\"72ce032\" data-element_type=\"column\" data-e-type=\"column\">\n\t\t\t<div class=\"elementor-widget-wrap elementor-element-populated\">\n\t\t\t\t\t\t<div class=\"elementor-element elementor-element-5736bfe elementor-shape-rounded elementor-grid-0 e-grid-align-center sc_fly_static elementor-widget elementor-widget-social-icons\" data-id=\"5736bfe\" data-element_type=\"widget\" data-e-type=\"widget\" data-widget_type=\"social-icons.default\">\n\t\t\t\t<div class=\"elementor-widget-container\">\n\t\t\t\t\t\t\t<div class=\"elementor-social-icons-wrapper elementor-grid\" role=\"list\">\n\t\t\t\t\t\t\t<span class=\"elementor-grid-item\" role=\"listitem\">\n\t\t\t\t\t<a class=\"elementor-icon elementor-social-icon elementor-social-icon-facebook elementor-repeater-item-7ed3e0d\" href=\"https:\/\/www.facebook.com\/Medicinacomopuente\" target=\"_blank\">\n\t\t\t\t\t\t<span class=\"elementor-screen-only\">Facebook<\/span>\n\t\t\t\t\t\t<i aria-hidden=\"true\" class=\"fab fa-facebook\"><\/i>\t\t\t\t\t<\/a>\n\t\t\t\t<\/span>\n\t\t\t\t\t\t\t<span class=\"elementor-grid-item\" role=\"listitem\">\n\t\t\t\t\t<a class=\"elementor-icon elementor-social-icon elementor-social-icon-youtube elementor-repeater-item-364ed71\" href=\"https:\/\/www.youtube.com\/channel\/UCsmiwuHufC-uWsSwqob16mA\" target=\"_blank\">\n\t\t\t\t\t\t<span class=\"elementor-screen-only\">Youtube<\/span>\n\t\t\t\t\t\t<i aria-hidden=\"true\" class=\"fab fa-youtube\"><\/i>\t\t\t\t\t<\/a>\n\t\t\t\t<\/span>\n\t\t\t\t\t\t\t<span class=\"elementor-grid-item\" role=\"listitem\">\n\t\t\t\t\t<a class=\"elementor-icon elementor-social-icon elementor-social-icon-instagram elementor-repeater-item-0e13ba5\" href=\"https:\/\/www.instagram.com\/puente.medicinaconsciente\/\" target=\"_blank\">\n\t\t\t\t\t\t<span class=\"elementor-screen-only\">Instagram<\/span>\n\t\t\t\t\t\t<i aria-hidden=\"true\" class=\"fab fa-instagram\"><\/i>\t\t\t\t\t<\/a>\n\t\t\t\t<\/span>\n\t\t\t\t\t<\/div>\n\t\t\t\t\t\t<\/div>\n\t\t\t\t<\/div>\n\t\t\t\t\t<\/div>\n\t\t<\/div>\n\t\t\t\t\t<\/div>\n\t\t<\/section>\n\t\t\t\t\t<\/div>\n\t\t<\/div>\n\t\t\t\t\t<\/div>\n\t\t<\/section>\n\t\t\t\t<\/div>","protected":false},"excerpt":{"rendered":"<p>Soy Daniela Dominguez, Herborista y amante del reino vegetal. Llevo doce a\u00f1os estudiando sobre plantas.&hellip;<\/p>","protected":false},"author":2,"featured_media":0,"parent":0,"menu_order":0,"comment_status":"closed","ping_status":"closed","template":"","meta":{"_joinchat":[],"footnotes":""},"class_list":["post-5708","page","type-page","status-publish","hentry"],"_links":{"self":[{"href":"https:\/\/aromaterapiaflorar.com.ar\/en\/wp-json\/wp\/v2\/pages\/5708","targetHints":{"allow":["GET"]}}],"collection":[{"href":"https:\/\/aromaterapiaflorar.com.ar\/en\/wp-json\/wp\/v2\/pages"}],"about":[{"href":"https:\/\/aromaterapiaflorar.com.ar\/en\/wp-json\/wp\/v2\/types\/page"}],"author":[{"embeddable":true,"href":"https:\/\/aromaterapiaflorar.com.ar\/en\/wp-json\/wp\/v2\/users\/2"}],"replies":[{"embeddable":true,"href":"https:\/\/aromaterapiaflorar.com.ar\/en\/wp-json\/wp\/v2\/comments?post=5708"}],"version-history":[{"count":20,"href":"https:\/\/aromaterapiaflorar.com.ar\/en\/wp-json\/wp\/v2\/pages\/5708\/revisions"}],"predecessor-version":[{"id":11345,"href":"https:\/\/aromaterapiaflorar.com.ar\/en\/wp-json\/wp\/v2\/pages\/5708\/revisions\/11345"}],"wp:attachment":[{"href":"https:\/\/aromaterapiaflorar.com.ar\/en\/wp-json\/wp\/v2\/media?parent=5708"}],"curies":[{"name":"wp","href":"https:\/\/api.w.org\/{rel}","templated":true}]}}