{"id":6367,"date":"2023-12-22T19:39:53","date_gmt":"2023-12-22T22:39:53","guid":{"rendered":"https:\/\/aromaterapiaflorar.com.ar\/?page_id=6367"},"modified":"2026-03-01T17:17:11","modified_gmt":"2026-03-01T20:17:11","slug":"taller-perfumes-terapeuticos-naturales-energeticos-parte-1-digital","status":"publish","type":"page","link":"https:\/\/aromaterapiaflorar.com.ar\/en\/taller-perfumes-terapeuticos-naturales-energeticos-parte-1-digital\/","title":{"rendered":"Taller Perfumes Terap\u00e9uticos, Naturales &#038; energ\u00e9ticos\u00a0 &#8220;Parte 1&#8221; \u2022 Digital \u2022"},"content":{"rendered":"<div data-elementor-type=\"wp-page\" data-elementor-id=\"6367\" class=\"elementor elementor-6367\">\n\t\t\t\t\t\t<section class=\"elementor-section elementor-top-section elementor-element elementor-element-63de362 elementor-section-boxed elementor-section-height-default elementor-section-height-default sc_fly_static\" data-id=\"63de362\" data-element_type=\"section\" data-e-type=\"section\">\n\t\t\t\t\t\t<div class=\"elementor-container elementor-column-gap-extended\">\n\t\t\t\t\t<div class=\"elementor-column elementor-col-100 elementor-top-column elementor-element elementor-element-92a68cc sc_content_align_inherit sc_layouts_column_icons_position_left sc_fly_static\" data-id=\"92a68cc\" data-element_type=\"column\" data-e-type=\"column\">\n\t\t\t<div class=\"elementor-widget-wrap elementor-element-populated\">\n\t\t\t\t\t\t<div class=\"elementor-element elementor-element-fe528f5 sc_fly_static elementor-widget elementor-widget-heading\" data-id=\"fe528f5\" data-element_type=\"widget\" data-e-type=\"widget\" data-widget_type=\"heading.default\">\n\t\t\t\t<div class=\"elementor-widget-container\">\n\t\t\t\t\t<h2 class=\"elementor-heading-title elementor-size-medium\">\u201cHay perfumes que huelen a recuerdos\u201d  o mejor dicho... <br>si creamos recuerdos con perfumes?<\/h2>\t\t\t\t<\/div>\n\t\t\t\t<\/div>\n\t\t\t\t<div class=\"elementor-element elementor-element-33fae95 sc_fly_static elementor-widget elementor-widget-text-editor\" data-id=\"33fae95\" data-element_type=\"widget\" data-e-type=\"widget\" data-widget_type=\"text-editor.default\">\n\t\t\t\t<div class=\"elementor-widget-container\">\n\t\t\t\t\t\t\t\t\t<p style=\"text-align: center;\"><strong>Taller Te\u00f3rico, pr\u00e1ctico\u00a0\u00a0<\/strong><\/p><p style=\"text-align: center;\"><span style=\"font-weight: bolder; color: var( --e-global-color-text ); font-family: var( --e-global-typography-text-font-family ), Sans-serif; text-align: justify;\">100 minutos de videos con teor\u00eda y practica, con acceso permanente al aula virtual, material de estudio en PDF descargable de 50 paginas.<\/span><\/p>\t\t\t\t\t\t\t\t<\/div>\n\t\t\t\t<\/div>\n\t\t\t\t<div class=\"elementor-element elementor-element-3de2c7e sc_fly_static elementor-widget elementor-widget-text-editor\" data-id=\"3de2c7e\" data-element_type=\"widget\" data-e-type=\"widget\" data-widget_type=\"text-editor.default\">\n\t\t\t\t<div class=\"elementor-widget-container\">\n\t\t\t\t\t\t\t\t\t<p style=\"text-align: center;\">Este taller <strong>aprenderemos<\/strong> a <strong>realizar perfumes con un uso terap\u00e9utico<\/strong>, no solo con finalidad de oler rico, si no tambi\u00e9n con un <strong>enfoque cl\u00ednico<\/strong> para sanar de manera natural o ayudar al cuerpo f\u00edsico con ciertas problem\u00e1ticas, tambi\u00e9n abordaremos desde una visi\u00f3n <strong>hol\u00edstica y energ\u00e9tica.<\/strong><\/p>\t\t\t\t\t\t\t\t<\/div>\n\t\t\t\t<\/div>\n\t\t\t\t<section class=\"elementor-section elementor-inner-section elementor-element elementor-element-6bba54c elementor-section-boxed elementor-section-height-default elementor-section-height-default sc_fly_static\" data-id=\"6bba54c\" data-element_type=\"section\" data-e-type=\"section\">\n\t\t\t\t\t\t<div class=\"elementor-container elementor-column-gap-extended\">\n\t\t\t\t\t<div class=\"elementor-column elementor-col-50 elementor-inner-column elementor-element elementor-element-999acf9 sc_content_align_inherit sc_layouts_column_icons_position_left sc_fly_static\" data-id=\"999acf9\" data-element_type=\"column\" data-e-type=\"column\">\n\t\t\t<div class=\"elementor-widget-wrap elementor-element-populated\">\n\t\t\t\t\t\t<div class=\"elementor-element elementor-element-1867e9d sc_fly_static elementor-widget elementor-widget-image\" data-id=\"1867e9d\" data-element_type=\"widget\" data-e-type=\"widget\" data-widget_type=\"image.default\">\n\t\t\t\t<div class=\"elementor-widget-container\">\n\t\t\t\t\t\t\t\t\t\t\t\t\t\t\t<img fetchpriority=\"high\" decoding=\"async\" width=\"1024\" height=\"673\" src=\"https:\/\/aromaterapiaflorar.com.ar\/wp-content\/uploads\/2022\/04\/perfumes-2-1024x673.jpg\" class=\"attachment-large size-large wp-image-2764\" alt=\"\" srcset=\"https:\/\/aromaterapiaflorar.com.ar\/wp-content\/uploads\/2022\/04\/perfumes-2-1024x673.jpg 1024w, https:\/\/aromaterapiaflorar.com.ar\/wp-content\/uploads\/2022\/04\/perfumes-2-600x395.jpg 600w, https:\/\/aromaterapiaflorar.com.ar\/wp-content\/uploads\/2022\/04\/perfumes-2-300x197.jpg 300w, https:\/\/aromaterapiaflorar.com.ar\/wp-content\/uploads\/2022\/04\/perfumes-2-768x505.jpg 768w, https:\/\/aromaterapiaflorar.com.ar\/wp-content\/uploads\/2022\/04\/perfumes-2-1536x1010.jpg 1536w, https:\/\/aromaterapiaflorar.com.ar\/wp-content\/uploads\/2022\/04\/perfumes-2-2048x1347.jpg 2048w\" sizes=\"(max-width: 1024px) 100vw, 1024px\" \/>\t\t\t\t\t\t\t\t\t\t\t\t\t\t\t<\/div>\n\t\t\t\t<\/div>\n\t\t\t\t\t<\/div>\n\t\t<\/div>\n\t\t\t\t<div class=\"elementor-column elementor-col-50 elementor-inner-column elementor-element elementor-element-2b318b5 sc_content_align_inherit sc_layouts_column_icons_position_left sc_fly_static\" data-id=\"2b318b5\" data-element_type=\"column\" data-e-type=\"column\">\n\t\t\t<div class=\"elementor-widget-wrap elementor-element-populated\">\n\t\t\t\t\t\t<div class=\"elementor-element elementor-element-228b242 sc_fly_static elementor-widget elementor-widget-text-editor\" data-id=\"228b242\" data-element_type=\"widget\" data-e-type=\"widget\" data-widget_type=\"text-editor.default\">\n\t\t\t\t<div class=\"elementor-widget-container\">\n\t\t\t\t\t\t\t\t\t<p>Los <strong>aceites esenciales<\/strong> se transforman en un estilo de vida, <strong>ayudando a prevenir o disminuir enfermedades<\/strong> y son un aliado imprescindible para <strong>disminuir los niveles<\/strong> de <strong>estes, el nerviosismo<\/strong>, las tensiones que se generan diariamente.<\/p><p><strong>Los perfumes<\/strong> son otra manera de poder conectar con nuestro coraz\u00f3n y al mismo tiempo <strong>beneficiarnos con su medicina de manera natural.<\/strong><\/p><p><strong> Nos ayudan a sanar el cuerpo, las emociones, la mente y el alma.<\/strong><\/p>\t\t\t\t\t\t\t\t<\/div>\n\t\t\t\t<\/div>\n\t\t\t\t\t<\/div>\n\t\t<\/div>\n\t\t\t\t\t<\/div>\n\t\t<\/section>\n\t\t\t\t<div class=\"elementor-element elementor-element-9256153 sc_fly_static elementor-widget elementor-widget-spacer\" data-id=\"9256153\" data-element_type=\"widget\" data-e-type=\"widget\" data-widget_type=\"spacer.default\">\n\t\t\t\t<div class=\"elementor-widget-container\">\n\t\t\t\t\t\t\t<div class=\"elementor-spacer\">\n\t\t\t<div class=\"elementor-spacer-inner\"><\/div>\n\t\t<\/div>\n\t\t\t\t\t\t<\/div>\n\t\t\t\t<\/div>\n\t\t\t\t<div class=\"elementor-element elementor-element-4f745df sc_fly_static elementor-widget elementor-widget-text-editor\" data-id=\"4f745df\" data-element_type=\"widget\" data-e-type=\"widget\" data-widget_type=\"text-editor.default\">\n\t\t\t\t<div class=\"elementor-widget-container\">\n\t\t\t\t\t\t\t\t\t<p style=\"text-align: center;\">Este taller esta pensado para comenzar a utilizar estos bellos y sabios productos de la madre tierra, para comenzar un camino m\u00e1s consciente y natural o quiz\u00e1s tambi\u00e9n para dar los primeros pasos en tu emprendimiento de forma profesional.<\/p>\t\t\t\t\t\t\t\t<\/div>\n\t\t\t\t<\/div>\n\t\t\t\t<div class=\"elementor-element elementor-element-75dfb55 sc_fly_static elementor-widget elementor-widget-accordion\" data-id=\"75dfb55\" data-element_type=\"widget\" data-e-type=\"widget\" data-widget_type=\"accordion.default\">\n\t\t\t\t<div class=\"elementor-widget-container\">\n\t\t\t\t\t\t\t<div class=\"elementor-accordion\">\n\t\t\t\t\t\t\t<div class=\"elementor-accordion-item\">\n\t\t\t\t\t<div id=\"elementor-tab-title-1231\" class=\"elementor-tab-title\" data-tab=\"1\" role=\"button\" aria-controls=\"elementor-tab-content-1231\" aria-expanded=\"false\">\n\t\t\t\t\t\t\t\t\t\t\t\t\t<span class=\"elementor-accordion-icon elementor-accordion-icon-left\" aria-hidden=\"true\">\n\t\t\t\t\t\t\t\t\t\t\t\t\t\t\t<span class=\"elementor-accordion-icon-closed\"><i class=\"fas fa-plus\"><\/i><\/span>\n\t\t\t\t\t\t\t\t<span class=\"elementor-accordion-icon-opened\"><i class=\"fas fa-minus\"><\/i><\/span>\n\t\t\t\t\t\t\t\t\t\t\t\t\t\t<\/span>\n\t\t\t\t\t\t\t\t\t\t\t\t<a class=\"elementor-accordion-title\" tabindex=\"0\">Que veremos<\/a>\n\t\t\t\t\t<\/div>\n\t\t\t\t\t<div id=\"elementor-tab-content-1231\" class=\"elementor-tab-content elementor-clearfix\" data-tab=\"1\" role=\"region\" aria-labelledby=\"elementor-tab-title-1231\"><p>\u2022 Historia del perfume <br \/>\u2022 Perfumer\u00eda Natural <br \/>\u2022 Componentes <br \/>\u2022 Principios de perfumeria natural<br \/>\u2022 Notas olfativas y piramide olfativa<br \/>\u2022 Perfumes terap\u00e9uticos<br \/>\u2022 \u00bfQu\u00e9 es la aromaterapia?<br \/>\u2022 \u00bfQu\u00e9 son los aceites esenciales? <br \/>\u2022 Aceites esenciales m\u00e1s utilizados, notas y posibles combinaciones<br \/>\u2022 Aceites vegetales <br \/>\u2022 Perfumes alcoh\u00f3licos y oleosos. <br \/>\u2022 Aguas florales. Agua Florida &#8211; Agua de hungria<br \/>\u2022 Energ\u00eda vital<br \/>\u2022 Valor terap\u00e9utico de la Aromaterapia en las emociones. <br \/>\u2022 Como Aplicar los perfumes terap\u00e9uticos<br \/>\u2022 Seguridad y posibles reacciones d\u00e9rmicas<br \/>\u2022 Cuadernillo con 16 aceites esenciales. Con sus propiedades b\u00e1sicas emocionales y cl\u00ednicas.<\/p><p><strong>Perfume Alcoh\u00f3lico:<\/strong><br \/>-Para el poder personal y autoestima<br \/>-Entusiasmo y alegr\u00eda<br \/>-Relajaci\u00f3n para un buen descansar<br \/>-Meditaci\u00f3n <br \/>-Para combatir la depresi\u00f3n<br \/>-Para desinfecci\u00f3n ambiental<br \/>-Para resfr\u00edos o gripes<\/p><p><strong>Perfume oleoso:<\/strong><br \/>-Equilibrador emocional <br \/>-Ansiedad, estres<br \/>&#8211; Miedos y fobias<br \/>-Para la concentraci\u00f3n y estudio<br \/>-Para el cansancio y el agotamiento<\/p><\/div>\n\t\t\t\t<\/div>\n\t\t\t\t\t\t\t<div class=\"elementor-accordion-item\">\n\t\t\t\t\t<div id=\"elementor-tab-title-1232\" class=\"elementor-tab-title\" data-tab=\"2\" role=\"button\" aria-controls=\"elementor-tab-content-1232\" aria-expanded=\"false\">\n\t\t\t\t\t\t\t\t\t\t\t\t\t<span class=\"elementor-accordion-icon elementor-accordion-icon-left\" aria-hidden=\"true\">\n\t\t\t\t\t\t\t\t\t\t\t\t\t\t\t<span class=\"elementor-accordion-icon-closed\"><i class=\"fas fa-plus\"><\/i><\/span>\n\t\t\t\t\t\t\t\t<span class=\"elementor-accordion-icon-opened\"><i class=\"fas fa-minus\"><\/i><\/span>\n\t\t\t\t\t\t\t\t\t\t\t\t\t\t<\/span>\n\t\t\t\t\t\t\t\t\t\t\t\t<a class=\"elementor-accordion-title\" tabindex=\"0\">Actividades Practicas<\/a>\n\t\t\t\t\t<\/div>\n\t\t\t\t\t<div id=\"elementor-tab-content-1232\" class=\"elementor-tab-content elementor-clearfix\" data-tab=\"2\" role=\"region\" aria-labelledby=\"elementor-tab-title-1232\"><p><strong>Haremos en vivo:<\/strong><\/p><p><strong>\u2022 Agua Florida<\/strong><\/p><p><strong>\u2022 2 Perfumes hidroalcoh\u00f3lico<\/strong>\u00a0<\/p><p><strong>\u2022 1 Perfume Oleoso<\/strong><\/p><\/div>\n\t\t\t\t<\/div>\n\t\t\t\t\t\t\t<div class=\"elementor-accordion-item\">\n\t\t\t\t\t<div id=\"elementor-tab-title-1233\" class=\"elementor-tab-title\" data-tab=\"3\" role=\"button\" aria-controls=\"elementor-tab-content-1233\" aria-expanded=\"false\">\n\t\t\t\t\t\t\t\t\t\t\t\t\t<span class=\"elementor-accordion-icon elementor-accordion-icon-left\" aria-hidden=\"true\">\n\t\t\t\t\t\t\t\t\t\t\t\t\t\t\t<span class=\"elementor-accordion-icon-closed\"><i class=\"fas fa-plus\"><\/i><\/span>\n\t\t\t\t\t\t\t\t<span class=\"elementor-accordion-icon-opened\"><i class=\"fas fa-minus\"><\/i><\/span>\n\t\t\t\t\t\t\t\t\t\t\t\t\t\t<\/span>\n\t\t\t\t\t\t\t\t\t\t\t\t<a class=\"elementor-accordion-title\" tabindex=\"0\">Objetivos del curso<\/a>\n\t\t\t\t\t<\/div>\n\t\t\t\t\t<div id=\"elementor-tab-content-1233\" class=\"elementor-tab-content elementor-clearfix\" data-tab=\"3\" role=\"region\" aria-labelledby=\"elementor-tab-title-1233\"><p>&#8211; Adentrarte a los preparados terap\u00e9uticos, desde un abordaje cient\u00edfico, psicoemocional y energ\u00e9tico, realizando perfumes naturales para tu sanaci\u00f3n integral.<\/p><p>&#8211; Aprender a realizar tus propios preparados terap\u00e9uticos, para beneficiarte de esta medicinal natural, de forma f\u00e1cil y segura.<\/p><\/div>\n\t\t\t\t<\/div>\n\t\t\t\t\t\t\t<div class=\"elementor-accordion-item\">\n\t\t\t\t\t<div id=\"elementor-tab-title-1234\" class=\"elementor-tab-title\" data-tab=\"4\" role=\"button\" aria-controls=\"elementor-tab-content-1234\" aria-expanded=\"false\">\n\t\t\t\t\t\t\t\t\t\t\t\t\t<span class=\"elementor-accordion-icon elementor-accordion-icon-left\" aria-hidden=\"true\">\n\t\t\t\t\t\t\t\t\t\t\t\t\t\t\t<span class=\"elementor-accordion-icon-closed\"><i class=\"fas fa-plus\"><\/i><\/span>\n\t\t\t\t\t\t\t\t<span class=\"elementor-accordion-icon-opened\"><i class=\"fas fa-minus\"><\/i><\/span>\n\t\t\t\t\t\t\t\t\t\t\t\t\t\t<\/span>\n\t\t\t\t\t\t\t\t\t\t\t\t<a class=\"elementor-accordion-title\" tabindex=\"0\">A quien esta dirigido<\/a>\n\t\t\t\t\t<\/div>\n\t\t\t\t\t<div id=\"elementor-tab-content-1234\" class=\"elementor-tab-content elementor-clearfix\" data-tab=\"4\" role=\"region\" aria-labelledby=\"elementor-tab-title-1234\"><p>&#8211; A todos aquellos que quieran aprender a realizar perfumes terap\u00e9uticos naturales a base de aceites esenciales.<\/p><p>&#8211; A todos aquellos que quieran comenzar un emprendimiento de productos de aromaterapia.<\/p><p>&#8211; A todos aquellos terapeutas que quieran incorporar la aromaterapia a en sus practicas.<\/p><\/div>\n\t\t\t\t<\/div>\n\t\t\t\t\t\t\t<div class=\"elementor-accordion-item\">\n\t\t\t\t\t<div id=\"elementor-tab-title-1235\" class=\"elementor-tab-title\" data-tab=\"5\" role=\"button\" aria-controls=\"elementor-tab-content-1235\" aria-expanded=\"false\">\n\t\t\t\t\t\t\t\t\t\t\t\t\t<span class=\"elementor-accordion-icon elementor-accordion-icon-left\" aria-hidden=\"true\">\n\t\t\t\t\t\t\t\t\t\t\t\t\t\t\t<span class=\"elementor-accordion-icon-closed\"><i class=\"fas fa-plus\"><\/i><\/span>\n\t\t\t\t\t\t\t\t<span class=\"elementor-accordion-icon-opened\"><i class=\"fas fa-minus\"><\/i><\/span>\n\t\t\t\t\t\t\t\t\t\t\t\t\t\t<\/span>\n\t\t\t\t\t\t\t\t\t\t\t\t<a class=\"elementor-accordion-title\" tabindex=\"0\">Modalidad del curso <\/a>\n\t\t\t\t\t<\/div>\n\t\t\t\t\t<div id=\"elementor-tab-content-1235\" class=\"elementor-tab-content elementor-clearfix\" data-tab=\"5\" role=\"region\" aria-labelledby=\"elementor-tab-title-1235\"><p><strong style=\"color: var( --e-global-color-text );\">MODALIDAD 100% Digital<\/strong><span style=\"color: var( --e-global-color-text );\"> (material de lectura en pdf de 50 paginas,\u00a0 no hay clases en vivo, ni fechas de comienzo, podes empezar cuando quieras.)<\/span><\/p><p><b>Tambi\u00e9n\u00a0contamos con la modalidad de clase en vivo que se realiza dos veces al a\u00f1o, con fechas de inicio programadas <a href=\"https:\/\/aromaterapiaflorar.com.ar\/en\/taller-perfumes-terapeuticos-energeticos\/\">(VER ACA)<\/a><\/b><\/p><\/div>\n\t\t\t\t<\/div>\n\t\t\t\t\t\t\t<div class=\"elementor-accordion-item\">\n\t\t\t\t\t<div id=\"elementor-tab-title-1236\" class=\"elementor-tab-title\" data-tab=\"6\" role=\"button\" aria-controls=\"elementor-tab-content-1236\" aria-expanded=\"false\">\n\t\t\t\t\t\t\t\t\t\t\t\t\t<span class=\"elementor-accordion-icon elementor-accordion-icon-left\" aria-hidden=\"true\">\n\t\t\t\t\t\t\t\t\t\t\t\t\t\t\t<span class=\"elementor-accordion-icon-closed\"><i class=\"fas fa-plus\"><\/i><\/span>\n\t\t\t\t\t\t\t\t<span class=\"elementor-accordion-icon-opened\"><i class=\"fas fa-minus\"><\/i><\/span>\n\t\t\t\t\t\t\t\t\t\t\t\t\t\t<\/span>\n\t\t\t\t\t\t\t\t\t\t\t\t<a class=\"elementor-accordion-title\" tabindex=\"0\">Precio del Taller<\/a>\n\t\t\t\t\t<\/div>\n\t\t\t\t\t<div id=\"elementor-tab-content-1236\" class=\"elementor-tab-content elementor-clearfix\" data-tab=\"6\" role=\"region\" aria-labelledby=\"elementor-tab-title-1236\"><p><strong>\u2022 MODALIDAD DIGITAL<\/strong>.<\/p><ul><li>Precio Normal:\u00a0 <strong>$65.000 ARG \/\/ <\/strong>= (pesos argentinos) \u2022 \/\/\u00a0<span style=\"color: var( --e-global-color-text );\">\u00a0<\/span><span style=\"font-weight: bolder; color: var( --e-global-color-text );\">U$D 75<\/span><\/li><\/ul><\/div>\n\t\t\t\t<\/div>\n\t\t\t\t\t\t\t<div class=\"elementor-accordion-item\">\n\t\t\t\t\t<div id=\"elementor-tab-title-1237\" class=\"elementor-tab-title\" data-tab=\"7\" role=\"button\" aria-controls=\"elementor-tab-content-1237\" aria-expanded=\"false\">\n\t\t\t\t\t\t\t\t\t\t\t\t\t<span class=\"elementor-accordion-icon elementor-accordion-icon-left\" aria-hidden=\"true\">\n\t\t\t\t\t\t\t\t\t\t\t\t\t\t\t<span class=\"elementor-accordion-icon-closed\"><i class=\"fas fa-plus\"><\/i><\/span>\n\t\t\t\t\t\t\t\t<span class=\"elementor-accordion-icon-opened\"><i class=\"fas fa-minus\"><\/i><\/span>\n\t\t\t\t\t\t\t\t\t\t\t\t\t\t<\/span>\n\t\t\t\t\t\t\t\t\t\t\t\t<a class=\"elementor-accordion-title\" tabindex=\"0\">Opcional de compra<\/a>\n\t\t\t\t\t<\/div>\n\t\t\t\t\t<div id=\"elementor-tab-content-1237\" class=\"elementor-tab-content elementor-clearfix\" data-tab=\"7\" role=\"region\" aria-labelledby=\"elementor-tab-title-1237\"><p><b>Puedes ir adquiriendo los productos para hacer tu propia perfumer\u00eda personal. (Consulta valor actualizado)<\/b><\/p><p>\u2022 Opci\u00f3n de compra: <strong>kit de los 7 aceites premiun de 1g<\/strong> c\/u.<\/p><p>\u2022 Opci\u00f3n de compra: <strong>kit de los 15 aceites premiun de 1g<\/strong> cada uno\u00a0<\/p><p>\u2022 <strong>2 Envases Pet de 60ml<\/strong> c\/ con v\u00e1lvula spray a\u00a0<\/p><p>\u2022 <strong>2 Frascos de Vidrio de 110ml<\/strong> c\/u v\u00e1lvula spray:\u00a0<\/p><p>\u2022 <strong>2 Rollon de vidrio<\/strong> transparente de 10ml :\u00a0\u00a0<\/p><p>\u2022 <strong>2 Frascos vidrio color ambar\u00a0<\/strong>\u00a0con inserto y tapa\u00a0<\/p><\/div>\n\t\t\t\t<\/div>\n\t\t\t\t\t\t\t\t<\/div>\n\t\t\t\t\t\t<\/div>\n\t\t\t\t<\/div>\n\t\t\t\t<div class=\"elementor-element elementor-element-857b1d7 sc_fly_static elementor-widget elementor-widget-spacer\" data-id=\"857b1d7\" data-element_type=\"widget\" data-e-type=\"widget\" data-widget_type=\"spacer.default\">\n\t\t\t\t<div class=\"elementor-widget-container\">\n\t\t\t\t\t\t\t<div class=\"elementor-spacer\">\n\t\t\t<div class=\"elementor-spacer-inner\"><\/div>\n\t\t<\/div>\n\t\t\t\t\t\t<\/div>\n\t\t\t\t<\/div>\n\t\t\t\t<div class=\"elementor-element elementor-element-6576df2 elementor-align-center sc_fly_static elementor-widget elementor-widget-button\" data-id=\"6576df2\" data-element_type=\"widget\" data-e-type=\"widget\" data-widget_type=\"button.default\">\n\t\t\t\t<div class=\"elementor-widget-container\">\n\t\t\t\t\t\t\t\t\t<div class=\"elementor-button-wrapper\">\n\t\t\t\t\t<a class=\"elementor-button elementor-button-link elementor-size-sm\" href=\"https:\/\/aromaterapiaflorar.com.ar\/en\/product\/taller-perfumeria-terapeutica-natural-energetica-parte-1-digital\/\">\n\t\t\t\t\t\t<span class=\"elementor-button-content-wrapper\">\n\t\t\t\t\t\t\t\t\t<span class=\"elementor-button-text\">Quiero comprar el Taller Digital en Pesos AR<\/span>\n\t\t\t\t\t<\/span>\n\t\t\t\t\t<\/a>\n\t\t\t\t<\/div>\n\t\t\t\t\t\t\t\t<\/div>\n\t\t\t\t<\/div>\n\t\t\t\t<div class=\"elementor-element elementor-element-65ff536 sc_fly_static elementor-widget elementor-widget-spacer\" data-id=\"65ff536\" data-element_type=\"widget\" data-e-type=\"widget\" data-widget_type=\"spacer.default\">\n\t\t\t\t<div class=\"elementor-widget-container\">\n\t\t\t\t\t\t\t<div class=\"elementor-spacer\">\n\t\t\t<div class=\"elementor-spacer-inner\"><\/div>\n\t\t<\/div>\n\t\t\t\t\t\t<\/div>\n\t\t\t\t<\/div>\n\t\t\t\t<div class=\"elementor-element elementor-element-a951a61 elementor-align-center sc_fly_static elementor-widget elementor-widget-button\" data-id=\"a951a61\" data-element_type=\"widget\" data-e-type=\"widget\" data-widget_type=\"button.default\">\n\t\t\t\t<div class=\"elementor-widget-container\">\n\t\t\t\t\t\t\t\t\t<div class=\"elementor-button-wrapper\">\n\t\t\t\t\t<a class=\"elementor-button elementor-button-link elementor-size-sm\" href=\"https:\/\/www.paypal.com\/cgi-bin\/webscr?cmd=_s-xclick&#038;hosted_button_id=XPHM99HENZ8X2\">\n\t\t\t\t\t\t<span class=\"elementor-button-content-wrapper\">\n\t\t\t\t\t\t\t\t\t<span class=\"elementor-button-text\">Comprar Taller   Digital en dolares<\/span>\n\t\t\t\t\t<\/span>\n\t\t\t\t\t<\/a>\n\t\t\t\t<\/div>\n\t\t\t\t\t\t\t\t<\/div>\n\t\t\t\t<\/div>\n\t\t\t\t<div class=\"elementor-element elementor-element-0018889 sc_fly_static elementor-widget elementor-widget-spacer\" data-id=\"0018889\" data-element_type=\"widget\" data-e-type=\"widget\" data-widget_type=\"spacer.default\">\n\t\t\t\t<div class=\"elementor-widget-container\">\n\t\t\t\t\t\t\t<div class=\"elementor-spacer\">\n\t\t\t<div class=\"elementor-spacer-inner\"><\/div>\n\t\t<\/div>\n\t\t\t\t\t\t<\/div>\n\t\t\t\t<\/div>\n\t\t\t\t<div class=\"elementor-element elementor-element-3958592 sc_fly_static elementor-widget elementor-widget-text-editor\" data-id=\"3958592\" data-element_type=\"widget\" data-e-type=\"widget\" data-widget_type=\"text-editor.default\">\n\t\t\t\t<div class=\"elementor-widget-container\">\n\t\t\t\t\t\t\t\t\t<p style=\"text-align: center;\">Tendr\u00e1s la posibilidad de <strong>comunicaci\u00f3n personalizada conmigo,<\/strong> para cualquier consulta, por el medio que te sea mas conveniente, ya sea whatsapp o por mail, una vez a la semana si as\u00ed lo necesitas y para las dudas que tengas.<\/p><p style=\"text-align: center;\">\u00a0<\/p>\t\t\t\t\t\t\t\t<\/div>\n\t\t\t\t<\/div>\n\t\t\t\t<div class=\"elementor-element elementor-element-dfd6d3c sc_fly_static elementor-widget elementor-widget-spacer\" data-id=\"dfd6d3c\" data-element_type=\"widget\" data-e-type=\"widget\" data-widget_type=\"spacer.default\">\n\t\t\t\t<div class=\"elementor-widget-container\">\n\t\t\t\t\t\t\t<div class=\"elementor-spacer\">\n\t\t\t<div class=\"elementor-spacer-inner\"><\/div>\n\t\t<\/div>\n\t\t\t\t\t\t<\/div>\n\t\t\t\t<\/div>\n\t\t\t\t<div class=\"elementor-element elementor-element-4f38795 elementor--h-position-center elementor--v-position-middle elementor-arrows-position-inside elementor-pagination-position-inside sc_fly_static elementor-widget elementor-widget-slides\" data-id=\"4f38795\" data-element_type=\"widget\" data-e-type=\"widget\" data-settings=\"{&quot;navigation&quot;:&quot;both&quot;,&quot;autoplay&quot;:&quot;yes&quot;,&quot;pause_on_hover&quot;:&quot;yes&quot;,&quot;pause_on_interaction&quot;:&quot;yes&quot;,&quot;autoplay_speed&quot;:5000,&quot;infinite&quot;:&quot;yes&quot;,&quot;transition&quot;:&quot;slide&quot;,&quot;transition_speed&quot;:500}\" data-widget_type=\"slides.default\">\n\t\t\t\t<div class=\"elementor-widget-container\">\n\t\t\t\t\t\t\t<div class=\"elementor-swiper\">\n\t\t\t<div class=\"elementor-slides-wrapper elementor-main-swiper swiper-container\" dir=\"ltr\" data-animation=\"fadeInUp\">\n\t\t\t\t<div class=\"swiper-wrapper elementor-slides\">\n\t\t\t\t\t\t\t\t\t\t<div class=\"elementor-repeater-item-60579c1 swiper-slide\"><div class=\"swiper-slide-bg\"><\/div><div class=\"swiper-slide-inner\" ><div class=\"swiper-slide-contents\"><\/div><\/div><\/div><div class=\"elementor-repeater-item-0491156 swiper-slide\"><div class=\"swiper-slide-bg\"><\/div><div class=\"swiper-slide-inner\" ><div class=\"swiper-slide-contents\"><div  class=\"elementor-button elementor-slide-button elementor-size-sm\">e<\/div><\/div><\/div><\/div><div class=\"elementor-repeater-item-746fe62 swiper-slide\"><div class=\"swiper-slide-bg\"><\/div><div class=\"swiper-slide-inner\" ><div class=\"swiper-slide-contents\"><\/div><\/div><\/div>\t\t\t\t<\/div>\n\t\t\t\t\t\t\t\t\t\t\t\t\t\t\t<div class=\"swiper-pagination\"><\/div>\n\t\t\t\t\t\t\t\t\t\t\t\t\t\t\t\t<div class=\"elementor-swiper-button elementor-swiper-button-prev\">\n\t\t\t\t\t\t\t<i aria-hidden=\"true\" class=\"eicon-chevron-left\"><\/i>\t\t\t\t\t\t\t<span class=\"elementor-screen-only\">Previous<\/span>\n\t\t\t\t\t\t<\/div>\n\t\t\t\t\t\t<div class=\"elementor-swiper-button elementor-swiper-button-next\">\n\t\t\t\t\t\t\t<i aria-hidden=\"true\" class=\"eicon-chevron-right\"><\/i>\t\t\t\t\t\t\t<span class=\"elementor-screen-only\">Next<\/span>\n\t\t\t\t\t\t<\/div>\n\t\t\t\t\t\t\t\t\t\t\t\t<\/div>\n\t\t<\/div>\n\t\t\t\t\t\t<\/div>\n\t\t\t\t<\/div>\n\t\t\t\t\t<\/div>\n\t\t<\/div>\n\t\t\t\t\t<\/div>\n\t\t<\/section>\n\t\t\t\t<\/div>","protected":false},"excerpt":{"rendered":"<p>\u201cHay perfumes que huelen a recuerdos\u201d o mejor dicho&#8230; si creamos recuerdos con perfumes? Taller&hellip;<\/p>","protected":false},"author":2,"featured_media":0,"parent":0,"menu_order":0,"comment_status":"open","ping_status":"closed","template":"","meta":{"_joinchat":[],"footnotes":""},"class_list":["post-6367","page","type-page","status-publish","hentry"],"_links":{"self":[{"href":"https:\/\/aromaterapiaflorar.com.ar\/en\/wp-json\/wp\/v2\/pages\/6367","targetHints":{"allow":["GET"]}}],"collection":[{"href":"https:\/\/aromaterapiaflorar.com.ar\/en\/wp-json\/wp\/v2\/pages"}],"about":[{"href":"https:\/\/aromaterapiaflorar.com.ar\/en\/wp-json\/wp\/v2\/types\/page"}],"author":[{"embeddable":true,"href":"https:\/\/aromaterapiaflorar.com.ar\/en\/wp-json\/wp\/v2\/users\/2"}],"replies":[{"embeddable":true,"href":"https:\/\/aromaterapiaflorar.com.ar\/en\/wp-json\/wp\/v2\/comments?post=6367"}],"version-history":[{"count":62,"href":"https:\/\/aromaterapiaflorar.com.ar\/en\/wp-json\/wp\/v2\/pages\/6367\/revisions"}],"predecessor-version":[{"id":11250,"href":"https:\/\/aromaterapiaflorar.com.ar\/en\/wp-json\/wp\/v2\/pages\/6367\/revisions\/11250"}],"wp:attachment":[{"href":"https:\/\/aromaterapiaflorar.com.ar\/en\/wp-json\/wp\/v2\/media?parent=6367"}],"curies":[{"name":"wp","href":"https:\/\/api.w.org\/{rel}","templated":true}]}}