{"id":6534,"date":"2024-01-09T12:58:14","date_gmt":"2024-01-09T15:58:14","guid":{"rendered":"https:\/\/aromaterapiaflorar.com.ar\/?page_id=6534"},"modified":"2024-01-09T13:01:38","modified_gmt":"2024-01-09T16:01:38","slug":"nicolas-ramos","status":"publish","type":"page","link":"https:\/\/aromaterapiaflorar.com.ar\/en\/nicolas-ramos\/","title":{"rendered":"Nicolas Ramos"},"content":{"rendered":"<div data-elementor-type=\"wp-page\" data-elementor-id=\"6534\" class=\"elementor elementor-6534\">\n\t\t\t\t\t\t<section class=\"elementor-section elementor-top-section elementor-element elementor-element-6bc0033 elementor-section-boxed elementor-section-height-default elementor-section-height-default sc_fly_static\" data-id=\"6bc0033\" data-element_type=\"section\" data-e-type=\"section\">\n\t\t\t\t\t\t<div class=\"elementor-container elementor-column-gap-extended\">\n\t\t\t\t\t<div class=\"elementor-column elementor-col-100 elementor-top-column elementor-element elementor-element-aee9c27 sc_content_align_inherit sc_layouts_column_icons_position_left sc_fly_static\" data-id=\"aee9c27\" data-element_type=\"column\" data-e-type=\"column\">\n\t\t\t<div class=\"elementor-widget-wrap elementor-element-populated\">\n\t\t\t\t\t\t<section class=\"elementor-section elementor-inner-section elementor-element elementor-element-88fa6e9 elementor-section-boxed elementor-section-height-default elementor-section-height-default sc_fly_static\" data-id=\"88fa6e9\" data-element_type=\"section\" data-e-type=\"section\">\n\t\t\t\t\t\t<div class=\"elementor-container elementor-column-gap-extended\">\n\t\t\t\t\t<div class=\"elementor-column elementor-col-50 elementor-inner-column elementor-element elementor-element-12bd726 sc_content_align_inherit sc_layouts_column_icons_position_left sc_fly_static\" data-id=\"12bd726\" data-element_type=\"column\" data-e-type=\"column\">\n\t\t\t<div class=\"elementor-widget-wrap elementor-element-populated\">\n\t\t\t\t\t\t<div class=\"elementor-element elementor-element-f968c2a sc_fly_static elementor-widget elementor-widget-image\" data-id=\"f968c2a\" data-element_type=\"widget\" data-e-type=\"widget\" data-widget_type=\"image.default\">\n\t\t\t\t<div class=\"elementor-widget-container\">\n\t\t\t\t\t\t\t\t\t\t\t\t\t\t\t<img fetchpriority=\"high\" decoding=\"async\" width=\"508\" height=\"225\" src=\"https:\/\/aromaterapiaflorar.com.ar\/wp-content\/uploads\/2023\/12\/Nico-2-son-fondo.png\" class=\"attachment-large size-large wp-image-5702\" alt=\"Nicolas Ramos. M\u00e9dico\" srcset=\"https:\/\/aromaterapiaflorar.com.ar\/wp-content\/uploads\/2023\/12\/Nico-2-son-fondo.png 508w, https:\/\/aromaterapiaflorar.com.ar\/wp-content\/uploads\/2023\/12\/Nico-2-son-fondo-300x133.png 300w\" sizes=\"(max-width: 600px) 100vw, 508px\" \/>\t\t\t\t\t\t\t\t\t\t\t\t\t\t\t<\/div>\n\t\t\t\t<\/div>\n\t\t\t\t\t<\/div>\n\t\t<\/div>\n\t\t\t\t<div class=\"elementor-column elementor-col-50 elementor-inner-column elementor-element elementor-element-8c790a2 sc_content_align_inherit sc_layouts_column_icons_position_left sc_fly_static\" data-id=\"8c790a2\" data-element_type=\"column\" data-e-type=\"column\">\n\t\t\t<div class=\"elementor-widget-wrap elementor-element-populated\">\n\t\t\t\t\t\t<div class=\"elementor-element elementor-element-de46a5c sc_fly_static elementor-widget elementor-widget-text-editor\" data-id=\"de46a5c\" data-element_type=\"widget\" data-e-type=\"widget\" data-widget_type=\"text-editor.default\">\n\t\t\t\t<div class=\"elementor-widget-container\">\n\t\t\t\t\t\t\t\t\t<p>Soy <strong>Nicolas Ramos, Medico<\/strong> egresado de la Universidad del Salvador, en Buenos Aires.<\/p><p>Desde chico sent\u00ed atracci\u00f3n por entender c\u00f3mo eran las cosas y las sensaciones que eso provocaba en m\u00ed.<\/p><p>Mi pap\u00e1 fue mec\u00e1nico y me encantaba aprender el funcionamiento de los autos y mi mama es obstetra, apasionada de la medicina y siempre me contaba como trabajaba el cuerpo.<\/p><p>Combinando las dos cosas fue un poco lo que me condujo a estudiar medicina. <strong>Entender para sanar.<\/strong><\/p><p>Durante <strong>mi carrera tuve formaci\u00f3n en los distintos sistemas, funcionamientos, abordajes, enfermedades y tratamientos.<\/strong> Tambi\u00e9n fui <strong>instruido en medicinas alternativas<\/strong> y es ah\u00ed donde comprend\u00ed las diversas formas que hay de poder sanar de manera no convencional o tradicional.<\/p><p><strong>Soy un convencido<\/strong> de que <strong>la medicina<\/strong> <strong>se debe enfocar desde lo hol\u00edstico,<\/strong> teniendo<strong> presente de que el cuerpo es una unidad bio-psico-social-espiritual<\/strong> y que en cualquiera de las dimensiones en las que falle el engranaje se perjudica todo el sistema.<\/p>\t\t\t\t\t\t\t\t<\/div>\n\t\t\t\t<\/div>\n\t\t\t\t\t<\/div>\n\t\t<\/div>\n\t\t\t\t\t<\/div>\n\t\t<\/section>\n\t\t\t\t\t<\/div>\n\t\t<\/div>\n\t\t\t\t\t<\/div>\n\t\t<\/section>\n\t\t\t\t<\/div>","protected":false},"excerpt":{"rendered":"<p>Soy Nicolas Ramos, Medico egresado de la Universidad del Salvador, en Buenos Aires. Desde chico&hellip;<\/p>","protected":false},"author":2,"featured_media":0,"parent":0,"menu_order":0,"comment_status":"closed","ping_status":"closed","template":"","meta":{"_joinchat":[],"footnotes":""},"class_list":["post-6534","page","type-page","status-publish","hentry"],"_links":{"self":[{"href":"https:\/\/aromaterapiaflorar.com.ar\/en\/wp-json\/wp\/v2\/pages\/6534","targetHints":{"allow":["GET"]}}],"collection":[{"href":"https:\/\/aromaterapiaflorar.com.ar\/en\/wp-json\/wp\/v2\/pages"}],"about":[{"href":"https:\/\/aromaterapiaflorar.com.ar\/en\/wp-json\/wp\/v2\/types\/page"}],"author":[{"embeddable":true,"href":"https:\/\/aromaterapiaflorar.com.ar\/en\/wp-json\/wp\/v2\/users\/2"}],"replies":[{"embeddable":true,"href":"https:\/\/aromaterapiaflorar.com.ar\/en\/wp-json\/wp\/v2\/comments?post=6534"}],"version-history":[{"count":4,"href":"https:\/\/aromaterapiaflorar.com.ar\/en\/wp-json\/wp\/v2\/pages\/6534\/revisions"}],"predecessor-version":[{"id":6541,"href":"https:\/\/aromaterapiaflorar.com.ar\/en\/wp-json\/wp\/v2\/pages\/6534\/revisions\/6541"}],"wp:attachment":[{"href":"https:\/\/aromaterapiaflorar.com.ar\/en\/wp-json\/wp\/v2\/media?parent=6534"}],"curies":[{"name":"wp","href":"https:\/\/api.w.org\/{rel}","templated":true}]}}