{"id":6723,"date":"2024-01-16T11:32:41","date_gmt":"2024-01-16T14:32:41","guid":{"rendered":"https:\/\/aromaterapiaflorar.com.ar\/?page_id=6723"},"modified":"2026-04-17T19:04:20","modified_gmt":"2026-04-17T22:04:20","slug":"diplomaturas","status":"publish","type":"page","link":"https:\/\/aromaterapiaflorar.com.ar\/en\/diplomaturas\/","title":{"rendered":"Diplomaturas"},"content":{"rendered":"<div data-elementor-type=\"wp-page\" data-elementor-id=\"6723\" class=\"elementor elementor-6723\">\n\t\t\t\t\t\t<section class=\"elementor-section elementor-top-section elementor-element elementor-element-17cf9e9 elementor-section-boxed elementor-section-height-default elementor-section-height-default sc_fly_static\" data-id=\"17cf9e9\" data-element_type=\"section\" data-e-type=\"section\">\n\t\t\t\t\t\t<div class=\"elementor-container elementor-column-gap-extended\">\n\t\t\t\t\t<div class=\"elementor-column elementor-col-100 elementor-top-column elementor-element elementor-element-1de741b sc_content_align_inherit sc_layouts_column_icons_position_left sc_fly_static\" data-id=\"1de741b\" data-element_type=\"column\" data-e-type=\"column\">\n\t\t\t<div class=\"elementor-widget-wrap elementor-element-populated\">\n\t\t\t\t\t\t<div class=\"elementor-element elementor-element-e9d08dc sc_fly_static elementor-widget elementor-widget-heading\" data-id=\"e9d08dc\" data-element_type=\"widget\" data-e-type=\"widget\" data-widget_type=\"heading.default\">\n\t\t\t\t<div class=\"elementor-widget-container\">\n\t\t\t\t\t<h2 class=\"elementor-heading-title elementor-size-medium\">En Aromaterapia cient\u00edfica,  energ\u00e9tica  y PsicoAromaterapia.\n\n<\/h2>\t\t\t\t<\/div>\n\t\t\t\t<\/div>\n\t\t\t\t<div class=\"elementor-element elementor-element-ccd4aa7 sc_fly_static elementor-widget elementor-widget-spacer\" data-id=\"ccd4aa7\" data-element_type=\"widget\" data-e-type=\"widget\" data-widget_type=\"spacer.default\">\n\t\t\t\t<div class=\"elementor-widget-container\">\n\t\t\t\t\t\t\t<div class=\"elementor-spacer\">\n\t\t\t<div class=\"elementor-spacer-inner\"><\/div>\n\t\t<\/div>\n\t\t\t\t\t\t<\/div>\n\t\t\t\t<\/div>\n\t\t\t\t<div class=\"elementor-element elementor-element-ad837cb sc_fly_static elementor-widget elementor-widget-heading\" data-id=\"ad837cb\" data-element_type=\"widget\" data-e-type=\"widget\" data-widget_type=\"heading.default\">\n\t\t\t\t<div class=\"elementor-widget-container\">\n\t\t\t\t\t<h2 class=\"elementor-heading-title elementor-size-medium\">Con fechas de inicio programadas<\/h2>\t\t\t\t<\/div>\n\t\t\t\t<\/div>\n\t\t\t\t<div class=\"elementor-element elementor-element-13be9f7 sc_fly_static elementor-widget elementor-widget-spacer\" data-id=\"13be9f7\" data-element_type=\"widget\" data-e-type=\"widget\" data-widget_type=\"spacer.default\">\n\t\t\t\t<div class=\"elementor-widget-container\">\n\t\t\t\t\t\t\t<div class=\"elementor-spacer\">\n\t\t\t<div class=\"elementor-spacer-inner\"><\/div>\n\t\t<\/div>\n\t\t\t\t\t\t<\/div>\n\t\t\t\t<\/div>\n\t\t\t\t<div class=\"elementor-element elementor-element-c76a6e0 sc_fly_static elementor-widget elementor-widget-image\" data-id=\"c76a6e0\" data-element_type=\"widget\" data-e-type=\"widget\" data-widget_type=\"image.default\">\n\t\t\t\t<div class=\"elementor-widget-container\">\n\t\t\t\t\t\t\t\t\t\t\t\t\t\t\t<img decoding=\"async\" src=\"https:\/\/aromaterapiaflorar.com.ar\/wp-content\/uploads\/elementor\/thumbs\/hojita-ritbum380w6hr1wy4dwaemdfc04ap91edd72a740cc.jpg\" title=\"hojita\" alt=\"hojita\" loading=\"lazy\" \/>\t\t\t\t\t\t\t\t\t\t\t\t\t\t\t<\/div>\n\t\t\t\t<\/div>\n\t\t\t\t<div class=\"elementor-element elementor-element-c03ef82 sc_fly_static elementor-widget elementor-widget-spacer\" data-id=\"c03ef82\" data-element_type=\"widget\" data-e-type=\"widget\" data-widget_type=\"spacer.default\">\n\t\t\t\t<div class=\"elementor-widget-container\">\n\t\t\t\t\t\t\t<div class=\"elementor-spacer\">\n\t\t\t<div class=\"elementor-spacer-inner\"><\/div>\n\t\t<\/div>\n\t\t\t\t\t\t<\/div>\n\t\t\t\t<\/div>\n\t\t\t\t<div class=\"elementor-element elementor-element-aa3c4fe elementor-widget-divider--view-line sc_fly_static elementor-widget elementor-widget-divider\" data-id=\"aa3c4fe\" data-element_type=\"widget\" data-e-type=\"widget\" data-widget_type=\"divider.default\">\n\t\t\t\t<div class=\"elementor-widget-container\">\n\t\t\t\t\t\t\t<div class=\"elementor-divider\">\n\t\t\t<span class=\"elementor-divider-separator\">\n\t\t\t\t\t\t<\/span>\n\t\t<\/div>\n\t\t\t\t\t\t<\/div>\n\t\t\t\t<\/div>\n\t\t\t\t<section class=\"elementor-section elementor-inner-section elementor-element elementor-element-5338f2f elementor-section-boxed elementor-section-height-default elementor-section-height-default sc_fly_static\" data-id=\"5338f2f\" data-element_type=\"section\" data-e-type=\"section\">\n\t\t\t\t\t\t<div class=\"elementor-container elementor-column-gap-extended\">\n\t\t\t\t\t<div class=\"elementor-column elementor-col-50 elementor-inner-column elementor-element elementor-element-2ae45da sc_content_align_inherit sc_layouts_column_icons_position_left sc_fly_static\" data-id=\"2ae45da\" data-element_type=\"column\" data-e-type=\"column\">\n\t\t\t<div class=\"elementor-widget-wrap elementor-element-populated\">\n\t\t\t\t\t\t<div class=\"elementor-element elementor-element-5aa1a84 sc_fly_static elementor-widget elementor-widget-image\" data-id=\"5aa1a84\" data-element_type=\"widget\" data-e-type=\"widget\" data-widget_type=\"image.default\">\n\t\t\t\t<div class=\"elementor-widget-container\">\n\t\t\t\t\t\t\t\t\t\t\t\t\t\t\t\t<a href=\"https:\/\/aromaterapiaflorar.com.ar\/en\/diplomatura-en-psicoaromaterapia\/\">\n\t\t\t\t\t\t\t<img fetchpriority=\"high\" decoding=\"async\" width=\"1024\" height=\"671\" src=\"https:\/\/aromaterapiaflorar.com.ar\/wp-content\/uploads\/2026\/01\/22-1024x671.jpg\" class=\"attachment-large size-large wp-image-9942\" alt=\"\" srcset=\"https:\/\/aromaterapiaflorar.com.ar\/wp-content\/uploads\/2026\/01\/22-1024x671.jpg 1024w, https:\/\/aromaterapiaflorar.com.ar\/wp-content\/uploads\/2026\/01\/22-600x393.jpg 600w, https:\/\/aromaterapiaflorar.com.ar\/wp-content\/uploads\/2026\/01\/22-300x197.jpg 300w, https:\/\/aromaterapiaflorar.com.ar\/wp-content\/uploads\/2026\/01\/22-768x504.jpg 768w, https:\/\/aromaterapiaflorar.com.ar\/wp-content\/uploads\/2026\/01\/22.jpg 1278w\" sizes=\"(max-width: 1024px) 100vw, 1024px\" \/>\t\t\t\t\t\t\t\t<\/a>\n\t\t\t\t\t\t\t\t\t\t\t\t\t\t\t<\/div>\n\t\t\t\t<\/div>\n\t\t\t\t\t<\/div>\n\t\t<\/div>\n\t\t\t\t<div class=\"elementor-column elementor-col-50 elementor-inner-column elementor-element elementor-element-7b41c08 sc_content_align_inherit sc_layouts_column_icons_position_left sc_fly_static\" data-id=\"7b41c08\" data-element_type=\"column\" data-e-type=\"column\">\n\t\t\t<div class=\"elementor-widget-wrap elementor-element-populated\">\n\t\t\t\t\t\t<div class=\"elementor-element elementor-element-9542891 sc_fly_static elementor-widget elementor-widget-heading\" data-id=\"9542891\" data-element_type=\"widget\" data-e-type=\"widget\" data-widget_type=\"heading.default\">\n\t\t\t\t<div class=\"elementor-widget-container\">\n\t\t\t\t\t<h2 class=\"elementor-heading-title elementor-size-default\">Diplomatura en PsicoAromaterapia <\/h2>\t\t\t\t<\/div>\n\t\t\t\t<\/div>\n\t\t\t\t<div class=\"elementor-element elementor-element-17fbf82 sc_fly_static elementor-widget elementor-widget-text-editor\" data-id=\"17fbf82\" data-element_type=\"widget\" data-e-type=\"widget\" data-widget_type=\"text-editor.default\">\n\t\t\t\t<div class=\"elementor-widget-container\">\n\t\t\t\t\t\t\t\t\t<p>Formaci\u00f3n profesional que integra <strong>aromaterapia, psicolog\u00eda y neurociencias<\/strong> para el estudio consciente y el acompa\u00f1amiento de las emociones, con <strong>bases cient\u00edficas y terap\u00e9uticas s\u00f3lidas<\/strong>.<\/p><p>\ud83d\udcc6 <strong>Duraci\u00f3n:<\/strong> 9 meses<br \/>\ud83d\udcbb <strong>Modalidad:<\/strong> 100% online<\/p><p>Incluye clases en vivo quincenales, contenidos asincr\u00f3nicos, <strong>manuales propios descargables en PDF<\/strong>, pr\u00e1cticas guiadas y trabajo con casos reales, con acompa\u00f1amiento docente permanente.<\/p><p>Al finalizar, obten\u00e9s la <strong>Certificaci\u00f3n en Diplomatura en PsicoAromaterapia<\/strong>.<\/p>\t\t\t\t\t\t\t\t<\/div>\n\t\t\t\t<\/div>\n\t\t\t\t<div class=\"elementor-element elementor-element-7c6540e elementor-align-left sc_fly_static elementor-widget elementor-widget-button\" data-id=\"7c6540e\" data-element_type=\"widget\" data-e-type=\"widget\" data-widget_type=\"button.default\">\n\t\t\t\t<div class=\"elementor-widget-container\">\n\t\t\t\t\t\t\t\t\t<div class=\"elementor-button-wrapper\">\n\t\t\t\t\t<a class=\"elementor-button elementor-button-link elementor-size-sm\" href=\"https:\/\/aromaterapiaflorar.com.ar\/en\/diplomatura-en-psicoaromaterapia\/\">\n\t\t\t\t\t\t<span class=\"elementor-button-content-wrapper\">\n\t\t\t\t\t\t\t\t\t<span class=\"elementor-button-text\">Conoc\u00e9 el programa completo y todos los detalles de la formaci\u00f3n<\/span>\n\t\t\t\t\t<\/span>\n\t\t\t\t\t<\/a>\n\t\t\t\t<\/div>\n\t\t\t\t\t\t\t\t<\/div>\n\t\t\t\t<\/div>\n\t\t\t\t\t<\/div>\n\t\t<\/div>\n\t\t\t\t\t<\/div>\n\t\t<\/section>\n\t\t\t\t<div class=\"elementor-element elementor-element-65d7f00 elementor-widget-divider--view-line sc_fly_static elementor-widget elementor-widget-divider\" data-id=\"65d7f00\" data-element_type=\"widget\" data-e-type=\"widget\" data-widget_type=\"divider.default\">\n\t\t\t\t<div class=\"elementor-widget-container\">\n\t\t\t\t\t\t\t<div class=\"elementor-divider\">\n\t\t\t<span class=\"elementor-divider-separator\">\n\t\t\t\t\t\t<\/span>\n\t\t<\/div>\n\t\t\t\t\t\t<\/div>\n\t\t\t\t<\/div>\n\t\t\t\t<section class=\"elementor-section elementor-inner-section elementor-element elementor-element-78abb6c elementor-section-boxed elementor-section-height-default elementor-section-height-default sc_fly_static\" data-id=\"78abb6c\" data-element_type=\"section\" data-e-type=\"section\">\n\t\t\t\t\t\t<div class=\"elementor-container elementor-column-gap-extended\">\n\t\t\t\t\t<div class=\"elementor-column elementor-col-50 elementor-inner-column elementor-element elementor-element-6d6592e sc_content_align_inherit sc_layouts_column_icons_position_left sc_fly_static\" data-id=\"6d6592e\" data-element_type=\"column\" data-e-type=\"column\">\n\t\t\t<div class=\"elementor-widget-wrap elementor-element-populated\">\n\t\t\t\t\t\t<div class=\"elementor-element elementor-element-add97b7 sc_fly_static elementor-widget elementor-widget-image\" data-id=\"add97b7\" data-element_type=\"widget\" data-e-type=\"widget\" data-widget_type=\"image.default\">\n\t\t\t\t<div class=\"elementor-widget-container\">\n\t\t\t\t\t\t\t\t\t\t\t\t\t\t\t\t<a href=\"https:\/\/aromaterapiaflorar.com.ar\/en\/formacion-en-fitoaromaterapia-integral-profesional\/\">\n\t\t\t\t\t\t\t<img decoding=\"async\" width=\"1024\" height=\"686\" src=\"https:\/\/aromaterapiaflorar.com.ar\/wp-content\/uploads\/2026\/01\/26-1024x686.jpg\" class=\"attachment-large size-large wp-image-9943\" alt=\"\" srcset=\"https:\/\/aromaterapiaflorar.com.ar\/wp-content\/uploads\/2026\/01\/26-1024x686.jpg 1024w, https:\/\/aromaterapiaflorar.com.ar\/wp-content\/uploads\/2026\/01\/26-600x402.jpg 600w, https:\/\/aromaterapiaflorar.com.ar\/wp-content\/uploads\/2026\/01\/26-300x201.jpg 300w, https:\/\/aromaterapiaflorar.com.ar\/wp-content\/uploads\/2026\/01\/26-768x515.jpg 768w, https:\/\/aromaterapiaflorar.com.ar\/wp-content\/uploads\/2026\/01\/26.jpg 1274w\" sizes=\"(max-width: 1024px) 100vw, 1024px\" \/>\t\t\t\t\t\t\t\t<\/a>\n\t\t\t\t\t\t\t\t\t\t\t\t\t\t\t<\/div>\n\t\t\t\t<\/div>\n\t\t\t\t\t<\/div>\n\t\t<\/div>\n\t\t\t\t<div class=\"elementor-column elementor-col-50 elementor-inner-column elementor-element elementor-element-b40950e sc_content_align_inherit sc_layouts_column_icons_position_left sc_fly_static\" data-id=\"b40950e\" data-element_type=\"column\" data-e-type=\"column\">\n\t\t\t<div class=\"elementor-widget-wrap elementor-element-populated\">\n\t\t\t\t\t\t<div class=\"elementor-element elementor-element-62e216f sc_fly_static elementor-widget elementor-widget-heading\" data-id=\"62e216f\" data-element_type=\"widget\" data-e-type=\"widget\" data-widget_type=\"heading.default\">\n\t\t\t\t<div class=\"elementor-widget-container\">\n\t\t\t\t\t<h2 class=\"elementor-heading-title elementor-size-default\">Certificaci\u00f3n Profesional en FitoAromaterapia cl\u00ednica<\/h2>\t\t\t\t<\/div>\n\t\t\t\t<\/div>\n\t\t\t\t<div class=\"elementor-element elementor-element-2dfd88b sc_fly_static elementor-widget elementor-widget-text-editor\" data-id=\"2dfd88b\" data-element_type=\"widget\" data-e-type=\"widget\" data-widget_type=\"text-editor.default\">\n\t\t\t\t<div class=\"elementor-widget-container\">\n\t\t\t\t\t\t\t\t\t<p>Formaci\u00f3n anual orientada a la <strong>aplicaci\u00f3n profesional de la aromaterapia y la fitoterapia<\/strong>, desde un enfoque integrador y consciente.<\/p><p><strong>\ud83d\udcc6 Duraci\u00f3n: 10 meses<\/strong><\/p><p><strong>Modalidad:<\/strong> <strong>100% online<\/strong><br \/><strong>Carga horaria:<\/strong> aprox. <strong>350 horas<\/strong><\/p><p>Incluye clases en vivo quincenales, contenidos asincr\u00f3nicos, <strong>manuales propios y material de estudio en PDF<\/strong>, material complementario y pr\u00e1cticas guiadas, con acompa\u00f1amiento docente permanente.<\/p><p>La formaci\u00f3n cuenta con la participaci\u00f3n de <strong>profesionales especializados<\/strong>, que aportan una mirada integral e interdisciplinaria, enriqueciendo el proceso de aprendizaje.<\/p><p>Al finalizar, obten\u00e9s la <strong>Certificaci\u00f3n de Profesional en FitoAromaterapia cl\u00ednica<\/strong>.<\/p>\t\t\t\t\t\t\t\t<\/div>\n\t\t\t\t<\/div>\n\t\t\t\t<div class=\"elementor-element elementor-element-e1e62ba elementor-align-left sc_fly_static elementor-widget elementor-widget-button\" data-id=\"e1e62ba\" data-element_type=\"widget\" data-e-type=\"widget\" data-widget_type=\"button.default\">\n\t\t\t\t<div class=\"elementor-widget-container\">\n\t\t\t\t\t\t\t\t\t<div class=\"elementor-button-wrapper\">\n\t\t\t\t\t<a class=\"elementor-button elementor-button-link elementor-size-sm\" href=\"https:\/\/aromaterapiaflorar.com.ar\/en\/formacion-en-fitoaromaterapia-integral-profesional\/\">\n\t\t\t\t\t\t<span class=\"elementor-button-content-wrapper\">\n\t\t\t\t\t\t\t\t\t<span class=\"elementor-button-text\">Conoc\u00e9 el programa completo y todos los detalles de la formaci\u00f3n.<\/span>\n\t\t\t\t\t<\/span>\n\t\t\t\t\t<\/a>\n\t\t\t\t<\/div>\n\t\t\t\t\t\t\t\t<\/div>\n\t\t\t\t<\/div>\n\t\t\t\t\t<\/div>\n\t\t<\/div>\n\t\t\t\t\t<\/div>\n\t\t<\/section>\n\t\t\t\t<div class=\"elementor-element elementor-element-5fc90d4 elementor-widget-divider--view-line sc_fly_static elementor-widget elementor-widget-divider\" data-id=\"5fc90d4\" data-element_type=\"widget\" data-e-type=\"widget\" data-widget_type=\"divider.default\">\n\t\t\t\t<div class=\"elementor-widget-container\">\n\t\t\t\t\t\t\t<div class=\"elementor-divider\">\n\t\t\t<span class=\"elementor-divider-separator\">\n\t\t\t\t\t\t<\/span>\n\t\t<\/div>\n\t\t\t\t\t\t<\/div>\n\t\t\t\t<\/div>\n\t\t\t\t<div class=\"elementor-element elementor-element-b1a1d33 elementor-widget-divider--separator-type-pattern elementor-widget-divider--no-spacing elementor-widget-divider--view-line sc_fly_static elementor-widget elementor-widget-divider\" data-id=\"b1a1d33\" data-element_type=\"widget\" data-e-type=\"widget\" data-widget_type=\"divider.default\">\n\t\t\t\t<div class=\"elementor-widget-container\">\n\t\t\t\t\t\t\t<div class=\"elementor-divider\" style=\"--divider-pattern-url: url(&quot;data:image\/svg+xml,%3Csvg xmlns=&#039;http:\/\/www.w3.org\/2000\/svg&#039; preserveAspectRatio=&#039;xMidYMid meet&#039; overflow=&#039;visible&#039; height=&#039;100%&#039; viewBox=&#039;0 0 117 26&#039; fill=&#039;black&#039; stroke=&#039;none&#039;%3E%3Cpath d=&#039;M3,1.5C5,4.9,6,8.8,6,13s-1.7,8.1-5,11.5C0.3,21.1,0,17.2,0,13S1,4.9,3,1.5z M16,1.5c2,3.4,3,7.3,3,11.5s-1,8.1-3,11.5c-2-4.1-3-8.3-3-12.5S14,4.3,16,1.5z M29,1.5c2,4.8,3,9.3,3,13.5s-1,7.4-3,9.5c-2-3.4-3-7.3-3-11.5S27,4.9,29,1.5z M41.1,1.5C43.7,4.9,45,8.8,45,13s-1,8.1-3,11.5c-2-3.4-3-7.3-3-11.5S39.7,4.9,41.1,1.5zM55,1.5c2,2.8,3,6.3,3,10.5s-1.3,8.4-4,12.5c-1.3-3.4-2-7.3-2-11.5S53,4.9,55,1.5z M68,1.5c2,3.4,3,7.3,3,11.5s-0.7,8.1-2,11.5c-2.7-4.8-4-9.3-4-13.5S66,3.6,68,1.5z M82,1.5c1.3,4.8,2,9.3,2,13.5s-1,7.4-3,9.5c-2-3.4-3-7.3-3-11.5S79.3,4.9,82,1.5z M94,1.5c2,3.4,3,7.3,3,11.5s-1.3,8.1-4,11.5c-1.3-1.4-2-4.3-2-8.5S92,6.9,94,1.5z M107,1.5c2,2.1,3,5.3,3,9.5s-0.7,8.7-2,13.5c-2.7-3.4-4-7.3-4-11.5S105,4.9,107,1.5z&#039;\/%3E%3C\/svg%3E&quot;);\">\n\t\t\t<span class=\"elementor-divider-separator\">\n\t\t\t\t\t\t<\/span>\n\t\t<\/div>\n\t\t\t\t\t\t<\/div>\n\t\t\t\t<\/div>\n\t\t\t\t<div class=\"elementor-element elementor-element-ff7a7c2 sc_fly_static elementor-widget elementor-widget-trx_sc_title\" data-id=\"ff7a7c2\" data-element_type=\"widget\" data-e-type=\"widget\" data-widget_type=\"trx_sc_title.default\">\n\t\t\t\t<div class=\"elementor-widget-container\">\n\t\t\t\t\t<div\t\tclass=\"sc_title sc_title_default\" ><h3 class=\"sc_item_title sc_title_title sc_align_center sc_item_title_style_default sc_item_title_tag\"\n\t\t\t><span class=\"sc_item_title_text\">Tu recorrido formativo dentro de la Escuela<\/span><\/h3><\/div>\t\t\t\t<\/div>\n\t\t\t\t<\/div>\n\t\t\t\t<div class=\"elementor-element elementor-element-e44b6fc sc_fly_static elementor-widget elementor-widget-spacer\" data-id=\"e44b6fc\" data-element_type=\"widget\" data-e-type=\"widget\" data-widget_type=\"spacer.default\">\n\t\t\t\t<div class=\"elementor-widget-container\">\n\t\t\t\t\t\t\t<div class=\"elementor-spacer\">\n\t\t\t<div class=\"elementor-spacer-inner\"><\/div>\n\t\t<\/div>\n\t\t\t\t\t\t<\/div>\n\t\t\t\t<\/div>\n\t\t\t\t<div class=\"elementor-element elementor-element-493d043 elementor-widget__width-inherit sc_fly_static elementor-widget elementor-widget-text-editor\" data-id=\"493d043\" data-element_type=\"widget\" data-e-type=\"widget\" data-widget_type=\"text-editor.default\">\n\t\t\t\t<div class=\"elementor-widget-container\">\n\t\t\t\t\t\t\t\t\t<p data-start=\"136\" data-end=\"375\">Las formaciones de la Escuela est\u00e1n estructuradas en tramos progresivos, dise\u00f1ados para que puedas avanzar de manera ordenada y a tu propio ritmo, construyendo un recorrido formativo que va desde los fundamentos hasta el nivel profesional.<\/p><p data-start=\"377\" data-end=\"445\">La propuesta acad\u00e9mica se organiza en dos l\u00edneas de especializaci\u00f3n:<\/p><p data-start=\"447\" data-end=\"636\">\u2022 <strong>FitoAromaterapia Clinica<\/strong>, que culmina con la certificaci\u00f3n como Profesional en FitoAromaterapia clinica<br data-start=\"555\" data-end=\"558\" \/>\u2022 <strong data-start=\"560\" data-end=\"581\">PsicoAromaterapia<\/strong>, que finaliza con la Diplomatura en PsicoAromaterapia.<\/p><p data-start=\"638\" data-end=\"950\">Cada m\u00f3dulo funciona como una unidad formativa independiente, lo que te permite cursarlo de manera individual. A su vez, la integraci\u00f3n de todos los m\u00f3dulos de cada l\u00ednea conduce a la certificaci\u00f3n final, brind\u00e1ndote la posibilidad de avanzar y retomar tu formaci\u00f3n en distintos momentos seg\u00fan tu disponibilidad.<\/p><p data-start=\"952\" data-end=\"1221\">Todas las formaciones cuentan con aval institucional de A<strong>sociaci\u00f3n Espa\u00f1ola de Aromatolog\u00eda<\/strong> (A.E.A.) y la <strong>Asociaci\u00f3n Profesional Espa\u00f1ola de Naturopat\u00eda y Bioterapias<\/strong> (APENB), lo que <strong>respalda<\/strong> su <strong>calidad acad\u00e9mica<\/strong> y su <strong>reconocimiento dentro del \u00e1mbito profesional<\/strong>.<\/p>\t\t\t\t\t\t\t\t<\/div>\n\t\t\t\t<\/div>\n\t\t\t\t<div class=\"elementor-element elementor-element-d662144 elementor-widget__width-inherit sc_fly_static elementor-widget elementor-widget-text-editor\" data-id=\"d662144\" data-element_type=\"widget\" data-e-type=\"widget\" data-widget_type=\"text-editor.default\">\n\t\t\t\t<div class=\"elementor-widget-container\">\n\t\t\t\t\t\t\t\t\t<p><span style=\"text-decoration: underline;\"><strong>Docentes de la Escuela:<\/strong><\/span>\u00a0<\/p><p>\u2022<\/p><p>\u2022 <strong>Nicola Ramos, Doctor , <\/strong>recibido de la Universidad del Salvador Bs. As.<\/p><p>\u2022<strong> Tamara Tamis,<\/strong> Psicopedagoga, Psic\u00f3loga Social y Acompa\u00f1ante Terap\u00e9utica.<\/p><p>\u2022 <strong>Daniela Dom\u00ednguez,<\/strong> Fitoaromaterapueta Porfesional.<\/p><p>\u2022 <strong>Adiana Asselle,<\/strong> Especialista en emergencias pediatricas.<\/p><p>\u2022<strong> Andrea Ramos<\/strong>, Master en Aromatologa y Aromaterapia Integral (recibida del Instituto E.S.B de Barcelona a cargo de Enrique S. Bascu\u00f1ana)<\/p><p><span style=\"background-color: var( --e-global-color-8d9b689 );\">Cualquier duda podes escribirnos:\u00a0 aromaterapiaflorar@gmail.com<\/span><\/p>\t\t\t\t\t\t\t\t<\/div>\n\t\t\t\t<\/div>\n\t\t\t\t<div class=\"elementor-element elementor-element-2b96f68 elementor-widget-divider--separator-type-pattern elementor-widget-divider--no-spacing elementor-widget-divider--view-line sc_fly_static elementor-widget elementor-widget-divider\" data-id=\"2b96f68\" data-element_type=\"widget\" data-e-type=\"widget\" data-widget_type=\"divider.default\">\n\t\t\t\t<div class=\"elementor-widget-container\">\n\t\t\t\t\t\t\t<div class=\"elementor-divider\" style=\"--divider-pattern-url: url(&quot;data:image\/svg+xml,%3Csvg xmlns=&#039;http:\/\/www.w3.org\/2000\/svg&#039; preserveAspectRatio=&#039;xMidYMid meet&#039; overflow=&#039;visible&#039; height=&#039;100%&#039; viewBox=&#039;0 0 117 26&#039; fill=&#039;black&#039; stroke=&#039;none&#039;%3E%3Cpath d=&#039;M3,1.5C5,4.9,6,8.8,6,13s-1.7,8.1-5,11.5C0.3,21.1,0,17.2,0,13S1,4.9,3,1.5z M16,1.5c2,3.4,3,7.3,3,11.5s-1,8.1-3,11.5c-2-4.1-3-8.3-3-12.5S14,4.3,16,1.5z M29,1.5c2,4.8,3,9.3,3,13.5s-1,7.4-3,9.5c-2-3.4-3-7.3-3-11.5S27,4.9,29,1.5z M41.1,1.5C43.7,4.9,45,8.8,45,13s-1,8.1-3,11.5c-2-3.4-3-7.3-3-11.5S39.7,4.9,41.1,1.5zM55,1.5c2,2.8,3,6.3,3,10.5s-1.3,8.4-4,12.5c-1.3-3.4-2-7.3-2-11.5S53,4.9,55,1.5z M68,1.5c2,3.4,3,7.3,3,11.5s-0.7,8.1-2,11.5c-2.7-4.8-4-9.3-4-13.5S66,3.6,68,1.5z M82,1.5c1.3,4.8,2,9.3,2,13.5s-1,7.4-3,9.5c-2-3.4-3-7.3-3-11.5S79.3,4.9,82,1.5z M94,1.5c2,3.4,3,7.3,3,11.5s-1.3,8.1-4,11.5c-1.3-1.4-2-4.3-2-8.5S92,6.9,94,1.5z M107,1.5c2,2.1,3,5.3,3,9.5s-0.7,8.7-2,13.5c-2.7-3.4-4-7.3-4-11.5S105,4.9,107,1.5z&#039;\/%3E%3C\/svg%3E&quot;);\">\n\t\t\t<span class=\"elementor-divider-separator\">\n\t\t\t\t\t\t<\/span>\n\t\t<\/div>\n\t\t\t\t\t\t<\/div>\n\t\t\t\t<\/div>\n\t\t\t\t\t<\/div>\n\t\t<\/div>\n\t\t\t\t\t<\/div>\n\t\t<\/section>\n\t\t\t\t<\/div>","protected":false},"excerpt":{"rendered":"<p>En Aromaterapia cient\u00edfica, energ\u00e9tica y PsicoAromaterapia. Con fechas de inicio programadas Diplomatura en PsicoAromaterapia Formaci\u00f3n&hellip;<\/p>","protected":false},"author":2,"featured_media":0,"parent":0,"menu_order":0,"comment_status":"closed","ping_status":"closed","template":"","meta":{"_joinchat":[],"footnotes":""},"class_list":["post-6723","page","type-page","status-publish","hentry"],"_links":{"self":[{"href":"https:\/\/aromaterapiaflorar.com.ar\/en\/wp-json\/wp\/v2\/pages\/6723","targetHints":{"allow":["GET"]}}],"collection":[{"href":"https:\/\/aromaterapiaflorar.com.ar\/en\/wp-json\/wp\/v2\/pages"}],"about":[{"href":"https:\/\/aromaterapiaflorar.com.ar\/en\/wp-json\/wp\/v2\/types\/page"}],"author":[{"embeddable":true,"href":"https:\/\/aromaterapiaflorar.com.ar\/en\/wp-json\/wp\/v2\/users\/2"}],"replies":[{"embeddable":true,"href":"https:\/\/aromaterapiaflorar.com.ar\/en\/wp-json\/wp\/v2\/comments?post=6723"}],"version-history":[{"count":67,"href":"https:\/\/aromaterapiaflorar.com.ar\/en\/wp-json\/wp\/v2\/pages\/6723\/revisions"}],"predecessor-version":[{"id":11639,"href":"https:\/\/aromaterapiaflorar.com.ar\/en\/wp-json\/wp\/v2\/pages\/6723\/revisions\/11639"}],"wp:attachment":[{"href":"https:\/\/aromaterapiaflorar.com.ar\/en\/wp-json\/wp\/v2\/media?parent=6723"}],"curies":[{"name":"wp","href":"https:\/\/api.w.org\/{rel}","templated":true}]}}