{"id":7270,"date":"2024-05-21T17:48:10","date_gmt":"2024-05-21T20:48:10","guid":{"rendered":"https:\/\/aromaterapiaflorar.com.ar\/?page_id=7270"},"modified":"2026-03-01T17:18:44","modified_gmt":"2026-03-01T20:18:44","slug":"taller-cosmetica-natural","status":"publish","type":"page","link":"https:\/\/aromaterapiaflorar.com.ar\/en\/taller-cosmetica-natural\/","title":{"rendered":"Taller Cosm\u00e9tica Natural \u2022 Digital clase grabada \u2022"},"content":{"rendered":"<div data-elementor-type=\"wp-page\" data-elementor-id=\"7270\" class=\"elementor elementor-7270\">\n\t\t\t\t\t\t<section class=\"elementor-section elementor-top-section elementor-element elementor-element-fbbaadd elementor-section-boxed elementor-section-height-default elementor-section-height-default sc_fly_static\" data-id=\"fbbaadd\" data-element_type=\"section\" data-e-type=\"section\">\n\t\t\t\t\t\t<div class=\"elementor-container elementor-column-gap-extended\">\n\t\t\t\t\t<div class=\"elementor-column elementor-col-100 elementor-top-column elementor-element elementor-element-11c4c10 sc_content_align_inherit sc_layouts_column_icons_position_left sc_fly_static\" data-id=\"11c4c10\" data-element_type=\"column\" data-e-type=\"column\">\n\t\t\t<div class=\"elementor-widget-wrap elementor-element-populated\">\n\t\t\t\t\t\t<div class=\"elementor-element elementor-element-625c0f1 sc_fly_static elementor-widget elementor-widget-text-editor\" data-id=\"625c0f1\" data-element_type=\"widget\" data-e-type=\"widget\" data-widget_type=\"text-editor.default\">\n\t\t\t\t<div class=\"elementor-widget-container\">\n\t\t\t\t\t\t\t\t\t<p style=\"text-align: center;\"><strong>\u00a0Taller Te\u00f3rico y pr\u00e1ctico- Clase grabada de 2 1\/2 hs.<br \/><\/strong><\/p>\t\t\t\t\t\t\t\t<\/div>\n\t\t\t\t<\/div>\n\t\t\t\t<div class=\"elementor-element elementor-element-6825f8a sc_fly_static elementor-widget elementor-widget-text-editor\" data-id=\"6825f8a\" data-element_type=\"widget\" data-e-type=\"widget\" data-widget_type=\"text-editor.default\">\n\t\t\t\t<div class=\"elementor-widget-container\">\n\t\t\t\t\t\t\t\t\t<p>Para que lo puedas ver a tu tiempo &#8211; Acceso permanente al aula.<\/p>\t\t\t\t\t\t\t\t<\/div>\n\t\t\t\t<\/div>\n\t\t\t\t<section class=\"elementor-section elementor-inner-section elementor-element elementor-element-84b130e elementor-section-boxed elementor-section-height-default elementor-section-height-default sc_fly_static\" data-id=\"84b130e\" data-element_type=\"section\" data-e-type=\"section\">\n\t\t\t\t\t\t<div class=\"elementor-container elementor-column-gap-extended\">\n\t\t\t\t\t<div class=\"elementor-column elementor-col-50 elementor-inner-column elementor-element elementor-element-eac6096 sc_content_align_inherit sc_layouts_column_icons_position_left sc_fly_static\" data-id=\"eac6096\" data-element_type=\"column\" data-e-type=\"column\">\n\t\t\t<div class=\"elementor-widget-wrap elementor-element-populated\">\n\t\t\t\t\t\t<div class=\"elementor-element elementor-element-19c4123 sc_fly_static elementor-widget elementor-widget-image\" data-id=\"19c4123\" data-element_type=\"widget\" data-e-type=\"widget\" data-widget_type=\"image.default\">\n\t\t\t\t<div class=\"elementor-widget-container\">\n\t\t\t\t\t\t\t\t\t\t\t\t\t\t\t<img fetchpriority=\"high\" decoding=\"async\" width=\"846\" height=\"793\" src=\"https:\/\/aromaterapiaflorar.com.ar\/wp-content\/uploads\/2024\/05\/Dig-COSME.jpg\" class=\"attachment-large size-large wp-image-9979\" alt=\"\" srcset=\"https:\/\/aromaterapiaflorar.com.ar\/wp-content\/uploads\/2024\/05\/Dig-COSME.jpg 846w, https:\/\/aromaterapiaflorar.com.ar\/wp-content\/uploads\/2024\/05\/Dig-COSME-600x562.jpg 600w, https:\/\/aromaterapiaflorar.com.ar\/wp-content\/uploads\/2024\/05\/Dig-COSME-300x281.jpg 300w, https:\/\/aromaterapiaflorar.com.ar\/wp-content\/uploads\/2024\/05\/Dig-COSME-768x720.jpg 768w\" sizes=\"(max-width: 846px) 100vw, 846px\" \/>\t\t\t\t\t\t\t\t\t\t\t\t\t\t\t<\/div>\n\t\t\t\t<\/div>\n\t\t\t\t\t<\/div>\n\t\t<\/div>\n\t\t\t\t<div class=\"elementor-column elementor-col-50 elementor-inner-column elementor-element elementor-element-ddaf675 sc_content_align_inherit sc_layouts_column_icons_position_left sc_fly_static\" data-id=\"ddaf675\" data-element_type=\"column\" data-e-type=\"column\">\n\t\t\t<div class=\"elementor-widget-wrap elementor-element-populated\">\n\t\t\t\t\t\t<div class=\"elementor-element elementor-element-02586e2 sc_fly_static elementor-widget elementor-widget-text-editor\" data-id=\"02586e2\" data-element_type=\"widget\" data-e-type=\"widget\" data-widget_type=\"text-editor.default\">\n\t\t\t\t<div class=\"elementor-widget-container\">\n\t\t\t\t\t\t\t\t\t<p>En esta clase aprender\u00e1s: bases y principios de la cosm\u00e9tica natural, formas de incorporar plantas para tus h\u00e1bitos de higiene y bienestar.<\/p>\n<p>Se comparte tres formulas que son la base de la cosm\u00e9tica natural, ya que a partir de estas tres formulas, podes confeccionar muchos otros productos.<\/p>\n<p>Una clase muy completa para que puedas comenzar a realizar tus propios productos.<\/p>\t\t\t\t\t\t\t\t<\/div>\n\t\t\t\t<\/div>\n\t\t\t\t\t<\/div>\n\t\t<\/div>\n\t\t\t\t\t<\/div>\n\t\t<\/section>\n\t\t\t\t<div class=\"elementor-element elementor-element-f1bb5e5 sc_fly_static elementor-widget elementor-widget-spacer\" data-id=\"f1bb5e5\" data-element_type=\"widget\" data-e-type=\"widget\" data-widget_type=\"spacer.default\">\n\t\t\t\t<div class=\"elementor-widget-container\">\n\t\t\t\t\t\t\t<div class=\"elementor-spacer\">\n\t\t\t<div class=\"elementor-spacer-inner\"><\/div>\n\t\t<\/div>\n\t\t\t\t\t\t<\/div>\n\t\t\t\t<\/div>\n\t\t\t\t<div class=\"elementor-element elementor-element-67d5e1c sc_fly_static elementor-widget elementor-widget-image\" data-id=\"67d5e1c\" data-element_type=\"widget\" data-e-type=\"widget\" data-widget_type=\"image.default\">\n\t\t\t\t<div class=\"elementor-widget-container\">\n\t\t\t\t\t\t\t\t\t\t\t\t\t\t\t<img decoding=\"async\" src=\"https:\/\/aromaterapiaflorar.com.ar\/wp-content\/uploads\/elementor\/thumbs\/ginco-y-liena-scaled-ritbuowuqi4grns98e5iuqn7g6uwu25dc1ptcmdyw8.jpg\" title=\"ginco y liena\" alt=\"ginco y liena\" loading=\"lazy\" \/>\t\t\t\t\t\t\t\t\t\t\t\t\t\t\t<\/div>\n\t\t\t\t<\/div>\n\t\t\t\t<div class=\"elementor-element elementor-element-085fb1a sc_fly_static elementor-widget elementor-widget-spacer\" data-id=\"085fb1a\" data-element_type=\"widget\" data-e-type=\"widget\" data-widget_type=\"spacer.default\">\n\t\t\t\t<div class=\"elementor-widget-container\">\n\t\t\t\t\t\t\t<div class=\"elementor-spacer\">\n\t\t\t<div class=\"elementor-spacer-inner\"><\/div>\n\t\t<\/div>\n\t\t\t\t\t\t<\/div>\n\t\t\t\t<\/div>\n\t\t\t\t<div class=\"elementor-element elementor-element-2f2a850 sc_fly_static elementor-widget elementor-widget-heading\" data-id=\"2f2a850\" data-element_type=\"widget\" data-e-type=\"widget\" data-widget_type=\"heading.default\">\n\t\t\t\t<div class=\"elementor-widget-container\">\n\t\t\t\t\t<h2 class=\"elementor-heading-title elementor-size-default\"><a href=\"https:\/\/abuelarbol.com.ar\/\">Comparte: Laura George Adrover de Abuel\u00e1rbol Biocosm\u00e9tica<\/a><\/h2>\t\t\t\t<\/div>\n\t\t\t\t<\/div>\n\t\t\t\t<div class=\"elementor-element elementor-element-c777b1f sc_fly_static elementor-widget elementor-widget-image\" data-id=\"c777b1f\" data-element_type=\"widget\" data-e-type=\"widget\" data-widget_type=\"image.default\">\n\t\t\t\t<div class=\"elementor-widget-container\">\n\t\t\t\t\t\t\t\t\t\t\t\t\t\t\t<img decoding=\"async\" src=\"https:\/\/aromaterapiaflorar.com.ar\/wp-content\/uploads\/elementor\/thumbs\/WhatsApp-Image-2023-12-11-at-12.49.45-1200x800-1-ritbuvhw5m9xp6ai8badt9p7n1o0t20jbgqkdoxepk.jpeg\" title=\"WhatsApp-Image-2023-12-11-at-12.49.45-1200&#215;800\" alt=\"WhatsApp-Image-2023-12-11-at-12.49.45-1200x800\" loading=\"lazy\" \/>\t\t\t\t\t\t\t\t\t\t\t\t\t\t\t<\/div>\n\t\t\t\t<\/div>\n\t\t\t\t<div class=\"elementor-element elementor-element-2a98bf8 sc_fly_static elementor-widget elementor-widget-text-editor\" data-id=\"2a98bf8\" data-element_type=\"widget\" data-e-type=\"widget\" data-widget_type=\"text-editor.default\">\n\t\t\t\t<div class=\"elementor-widget-container\">\n\t\t\t\t\t\t\t\t\t<p><u><a href=\"https:\/\/abuelarbol.com.ar\"><b>Sobre Abuel\u00e1rbol<\/b><\/a><\/u><\/p><p><a href=\"https:\/\/abuelarbol.com.ar\">Abuel\u00e1rbol<\/a> se dedica desde el a\u00f1o 2016 a crear productos para el bienestar con plantas e ingredientes naturales.<\/p><p>Propone una alternativa sustentable, saludable y biodegradable para las pr\u00e1cticas de higiene, bienestar y salud, <br \/>inculcando el uso de productos naturales saludables para nuestros cuerpos y para el medioambiente.<\/p><p>Desde el a\u00f1o 2015 brinda cursos de elaboraci\u00f3n de cosm\u00e9tica natural y productos a base de plantas.<\/p><p>Podes encontrar mas <u><b><a href=\"https:\/\/abuelarbol.com.ar\">informaci\u00f3n aca<\/a><\/b><\/u>.<\/p>\t\t\t\t\t\t\t\t<\/div>\n\t\t\t\t<\/div>\n\t\t\t\t<div class=\"elementor-element elementor-element-64ae012 sc_fly_static elementor-widget elementor-widget-spacer\" data-id=\"64ae012\" data-element_type=\"widget\" data-e-type=\"widget\" data-widget_type=\"spacer.default\">\n\t\t\t\t<div class=\"elementor-widget-container\">\n\t\t\t\t\t\t\t<div class=\"elementor-spacer\">\n\t\t\t<div class=\"elementor-spacer-inner\"><\/div>\n\t\t<\/div>\n\t\t\t\t\t\t<\/div>\n\t\t\t\t<\/div>\n\t\t\t\t<div class=\"elementor-element elementor-element-5a724ba sc_fly_static elementor-widget elementor-widget-accordion\" data-id=\"5a724ba\" data-element_type=\"widget\" data-e-type=\"widget\" data-widget_type=\"accordion.default\">\n\t\t\t\t<div class=\"elementor-widget-container\">\n\t\t\t\t\t\t\t<div class=\"elementor-accordion\">\n\t\t\t\t\t\t\t<div class=\"elementor-accordion-item\">\n\t\t\t\t\t<div id=\"elementor-tab-title-9481\" class=\"elementor-tab-title\" data-tab=\"1\" role=\"button\" aria-controls=\"elementor-tab-content-9481\" aria-expanded=\"false\">\n\t\t\t\t\t\t\t\t\t\t\t\t\t<span class=\"elementor-accordion-icon elementor-accordion-icon-left\" aria-hidden=\"true\">\n\t\t\t\t\t\t\t\t\t\t\t\t\t\t\t<span class=\"elementor-accordion-icon-closed\"><i class=\"fas fa-plus\"><\/i><\/span>\n\t\t\t\t\t\t\t\t<span class=\"elementor-accordion-icon-opened\"><i class=\"fas fa-minus\"><\/i><\/span>\n\t\t\t\t\t\t\t\t\t\t\t\t\t\t<\/span>\n\t\t\t\t\t\t\t\t\t\t\t\t<a class=\"elementor-accordion-title\" tabindex=\"0\">Objetivos del Taller<\/a>\n\t\t\t\t\t<\/div>\n\t\t\t\t\t<div id=\"elementor-tab-content-9481\" class=\"elementor-tab-content elementor-clearfix\" data-tab=\"1\" role=\"region\" aria-labelledby=\"elementor-tab-title-9481\"><p>&#8211; <strong>Introducirte en el mundo de la cosm\u00e9tica natural, para aprender bases y principios de la cosm\u00e9tica, protocolos de elaboraci\u00f3n y formas de incorporar plantas a tus h\u00e1bitos de higiene y bienestar\u00a0<br \/><\/strong><\/p><\/div>\n\t\t\t\t<\/div>\n\t\t\t\t\t\t\t<div class=\"elementor-accordion-item\">\n\t\t\t\t\t<div id=\"elementor-tab-title-9482\" class=\"elementor-tab-title\" data-tab=\"2\" role=\"button\" aria-controls=\"elementor-tab-content-9482\" aria-expanded=\"false\">\n\t\t\t\t\t\t\t\t\t\t\t\t\t<span class=\"elementor-accordion-icon elementor-accordion-icon-left\" aria-hidden=\"true\">\n\t\t\t\t\t\t\t\t\t\t\t\t\t\t\t<span class=\"elementor-accordion-icon-closed\"><i class=\"fas fa-plus\"><\/i><\/span>\n\t\t\t\t\t\t\t\t<span class=\"elementor-accordion-icon-opened\"><i class=\"fas fa-minus\"><\/i><\/span>\n\t\t\t\t\t\t\t\t\t\t\t\t\t\t<\/span>\n\t\t\t\t\t\t\t\t\t\t\t\t<a class=\"elementor-accordion-title\" tabindex=\"0\">A quien esta dirigido<\/a>\n\t\t\t\t\t<\/div>\n\t\t\t\t\t<div id=\"elementor-tab-content-9482\" class=\"elementor-tab-content elementor-clearfix\" data-tab=\"2\" role=\"region\" aria-labelledby=\"elementor-tab-title-9482\"><p>Dirigido a todas las personas que tengan ganas de ingresar el mundo de la cosm\u00e9tica natural y de preparar sus propios productos.<\/p><\/div>\n\t\t\t\t<\/div>\n\t\t\t\t\t\t\t<div class=\"elementor-accordion-item\">\n\t\t\t\t\t<div id=\"elementor-tab-title-9483\" class=\"elementor-tab-title\" data-tab=\"3\" role=\"button\" aria-controls=\"elementor-tab-content-9483\" aria-expanded=\"false\">\n\t\t\t\t\t\t\t\t\t\t\t\t\t<span class=\"elementor-accordion-icon elementor-accordion-icon-left\" aria-hidden=\"true\">\n\t\t\t\t\t\t\t\t\t\t\t\t\t\t\t<span class=\"elementor-accordion-icon-closed\"><i class=\"fas fa-plus\"><\/i><\/span>\n\t\t\t\t\t\t\t\t<span class=\"elementor-accordion-icon-opened\"><i class=\"fas fa-minus\"><\/i><\/span>\n\t\t\t\t\t\t\t\t\t\t\t\t\t\t<\/span>\n\t\t\t\t\t\t\t\t\t\t\t\t<a class=\"elementor-accordion-title\" tabindex=\"0\">Te prepara para <\/a>\n\t\t\t\t\t<\/div>\n\t\t\t\t\t<div id=\"elementor-tab-content-9483\" class=\"elementor-tab-content elementor-clearfix\" data-tab=\"3\" role=\"region\" aria-labelledby=\"elementor-tab-title-9483\"><p>-Aprender a\u00a0 preparar\u00a0 y saber elaborar tus productos en casa.<\/p><\/div>\n\t\t\t\t<\/div>\n\t\t\t\t\t\t\t<div class=\"elementor-accordion-item\">\n\t\t\t\t\t<div id=\"elementor-tab-title-9484\" class=\"elementor-tab-title\" data-tab=\"4\" role=\"button\" aria-controls=\"elementor-tab-content-9484\" aria-expanded=\"false\">\n\t\t\t\t\t\t\t\t\t\t\t\t\t<span class=\"elementor-accordion-icon elementor-accordion-icon-left\" aria-hidden=\"true\">\n\t\t\t\t\t\t\t\t\t\t\t\t\t\t\t<span class=\"elementor-accordion-icon-closed\"><i class=\"fas fa-plus\"><\/i><\/span>\n\t\t\t\t\t\t\t\t<span class=\"elementor-accordion-icon-opened\"><i class=\"fas fa-minus\"><\/i><\/span>\n\t\t\t\t\t\t\t\t\t\t\t\t\t\t<\/span>\n\t\t\t\t\t\t\t\t\t\t\t\t<a class=\"elementor-accordion-title\" tabindex=\"0\">Actividades pr\u00e1cticas<\/a>\n\t\t\t\t\t<\/div>\n\t\t\t\t\t<div id=\"elementor-tab-content-9484\" class=\"elementor-tab-content elementor-clearfix\" data-tab=\"4\" role=\"region\" aria-labelledby=\"elementor-tab-title-9484\"><p>Aprender\u00e1s a elaborar tres productos:<br \/>&#8211; Crema Base para manos, rostro y cuerpo<br \/>&#8211; Jab\u00f3n l\u00edquido<br \/>&#8211; B\u00e1lsamo para labios o para masajes en el cuerpo<\/p><\/div>\n\t\t\t\t<\/div>\n\t\t\t\t\t\t\t<div class=\"elementor-accordion-item\">\n\t\t\t\t\t<div id=\"elementor-tab-title-9485\" class=\"elementor-tab-title\" data-tab=\"5\" role=\"button\" aria-controls=\"elementor-tab-content-9485\" aria-expanded=\"false\">\n\t\t\t\t\t\t\t\t\t\t\t\t\t<span class=\"elementor-accordion-icon elementor-accordion-icon-left\" aria-hidden=\"true\">\n\t\t\t\t\t\t\t\t\t\t\t\t\t\t\t<span class=\"elementor-accordion-icon-closed\"><i class=\"fas fa-plus\"><\/i><\/span>\n\t\t\t\t\t\t\t\t<span class=\"elementor-accordion-icon-opened\"><i class=\"fas fa-minus\"><\/i><\/span>\n\t\t\t\t\t\t\t\t\t\t\t\t\t\t<\/span>\n\t\t\t\t\t\t\t\t\t\t\t\t<a class=\"elementor-accordion-title\" tabindex=\"0\">Modaldiad del curso <\/a>\n\t\t\t\t\t<\/div>\n\t\t\t\t\t<div id=\"elementor-tab-content-9485\" class=\"elementor-tab-content elementor-clearfix\" data-tab=\"5\" role=\"region\" aria-labelledby=\"elementor-tab-title-9485\"><p>MODALIDAD ON LINE (material de estudio en pdf, clase en vivo por plataforma Meet, la clase queda grabada para verla por diferido si no podes asistir al vivo.<\/p><p>Se entrega Certificado en PDF de asistencia.<\/p><p>No se necesita experiencia previa.<\/p><\/div>\n\t\t\t\t<\/div>\n\t\t\t\t\t\t\t<div class=\"elementor-accordion-item\">\n\t\t\t\t\t<div id=\"elementor-tab-title-9486\" class=\"elementor-tab-title\" data-tab=\"6\" role=\"button\" aria-controls=\"elementor-tab-content-9486\" aria-expanded=\"false\">\n\t\t\t\t\t\t\t\t\t\t\t\t\t<span class=\"elementor-accordion-icon elementor-accordion-icon-left\" aria-hidden=\"true\">\n\t\t\t\t\t\t\t\t\t\t\t\t\t\t\t<span class=\"elementor-accordion-icon-closed\"><i class=\"fas fa-plus\"><\/i><\/span>\n\t\t\t\t\t\t\t\t<span class=\"elementor-accordion-icon-opened\"><i class=\"fas fa-minus\"><\/i><\/span>\n\t\t\t\t\t\t\t\t\t\t\t\t\t\t<\/span>\n\t\t\t\t\t\t\t\t\t\t\t\t<a class=\"elementor-accordion-title\" tabindex=\"0\">Valor del Taller<\/a>\n\t\t\t\t\t<\/div>\n\t\t\t\t\t<div id=\"elementor-tab-content-9486\" class=\"elementor-tab-content elementor-clearfix\" data-tab=\"6\" role=\"region\" aria-labelledby=\"elementor-tab-title-9486\"><p><strong>MODALIDAD DIGITAL &#8211; Clase grabada &#8211;<\/strong><\/p><p>&#8211; $ 55.000\u00a0 Pesos Argentinos =\u00a0\u00a0 U$D 60 Dolares Estadounidenses<\/p><p>FORMAS DE PAGO:<\/p><p>\u2022 Por transferencia o dep\u00f3sito bancario al Banco Provincia de Bs As, Cuenta DNI.<\/p><p>\u2022 Por PayPal Pago en Dolares estadounidenses<\/p><\/div>\n\t\t\t\t<\/div>\n\t\t\t\t\t\t\t<div class=\"elementor-accordion-item\">\n\t\t\t\t\t<div id=\"elementor-tab-title-9487\" class=\"elementor-tab-title\" data-tab=\"7\" role=\"button\" aria-controls=\"elementor-tab-content-9487\" aria-expanded=\"false\">\n\t\t\t\t\t\t\t\t\t\t\t\t\t<span class=\"elementor-accordion-icon elementor-accordion-icon-left\" aria-hidden=\"true\">\n\t\t\t\t\t\t\t\t\t\t\t\t\t\t\t<span class=\"elementor-accordion-icon-closed\"><i class=\"fas fa-plus\"><\/i><\/span>\n\t\t\t\t\t\t\t\t<span class=\"elementor-accordion-icon-opened\"><i class=\"fas fa-minus\"><\/i><\/span>\n\t\t\t\t\t\t\t\t\t\t\t\t\t\t<\/span>\n\t\t\t\t\t\t\t\t\t\t\t\t<a class=\"elementor-accordion-title\" tabindex=\"0\">Sobre quien comparte el Taller<\/a>\n\t\t\t\t\t<\/div>\n\t\t\t\t\t<div id=\"elementor-tab-content-9487\" class=\"elementor-tab-content elementor-clearfix\" data-tab=\"7\" role=\"region\" aria-labelledby=\"elementor-tab-title-9487\"><p><u><a href=\"https:\/\/abuelarbol.com.ar\"><b>Sobre Abuel\u00e1rbol<\/b><\/a><\/u><\/p><p><a href=\"https:\/\/abuelarbol.com.ar\">Abuel\u00e1rbol<\/a> se dedica desde el a\u00f1o 2016 a crear productos para el bienestar con plantas e ingredientes naturales.<\/p><p>Propone una alternativa sustentable, saludable y biodegradable para las pr\u00e1cticas de higiene, bienestar y salud, <br \/>inculcando el uso de productos naturales saludables para nuestros cuerpos y para el medioambiente.<\/p><p>Desde el a\u00f1o 2015 brinda cursos de elaboraci\u00f3n de cosm\u00e9tica natural y productos a base de plantas.<\/p><p>Podes encontrar mas <u><b><a href=\"https:\/\/abuelarbol.com.ar\">informaci\u00f3n aca<\/a><\/b><\/u>.<\/p><\/div>\n\t\t\t\t<\/div>\n\t\t\t\t\t\t\t\t<\/div>\n\t\t\t\t\t\t<\/div>\n\t\t\t\t<\/div>\n\t\t\t\t<div class=\"elementor-element elementor-element-d149d74 sc_fly_static elementor-widget elementor-widget-spacer\" data-id=\"d149d74\" data-element_type=\"widget\" data-e-type=\"widget\" data-widget_type=\"spacer.default\">\n\t\t\t\t<div class=\"elementor-widget-container\">\n\t\t\t\t\t\t\t<div class=\"elementor-spacer\">\n\t\t\t<div class=\"elementor-spacer-inner\"><\/div>\n\t\t<\/div>\n\t\t\t\t\t\t<\/div>\n\t\t\t\t<\/div>\n\t\t\t\t<div class=\"elementor-element elementor-element-a981421 elementor-align-center sc_fly_static elementor-widget elementor-widget-button\" data-id=\"a981421\" data-element_type=\"widget\" data-e-type=\"widget\" data-widget_type=\"button.default\">\n\t\t\t\t<div class=\"elementor-widget-container\">\n\t\t\t\t\t\t\t\t\t<div class=\"elementor-button-wrapper\">\n\t\t\t\t\t<a class=\"elementor-button elementor-button-link elementor-size-sm\" href=\"https:\/\/aromaterapiaflorar.com.ar\/en\/product\/taller-cosmetica-natural\/\">\n\t\t\t\t\t\t<span class=\"elementor-button-content-wrapper\">\n\t\t\t\t\t\t\t\t\t<span class=\"elementor-button-text\">Quiero el Taller Digial<\/span>\n\t\t\t\t\t<\/span>\n\t\t\t\t\t<\/a>\n\t\t\t\t<\/div>\n\t\t\t\t\t\t\t\t<\/div>\n\t\t\t\t<\/div>\n\t\t\t\t<div class=\"elementor-element elementor-element-d42fc53 elementor-widget-divider--view-line sc_fly_static elementor-widget elementor-widget-divider\" data-id=\"d42fc53\" data-element_type=\"widget\" data-e-type=\"widget\" data-widget_type=\"divider.default\">\n\t\t\t\t<div class=\"elementor-widget-container\">\n\t\t\t\t\t\t\t<div class=\"elementor-divider\">\n\t\t\t<span class=\"elementor-divider-separator\">\n\t\t\t\t\t\t<\/span>\n\t\t<\/div>\n\t\t\t\t\t\t<\/div>\n\t\t\t\t<\/div>\n\t\t\t\t<div class=\"elementor-element elementor-element-ac7e25b elementor-align-center sc_fly_static elementor-widget elementor-widget-button\" data-id=\"ac7e25b\" data-element_type=\"widget\" data-e-type=\"widget\" data-widget_type=\"button.default\">\n\t\t\t\t<div class=\"elementor-widget-container\">\n\t\t\t\t\t\t\t\t\t<div class=\"elementor-button-wrapper\">\n\t\t\t\t\t<a class=\"elementor-button elementor-button-link elementor-size-sm\" href=\"https:\/\/www.paypal.com\/cgi-bin\/webscr?cmd=_s-xclick&#038;hosted_button_id=CY8GHDWHK7C7E\">\n\t\t\t\t\t\t<span class=\"elementor-button-content-wrapper\">\n\t\t\t\t\t\t\t\t\t<span class=\"elementor-button-text\">Comprar Taller  Online  \"residentes en exterior\"<\/span>\n\t\t\t\t\t<\/span>\n\t\t\t\t\t<\/a>\n\t\t\t\t<\/div>\n\t\t\t\t\t\t\t\t<\/div>\n\t\t\t\t<\/div>\n\t\t\t\t\t<\/div>\n\t\t<\/div>\n\t\t\t\t\t<\/div>\n\t\t<\/section>\n\t\t\t\t<\/div>","protected":false},"excerpt":{"rendered":"<p>\u00a0Taller Te\u00f3rico y pr\u00e1ctico- Clase grabada de 2 1\/2 hs. Para que lo puedas ver&hellip;<\/p>","protected":false},"author":2,"featured_media":0,"parent":0,"menu_order":0,"comment_status":"closed","ping_status":"closed","template":"","meta":{"_joinchat":[],"footnotes":""},"class_list":["post-7270","page","type-page","status-publish","hentry"],"_links":{"self":[{"href":"https:\/\/aromaterapiaflorar.com.ar\/en\/wp-json\/wp\/v2\/pages\/7270","targetHints":{"allow":["GET"]}}],"collection":[{"href":"https:\/\/aromaterapiaflorar.com.ar\/en\/wp-json\/wp\/v2\/pages"}],"about":[{"href":"https:\/\/aromaterapiaflorar.com.ar\/en\/wp-json\/wp\/v2\/types\/page"}],"author":[{"embeddable":true,"href":"https:\/\/aromaterapiaflorar.com.ar\/en\/wp-json\/wp\/v2\/users\/2"}],"replies":[{"embeddable":true,"href":"https:\/\/aromaterapiaflorar.com.ar\/en\/wp-json\/wp\/v2\/comments?post=7270"}],"version-history":[{"count":90,"href":"https:\/\/aromaterapiaflorar.com.ar\/en\/wp-json\/wp\/v2\/pages\/7270\/revisions"}],"predecessor-version":[{"id":11253,"href":"https:\/\/aromaterapiaflorar.com.ar\/en\/wp-json\/wp\/v2\/pages\/7270\/revisions\/11253"}],"wp:attachment":[{"href":"https:\/\/aromaterapiaflorar.com.ar\/en\/wp-json\/wp\/v2\/media?parent=7270"}],"curies":[{"name":"wp","href":"https:\/\/api.w.org\/{rel}","templated":true}]}}