{"id":7413,"date":"2024-06-07T10:14:00","date_gmt":"2024-06-07T13:14:00","guid":{"rendered":"https:\/\/aromaterapiaflorar.com.ar\/?page_id=7413"},"modified":"2026-02-26T01:05:20","modified_gmt":"2026-02-26T04:05:20","slug":"proximos-talleres-y-cursos","status":"publish","type":"page","link":"https:\/\/aromaterapiaflorar.com.ar\/en\/proximos-talleres-y-cursos\/","title":{"rendered":"Pr\u00f3ximos Talleres y Cursos"},"content":{"rendered":"<div data-elementor-type=\"wp-page\" data-elementor-id=\"7413\" class=\"elementor elementor-7413\">\n\t\t\t\t\t\t<section class=\"elementor-section elementor-top-section elementor-element elementor-element-86726b4 elementor-section-boxed elementor-section-height-default elementor-section-height-default sc_fly_static\" data-id=\"86726b4\" data-element_type=\"section\" data-e-type=\"section\">\n\t\t\t\t\t\t<div class=\"elementor-container elementor-column-gap-extended\">\n\t\t\t\t\t<div class=\"elementor-column elementor-col-100 elementor-top-column elementor-element elementor-element-2402f30 sc_content_align_inherit sc_layouts_column_icons_position_left sc_fly_static\" data-id=\"2402f30\" data-element_type=\"column\" data-e-type=\"column\">\n\t\t\t<div class=\"elementor-widget-wrap elementor-element-populated\">\n\t\t\t\t\t\t<div class=\"elementor-element elementor-element-a0ac226 sc_fly_static elementor-widget elementor-widget-trx_sc_title\" data-id=\"a0ac226\" data-element_type=\"widget\" data-e-type=\"widget\" data-widget_type=\"trx_sc_title.default\">\n\t\t\t\t<div class=\"elementor-widget-container\">\n\t\t\t\t\t<div\t\tclass=\"sc_title sc_title_default\" ><h1 class=\"sc_item_title sc_title_title sc_align_center sc_item_title_style_default sc_item_title_tag trx_addons_inline_891373987\"\n\t\t\t><span class=\"sc_item_title_text\">Pr\u00f3ximos Talleres y Cursos<\/span><\/h1><\/div>\t\t\t\t<\/div>\n\t\t\t\t<\/div>\n\t\t\t\t<div class=\"elementor-element elementor-element-24288ef sc_fly_static elementor-widget elementor-widget-heading\" data-id=\"24288ef\" data-element_type=\"widget\" data-e-type=\"widget\" data-widget_type=\"heading.default\">\n\t\t\t\t<div class=\"elementor-widget-container\">\n\t\t\t\t\t<h3 class=\"elementor-heading-title elementor-size-medium\">Con fechas de inicio programadas<\/h3>\t\t\t\t<\/div>\n\t\t\t\t<\/div>\n\t\t\t\t<div class=\"elementor-element elementor-element-f578bba sc_fly_static elementor-widget elementor-widget-spacer\" data-id=\"f578bba\" data-element_type=\"widget\" data-e-type=\"widget\" data-widget_type=\"spacer.default\">\n\t\t\t\t<div class=\"elementor-widget-container\">\n\t\t\t\t\t\t\t<div class=\"elementor-spacer\">\n\t\t\t<div class=\"elementor-spacer-inner\"><\/div>\n\t\t<\/div>\n\t\t\t\t\t\t<\/div>\n\t\t\t\t<\/div>\n\t\t\t\t<div class=\"elementor-element elementor-element-5619364 sc_fly_static elementor-widget elementor-widget-image\" data-id=\"5619364\" data-element_type=\"widget\" data-e-type=\"widget\" data-widget_type=\"image.default\">\n\t\t\t\t<div class=\"elementor-widget-container\">\n\t\t\t\t\t\t\t\t\t\t\t\t\t\t\t<img decoding=\"async\" src=\"https:\/\/aromaterapiaflorar.com.ar\/wp-content\/uploads\/elementor\/thumbs\/florar-hojita-rjosqmc4skesv2vb5zwllf3jbixv3fpvzgialq9a64.webp\" title=\"florar-hojita\" alt=\"florar-hojita\" loading=\"lazy\" \/>\t\t\t\t\t\t\t\t\t\t\t\t\t\t\t<\/div>\n\t\t\t\t<\/div>\n\t\t\t\t<div class=\"elementor-element elementor-element-e197297 sc_fly_static elementor-widget elementor-widget-spacer\" data-id=\"e197297\" data-element_type=\"widget\" data-e-type=\"widget\" data-widget_type=\"spacer.default\">\n\t\t\t\t<div class=\"elementor-widget-container\">\n\t\t\t\t\t\t\t<div class=\"elementor-spacer\">\n\t\t\t<div class=\"elementor-spacer-inner\"><\/div>\n\t\t<\/div>\n\t\t\t\t\t\t<\/div>\n\t\t\t\t<\/div>\n\t\t\t\t<div class=\"elementor-element elementor-element-a3dcab4 sc_fly_static elementor-widget elementor-widget-spacer\" data-id=\"a3dcab4\" data-element_type=\"widget\" data-e-type=\"widget\" data-widget_type=\"spacer.default\">\n\t\t\t\t<div class=\"elementor-widget-container\">\n\t\t\t\t\t\t\t<div class=\"elementor-spacer\">\n\t\t\t<div class=\"elementor-spacer-inner\"><\/div>\n\t\t<\/div>\n\t\t\t\t\t\t<\/div>\n\t\t\t\t<\/div>\n\t\t\t\t<section class=\"elementor-section elementor-inner-section elementor-element elementor-element-dec2d32 elementor-section-boxed elementor-section-height-default elementor-section-height-default sc_fly_static\" data-id=\"dec2d32\" data-element_type=\"section\" data-e-type=\"section\">\n\t\t\t\t\t\t<div class=\"elementor-container elementor-column-gap-extended\">\n\t\t\t\t\t<div class=\"elementor-column elementor-col-50 elementor-inner-column elementor-element elementor-element-068c9cd sc_content_align_inherit sc_layouts_column_icons_position_left sc_fly_static\" data-id=\"068c9cd\" data-element_type=\"column\" data-e-type=\"column\">\n\t\t\t<div class=\"elementor-widget-wrap elementor-element-populated\">\n\t\t\t\t\t\t<div class=\"elementor-element elementor-element-debaee0 sc_fly_static elementor-widget elementor-widget-image\" data-id=\"debaee0\" data-element_type=\"widget\" data-e-type=\"widget\" data-widget_type=\"image.default\">\n\t\t\t\t<div class=\"elementor-widget-container\">\n\t\t\t\t\t\t\t\t\t\t\t\t\t\t\t\t<a href=\"https:\/\/aromaterapiaflorar.com.ar\/en\/curso-aromaterapia-integral-nivel-inicial\/\">\n\t\t\t\t\t\t\t<img fetchpriority=\"high\" decoding=\"async\" width=\"1024\" height=\"664\" src=\"https:\/\/aromaterapiaflorar.com.ar\/wp-content\/uploads\/2023\/11\/4-1024x664.png\" class=\"attachment-large size-large wp-image-5259\" alt=\"\" srcset=\"https:\/\/aromaterapiaflorar.com.ar\/wp-content\/uploads\/2023\/11\/4-1024x664.png 1024w, https:\/\/aromaterapiaflorar.com.ar\/wp-content\/uploads\/2023\/11\/4-600x389.png 600w, https:\/\/aromaterapiaflorar.com.ar\/wp-content\/uploads\/2023\/11\/4-300x194.png 300w, https:\/\/aromaterapiaflorar.com.ar\/wp-content\/uploads\/2023\/11\/4-768x498.png 768w, https:\/\/aromaterapiaflorar.com.ar\/wp-content\/uploads\/2023\/11\/4.png 1250w\" sizes=\"(max-width: 1024px) 100vw, 1024px\" \/>\t\t\t\t\t\t\t\t<\/a>\n\t\t\t\t\t\t\t\t\t\t\t\t\t\t\t<\/div>\n\t\t\t\t<\/div>\n\t\t\t\t\t<\/div>\n\t\t<\/div>\n\t\t\t\t<div class=\"elementor-column elementor-col-50 elementor-inner-column elementor-element elementor-element-f3786c5 sc_content_align_inherit sc_layouts_column_icons_position_left sc_fly_static\" data-id=\"f3786c5\" data-element_type=\"column\" data-e-type=\"column\">\n\t\t\t<div class=\"elementor-widget-wrap elementor-element-populated\">\n\t\t\t\t\t\t<div class=\"elementor-element elementor-element-7cce347 sc_fly_static elementor-widget elementor-widget-trx_sc_title\" data-id=\"7cce347\" data-element_type=\"widget\" data-e-type=\"widget\" data-widget_type=\"trx_sc_title.default\">\n\t\t\t\t<div class=\"elementor-widget-container\">\n\t\t\t\t\t<div\t\tclass=\"sc_title sc_title_default\" ><h2 class=\"sc_item_title sc_title_title sc_item_title_style_default\"\n\t\t\t><span class=\"sc_item_title_text\">Formaci\u00f3n Aromaterapia Integral <br>\nNivel Inicial <\/span><\/h2><\/div>\t\t\t\t<\/div>\n\t\t\t\t<\/div>\n\t\t\t\t<div class=\"elementor-element elementor-element-42d0d79 sc_fly_static elementor-widget elementor-widget-text-editor\" data-id=\"42d0d79\" data-element_type=\"widget\" data-e-type=\"widget\" data-widget_type=\"text-editor.default\">\n\t\t\t\t<div class=\"elementor-widget-container\">\n\t\t\t\t\t\t\t\t\t<p><strong>Intensivo.<\/strong> Duraci\u00f3n 3 encuentros de 2hs c\/u.<\/p><p>3 Modalidades Disponibles: <br \/><strong>100% digital &#8211; Online &#8211;<\/strong><\/p><p><span style=\"color: var( --e-global-color-text ); font-family: var( --e-global-typography-text-font-family ), Sans-serif; font-weight: bolder;\"><span style=\"font-weight: bolder; color: var( --e-global-color-text ); font-family: var( --e-global-typography-text-font-family ), Sans-serif;\"><span style=\"color: var( --e-global-color-text ); font-family: var( --e-global-typography-text-font-family ), Sans-serif; font-weight: var( --e-global-typography-text-font-weight );\">\u2022\u00a0<\/span><\/span><\/span><span style=\"color: var( --e-global-color-text ); font-family: var( --e-global-typography-text-font-family ), Sans-serif; font-weight: var( --e-global-typography-text-font-weight ); text-decoration-line: underline;\"><span style=\"color: var( --e-global-color-text ); font-family: var( --e-global-typography-text-font-family ), Sans-serif; font-weight: var( --e-global-typography-text-font-weight );\">\u00a0ONLINE -Pres<\/span> 2024<\/span><span style=\"color: var( --e-global-color-text ); font-family: var( --e-global-typography-text-font-family ), Sans-serif; font-weight: bolder;\"><span style=\"font-weight: bolder; color: var( --e-global-color-text ); font-family: var( --e-global-typography-text-font-family ), Sans-serif;\"> S\u00e1bado 11\/01\/2025 a las\u00a0 10.30 hs &#8211;<\/span><\/span><\/p><p><strong style=\"color: var( --e-global-color-text ); font-family: var( --e-global-typography-text-font-family ), Sans-serif;\">\u2022 \u2022 \u2022 DIGITAL\u00a0 lo podes comenzar ya!\u00a0 <\/strong><strong style=\"color: var( --e-global-color-text ); font-family: var( --e-global-typography-text-font-family ), Sans-serif;\">estudiando a tu tiempo y tu propio ritmo, 4hs de teor\u00eda y clases de ejercicios grabadas en aula virtual \u2022 \u2022 \u2022\u00a0<\/strong><\/p>\t\t\t\t\t\t\t\t<\/div>\n\t\t\t\t<\/div>\n\t\t\t\t<div class=\"elementor-element elementor-element-efcf0e3 sc_fly_static elementor-widget elementor-widget-spacer\" data-id=\"efcf0e3\" data-element_type=\"widget\" data-e-type=\"widget\" data-widget_type=\"spacer.default\">\n\t\t\t\t<div class=\"elementor-widget-container\">\n\t\t\t\t\t\t\t<div class=\"elementor-spacer\">\n\t\t\t<div class=\"elementor-spacer-inner\"><\/div>\n\t\t<\/div>\n\t\t\t\t\t\t<\/div>\n\t\t\t\t<\/div>\n\t\t\t\t<div class=\"elementor-element elementor-element-ff27995 sc_fly_static elementor-widget elementor-widget-trx_sc_button\" data-id=\"ff27995\" data-element_type=\"widget\" data-e-type=\"widget\" data-widget_type=\"trx_sc_button.default\">\n\t\t\t\t<div class=\"elementor-widget-container\">\n\t\t\t\t\t<div\tclass=\"sc_item_button sc_button_wrap sc_align_left\" ><a href=\"https:\/\/aromaterapiaflorar.com.ar\/en\/curso-aromaterapia-integral-nivel-inicial\/\" class=\"sc_button sc_button_default sc_button_size_small sc_button_icon_left color_style_dark\" ><span class=\"sc_button_text sc_align_center\"><span class=\"sc_button_title\">Quiero mas informaci\u00f3n<\/span><\/span><\/a><\/div>\t\t\t\t<\/div>\n\t\t\t\t<\/div>\n\t\t\t\t\t<\/div>\n\t\t<\/div>\n\t\t\t\t\t<\/div>\n\t\t<\/section>\n\t\t\t\t<div class=\"elementor-element elementor-element-89bc158 sc_fly_static elementor-widget elementor-widget-spacer\" data-id=\"89bc158\" data-element_type=\"widget\" data-e-type=\"widget\" data-widget_type=\"spacer.default\">\n\t\t\t\t<div class=\"elementor-widget-container\">\n\t\t\t\t\t\t\t<div class=\"elementor-spacer\">\n\t\t\t<div class=\"elementor-spacer-inner\"><\/div>\n\t\t<\/div>\n\t\t\t\t\t\t<\/div>\n\t\t\t\t<\/div>\n\t\t\t\t<div class=\"elementor-element elementor-element-4e66c5b elementor-widget-divider--view-line sc_fly_static elementor-widget elementor-widget-divider\" data-id=\"4e66c5b\" data-element_type=\"widget\" data-e-type=\"widget\" data-widget_type=\"divider.default\">\n\t\t\t\t<div class=\"elementor-widget-container\">\n\t\t\t\t\t\t\t<div class=\"elementor-divider\">\n\t\t\t<span class=\"elementor-divider-separator\">\n\t\t\t\t\t\t<\/span>\n\t\t<\/div>\n\t\t\t\t\t\t<\/div>\n\t\t\t\t<\/div>\n\t\t\t\t<section class=\"elementor-section elementor-inner-section elementor-element elementor-element-fbd546e elementor-section-boxed elementor-section-height-default elementor-section-height-default sc_fly_static\" data-id=\"fbd546e\" data-element_type=\"section\" data-e-type=\"section\">\n\t\t\t\t\t\t<div class=\"elementor-container elementor-column-gap-extended\">\n\t\t\t\t\t<div class=\"elementor-column elementor-col-50 elementor-inner-column elementor-element elementor-element-033e257 sc_content_align_inherit sc_layouts_column_icons_position_left sc_fly_static\" data-id=\"033e257\" data-element_type=\"column\" data-e-type=\"column\">\n\t\t\t<div class=\"elementor-widget-wrap elementor-element-populated\">\n\t\t\t\t\t\t<div class=\"elementor-element elementor-element-4e803d6 sc_fly_static elementor-widget elementor-widget-image\" data-id=\"4e803d6\" data-element_type=\"widget\" data-e-type=\"widget\" data-widget_type=\"image.default\">\n\t\t\t\t<div class=\"elementor-widget-container\">\n\t\t\t\t\t\t\t\t\t\t\t\t\t\t\t\t<a href=\"https:\/\/aromaterapiaflorar.com.ar\/en\/curso-aromaterapia-integral-nivel-inicial\/\">\n\t\t\t\t\t\t\t<img decoding=\"async\" width=\"1024\" height=\"664\" src=\"https:\/\/aromaterapiaflorar.com.ar\/wp-content\/uploads\/2023\/11\/Disenos-para-la-WEb-2-1024x664.png\" class=\"attachment-large size-large wp-image-5368\" alt=\"\" srcset=\"https:\/\/aromaterapiaflorar.com.ar\/wp-content\/uploads\/2023\/11\/Disenos-para-la-WEb-2-1024x664.png 1024w, https:\/\/aromaterapiaflorar.com.ar\/wp-content\/uploads\/2023\/11\/Disenos-para-la-WEb-2-600x389.png 600w, https:\/\/aromaterapiaflorar.com.ar\/wp-content\/uploads\/2023\/11\/Disenos-para-la-WEb-2-300x194.png 300w, https:\/\/aromaterapiaflorar.com.ar\/wp-content\/uploads\/2023\/11\/Disenos-para-la-WEb-2-768x498.png 768w, https:\/\/aromaterapiaflorar.com.ar\/wp-content\/uploads\/2023\/11\/Disenos-para-la-WEb-2.png 1250w\" sizes=\"(max-width: 1024px) 100vw, 1024px\" \/>\t\t\t\t\t\t\t\t<\/a>\n\t\t\t\t\t\t\t\t\t\t\t\t\t\t\t<\/div>\n\t\t\t\t<\/div>\n\t\t\t\t\t<\/div>\n\t\t<\/div>\n\t\t\t\t<div class=\"elementor-column elementor-col-50 elementor-inner-column elementor-element elementor-element-79dd9e6 sc_content_align_inherit sc_layouts_column_icons_position_left sc_fly_static\" data-id=\"79dd9e6\" data-element_type=\"column\" data-e-type=\"column\">\n\t\t\t<div class=\"elementor-widget-wrap elementor-element-populated\">\n\t\t\t\t\t\t<div class=\"elementor-element elementor-element-0c906f3 sc_fly_static elementor-widget elementor-widget-trx_sc_title\" data-id=\"0c906f3\" data-element_type=\"widget\" data-e-type=\"widget\" data-widget_type=\"trx_sc_title.default\">\n\t\t\t\t<div class=\"elementor-widget-container\">\n\t\t\t\t\t<div\t\tclass=\"sc_title sc_title_default\" ><h2 class=\"sc_item_title sc_title_title sc_item_title_style_default\"\n\t\t\t><span class=\"sc_item_title_text\">PsicoAromaterapia para Profesionales de la Salud <br>\nNivel Inicial <\/span><\/h2><\/div>\t\t\t\t<\/div>\n\t\t\t\t<\/div>\n\t\t\t\t<div class=\"elementor-element elementor-element-44490c6 sc_fly_static elementor-widget elementor-widget-text-editor\" data-id=\"44490c6\" data-element_type=\"widget\" data-e-type=\"widget\" data-widget_type=\"text-editor.default\">\n\t\t\t\t<div class=\"elementor-widget-container\">\n\t\t\t\t\t\t\t\t\t<p><strong>Intensivo.<\/strong> Duraci\u00f3n 3\u00a0 meses &#8211; clases quincenales<\/p><p><span style=\"color: #7a6d60;\">Este curso intensivo esta <\/span><span style=\"color: #7a6d60; font-weight: bold;\">dedicado a profesionales de la salud<\/span><span style=\"color: #7a6d60;\">\u00a0(<\/span><span style=\"color: #7a6d60; font-weight: bold; font-family: var( --e-global-typography-text-font-family ), Sans-serif;\">Doctores en medicina, Psic\u00f3logos, Psiquiatras, acompa\u00f1antes terap\u00e9uticos, Psic\u00f3logos sociales, Psicopedagogos, Terapeutas hol\u00edsticos)\u00a0<\/span><span style=\"color: #7a6d60; font-family: var( --e-global-typography-text-font-family ), Sans-serif; font-weight: var( --e-global-typography-text-font-weight );\">que quieran incorporar una herramienta de acompa\u00f1amiento para la sanaci\u00f3n integral y natural para sus pacientes.<\/span><\/p><p><span style=\"color: var( --e-global-color-text ); font-family: var( --e-global-typography-text-font-family ), Sans-serif; font-weight: bolder;\"><span style=\"font-weight: bolder; color: var( --e-global-color-text ); font-family: var( --e-global-typography-text-font-family ), Sans-serif;\"><span style=\"color: var( --e-global-color-text ); font-family: var( --e-global-typography-text-font-family ), Sans-serif; font-weight: var( --e-global-typography-text-font-weight );\">\u2022\u00a0<\/span><\/span><\/span><span style=\"color: var( --e-global-color-text ); font-family: var( --e-global-typography-text-font-family ), Sans-serif; font-weight: var( --e-global-typography-text-font-weight ); text-decoration-line: underline;\"><span style=\"color: var( --e-global-color-text ); font-family: var( --e-global-typography-text-font-family ), Sans-serif; font-weight: var( --e-global-typography-text-font-weight );\">ONLINE :\u00a0 Comienza <\/span><\/span>(MIERCOLES 8 de Enero 2025 a 18hs)<\/p><p><span style=\"color: var( --e-global-color-text ); font-family: var( --e-global-typography-text-font-family ), Sans-serif; font-weight: bolder;\"><span style=\"font-weight: bolder; color: var( --e-global-color-text ); font-family: var( --e-global-typography-text-font-family ), Sans-serif;\">Abiertas las Inscripciones &#8211; Descuento abonando el curso completo<\/span><\/span><\/p>\t\t\t\t\t\t\t\t<\/div>\n\t\t\t\t<\/div>\n\t\t\t\t<div class=\"elementor-element elementor-element-3fe916d sc_fly_static elementor-widget elementor-widget-spacer\" data-id=\"3fe916d\" data-element_type=\"widget\" data-e-type=\"widget\" data-widget_type=\"spacer.default\">\n\t\t\t\t<div class=\"elementor-widget-container\">\n\t\t\t\t\t\t\t<div class=\"elementor-spacer\">\n\t\t\t<div class=\"elementor-spacer-inner\"><\/div>\n\t\t<\/div>\n\t\t\t\t\t\t<\/div>\n\t\t\t\t<\/div>\n\t\t\t\t<div class=\"elementor-element elementor-element-555e5ef sc_fly_static elementor-widget elementor-widget-trx_sc_button\" data-id=\"555e5ef\" data-element_type=\"widget\" data-e-type=\"widget\" data-widget_type=\"trx_sc_button.default\">\n\t\t\t\t<div class=\"elementor-widget-container\">\n\t\t\t\t\t<div\tclass=\"sc_item_button sc_button_wrap sc_align_left\" ><a href=\"https:\/\/aromaterapiaflorar.com.ar\/en\/psicoaromaterapia-para-profesionales-de-la-salud\/\" class=\"sc_button sc_button_default sc_button_size_small sc_button_icon_left color_style_dark\" ><span class=\"sc_button_text sc_align_center\"><span class=\"sc_button_title\">Quiero mas informaci\u00f3n<\/span><\/span><\/a><\/div>\t\t\t\t<\/div>\n\t\t\t\t<\/div>\n\t\t\t\t\t<\/div>\n\t\t<\/div>\n\t\t\t\t\t<\/div>\n\t\t<\/section>\n\t\t\t\t<div class=\"elementor-element elementor-element-0b48c4e elementor-widget-divider--view-line sc_fly_static elementor-widget elementor-widget-divider\" data-id=\"0b48c4e\" data-element_type=\"widget\" data-e-type=\"widget\" data-widget_type=\"divider.default\">\n\t\t\t\t<div class=\"elementor-widget-container\">\n\t\t\t\t\t\t\t<div class=\"elementor-divider\">\n\t\t\t<span class=\"elementor-divider-separator\">\n\t\t\t\t\t\t<\/span>\n\t\t<\/div>\n\t\t\t\t\t\t<\/div>\n\t\t\t\t<\/div>\n\t\t\t\t\t<\/div>\n\t\t<\/div>\n\t\t\t\t\t<\/div>\n\t\t<\/section>\n\t\t\t\t<\/div>","protected":false},"excerpt":{"rendered":"<p>Pr\u00f3ximos Talleres y Cursos Con fechas de inicio programadas Formaci\u00f3n Aromaterapia Integral Nivel Inicial Intensivo.&hellip;<\/p>","protected":false},"author":2,"featured_media":0,"parent":0,"menu_order":0,"comment_status":"closed","ping_status":"closed","template":"","meta":{"_joinchat":[],"footnotes":""},"class_list":["post-7413","page","type-page","status-publish","hentry"],"_links":{"self":[{"href":"https:\/\/aromaterapiaflorar.com.ar\/en\/wp-json\/wp\/v2\/pages\/7413","targetHints":{"allow":["GET"]}}],"collection":[{"href":"https:\/\/aromaterapiaflorar.com.ar\/en\/wp-json\/wp\/v2\/pages"}],"about":[{"href":"https:\/\/aromaterapiaflorar.com.ar\/en\/wp-json\/wp\/v2\/types\/page"}],"author":[{"embeddable":true,"href":"https:\/\/aromaterapiaflorar.com.ar\/en\/wp-json\/wp\/v2\/users\/2"}],"replies":[{"embeddable":true,"href":"https:\/\/aromaterapiaflorar.com.ar\/en\/wp-json\/wp\/v2\/comments?post=7413"}],"version-history":[{"count":34,"href":"https:\/\/aromaterapiaflorar.com.ar\/en\/wp-json\/wp\/v2\/pages\/7413\/revisions"}],"predecessor-version":[{"id":11142,"href":"https:\/\/aromaterapiaflorar.com.ar\/en\/wp-json\/wp\/v2\/pages\/7413\/revisions\/11142"}],"wp:attachment":[{"href":"https:\/\/aromaterapiaflorar.com.ar\/en\/wp-json\/wp\/v2\/media?parent=7413"}],"curies":[{"name":"wp","href":"https:\/\/api.w.org\/{rel}","templated":true}]}}