{"id":8305,"date":"2024-12-12T15:35:12","date_gmt":"2024-12-12T18:35:12","guid":{"rendered":"https:\/\/aromaterapiaflorar.com.ar\/?page_id=8305"},"modified":"2026-03-13T11:42:15","modified_gmt":"2026-03-13T14:42:15","slug":"membresia","status":"publish","type":"page","link":"https:\/\/aromaterapiaflorar.com.ar\/en\/membresia\/","title":{"rendered":"Membresia"},"content":{"rendered":"<div data-elementor-type=\"wp-page\" data-elementor-id=\"8305\" class=\"elementor elementor-8305\">\n\t\t\t\t\t\t<section class=\"elementor-section elementor-top-section elementor-element elementor-element-4a1f5f81 elementor-section-stretched scheme_dark elementor-section-boxed elementor-section-height-default elementor-section-height-default sc_fly_static\" data-id=\"4a1f5f81\" data-element_type=\"section\" data-e-type=\"section\" data-settings=\"{&quot;stretch_section&quot;:&quot;section-stretched&quot;,&quot;background_background&quot;:&quot;classic&quot;}\">\n\t\t\t\t\t\t\t<div class=\"elementor-background-overlay\"><\/div>\n\t\t\t\t\t\t\t<div class=\"elementor-container elementor-column-gap-extended\">\n\t\t\t\t\t<div class=\"elementor-column elementor-col-100 elementor-top-column elementor-element elementor-element-18c181d1 sc_content_align_inherit sc_layouts_column_icons_position_left sc_fly_static\" data-id=\"18c181d1\" data-element_type=\"column\" data-e-type=\"column\">\n\t\t\t<div class=\"elementor-widget-wrap elementor-element-populated\">\n\t\t\t\t\t\t<div class=\"elementor-element elementor-element-70df7c74 sc_fly_static elementor-widget elementor-widget-spacer\" data-id=\"70df7c74\" data-element_type=\"widget\" data-e-type=\"widget\" data-widget_type=\"spacer.default\">\n\t\t\t\t<div class=\"elementor-widget-container\">\n\t\t\t\t\t\t\t<div class=\"elementor-spacer\">\n\t\t\t<div class=\"elementor-spacer-inner\"><\/div>\n\t\t<\/div>\n\t\t\t\t\t\t<\/div>\n\t\t\t\t<\/div>\n\t\t\t\t<section class=\"elementor-section elementor-inner-section elementor-element elementor-element-55e5bc81 elementor-section-boxed elementor-section-height-default elementor-section-height-default sc_fly_static\" data-id=\"55e5bc81\" data-element_type=\"section\" data-e-type=\"section\">\n\t\t\t\t\t\t<div class=\"elementor-container elementor-column-gap-no\">\n\t\t\t\t\t<div class=\"elementor-column elementor-col-16 elementor-inner-column elementor-element elementor-element-6b3a022a sc_content_align_inherit sc_layouts_column_icons_position_left sc_fly_static\" data-id=\"6b3a022a\" data-element_type=\"column\" data-e-type=\"column\">\n\t\t\t<div class=\"elementor-widget-wrap\">\n\t\t\t\t\t\t\t<\/div>\n\t\t<\/div>\n\t\t\t\t<div class=\"elementor-column elementor-col-66 elementor-inner-column elementor-element elementor-element-452caaf4 sc_content_align_inherit sc_layouts_column_icons_position_left sc_fly_static\" data-id=\"452caaf4\" data-element_type=\"column\" data-e-type=\"column\">\n\t\t\t<div class=\"elementor-widget-wrap elementor-element-populated\">\n\t\t\t\t\t\t<div class=\"elementor-element elementor-element-20721c6b sc_height_tiny sc_fly_static elementor-widget elementor-widget-spacer\" data-id=\"20721c6b\" data-element_type=\"widget\" data-e-type=\"widget\" data-widget_type=\"spacer.default\">\n\t\t\t\t<div class=\"elementor-widget-container\">\n\t\t\t\t\t\t\t<div class=\"elementor-spacer\">\n\t\t\t<div class=\"elementor-spacer-inner\"><\/div>\n\t\t<\/div>\n\t\t\t\t\t\t<\/div>\n\t\t\t\t<\/div>\n\t\t\t\t<div class=\"elementor-element elementor-element-a0b9f96 sc_fly_static elementor-widget elementor-widget-trx_sc_title\" data-id=\"a0b9f96\" data-element_type=\"widget\" data-e-type=\"widget\" data-widget_type=\"trx_sc_title.default\">\n\t\t\t\t<div class=\"elementor-widget-container\">\n\t\t\t\t\t<div\t\tclass=\"sc_title sc_title_default\" ><span class=\"sc_item_subtitle sc_title_subtitle sc_align_center sc_item_subtitle_above sc_item_title_style_default sc_item_subtitle_with_custom_color trx_addons_inline_379016422\">Menos moda. M\u00e1s fundamento.<\/span><h2 class=\"sc_item_title sc_title_title sc_align_center sc_item_title_style_default sc_item_title_tag trx_addons_inline_1452270458\"\n\t\t\t><span class=\"sc_item_title_text\">Membres\u00eda<br> <strong> \u201cTu Laboratorio Natural\u201d<\/strong><\/span><\/h2><div class=\"sc_item_descr sc_title_descr sc_align_center sc_item_descr_with_custom_color trx_addons_inline_1476767600\"><p>\ud83c\udf31 Aromaterapia pr\u00e1ctica  y cient\u00edfica con criterio y respaldo profesional.<\/p>\n<\/div><\/div>\t\t\t\t<\/div>\n\t\t\t\t<\/div>\n\t\t\t\t<div class=\"elementor-element elementor-element-33ccc00d sc_fly_static elementor-widget elementor-widget-text-editor\" data-id=\"33ccc00d\" data-element_type=\"widget\" data-e-type=\"widget\" data-widget_type=\"text-editor.default\">\n\t\t\t\t<div class=\"elementor-widget-container\">\n\t\t\t\t\t\t\t\t\t<p>Un espacio formativo para aprender aromaterapia con base pr\u00e1ctica y cient\u00edfica.<br data-start=\"835\" data-end=\"838\" \/>Exploramos formulaciones reales, analizamos ingredientes y comprendemos c\u00f3mo se construyen las f\u00f3rmulas y por qu\u00e9 funcionan, <strong data-start=\"963\" data-end=\"1014\">para que desarrolles criterio propio a tu ritmo<\/strong>.<\/p>\t\t\t\t\t\t\t\t<\/div>\n\t\t\t\t<\/div>\n\t\t\t\t<div class=\"elementor-element elementor-element-5381945b sc_fly_static elementor-widget elementor-widget-trx_sc_button\" data-id=\"5381945b\" data-element_type=\"widget\" data-e-type=\"widget\" data-widget_type=\"trx_sc_button.default\">\n\t\t\t\t<div class=\"elementor-widget-container\">\n\t\t\t\t\t<div\tclass=\"sc_item_button sc_button_wrap sc_align_center\" ><a href=\"https:\/\/klouser.app\/group\/tu-laboratorio-natural-2\" class=\"sc_button sc_button_default sc_button_size_large sc_button_icon_left\" ><span class=\"sc_button_text sc_align_center\"><span class=\"sc_button_title\">M\u00e1s informaci\u00f3n ac\u00e1<\/span><\/span><\/a><\/div>\t\t\t\t<\/div>\n\t\t\t\t<\/div>\n\t\t\t\t\t<\/div>\n\t\t<\/div>\n\t\t\t\t<div class=\"elementor-column elementor-col-16 elementor-inner-column elementor-element elementor-element-49760b6b sc_content_align_inherit sc_layouts_column_icons_position_left sc_fly_static\" data-id=\"49760b6b\" data-element_type=\"column\" data-e-type=\"column\">\n\t\t\t<div class=\"elementor-widget-wrap\">\n\t\t\t\t\t\t\t<\/div>\n\t\t<\/div>\n\t\t\t\t\t<\/div>\n\t\t<\/section>\n\t\t\t\t<div class=\"elementor-element elementor-element-1ca5ba14 sc_fly_static elementor-widget elementor-widget-spacer\" data-id=\"1ca5ba14\" data-element_type=\"widget\" data-e-type=\"widget\" data-widget_type=\"spacer.default\">\n\t\t\t\t<div class=\"elementor-widget-container\">\n\t\t\t\t\t\t\t<div class=\"elementor-spacer\">\n\t\t\t<div class=\"elementor-spacer-inner\"><\/div>\n\t\t<\/div>\n\t\t\t\t\t\t<\/div>\n\t\t\t\t<\/div>\n\t\t\t\t\t<\/div>\n\t\t<\/div>\n\t\t\t\t\t<\/div>\n\t\t<\/section>\n\t\t\t\t<section class=\"elementor-section elementor-top-section elementor-element elementor-element-7357257 elementor-section-full_width elementor-section-height-default elementor-section-height-default sc_fly_static\" data-id=\"7357257\" data-element_type=\"section\" data-e-type=\"section\" data-settings=\"{&quot;background_background&quot;:&quot;classic&quot;}\">\n\t\t\t\t\t\t<div class=\"elementor-container elementor-column-gap-extended\">\n\t\t\t\t\t<div class=\"elementor-column elementor-col-100 elementor-top-column elementor-element elementor-element-ea6f45f sc_content_align_inherit sc_layouts_column_icons_position_left sc_fly_static\" data-id=\"ea6f45f\" data-element_type=\"column\" data-e-type=\"column\">\n\t\t\t<div class=\"elementor-widget-wrap elementor-element-populated\">\n\t\t\t\t\t\t<div class=\"elementor-element elementor-element-4cef7fc sc_fly_static elementor-widget elementor-widget-spacer\" data-id=\"4cef7fc\" data-element_type=\"widget\" data-e-type=\"widget\" data-widget_type=\"spacer.default\">\n\t\t\t\t<div class=\"elementor-widget-container\">\n\t\t\t\t\t\t\t<div class=\"elementor-spacer\">\n\t\t\t<div class=\"elementor-spacer-inner\"><\/div>\n\t\t<\/div>\n\t\t\t\t\t\t<\/div>\n\t\t\t\t<\/div>\n\t\t\t\t<section class=\"elementor-section elementor-inner-section elementor-element elementor-element-4f2e957 elementor-section-boxed elementor-section-height-default elementor-section-height-default sc_fly_static\" data-id=\"4f2e957\" data-element_type=\"section\" data-e-type=\"section\">\n\t\t\t\t\t\t<div class=\"elementor-container elementor-column-gap-extended\">\n\t\t\t\t\t<div class=\"elementor-column elementor-col-50 elementor-inner-column elementor-element elementor-element-bdd1ea5 sc_content_align_inherit sc_layouts_column_icons_position_left sc_fly_static\" data-id=\"bdd1ea5\" data-element_type=\"column\" data-e-type=\"column\">\n\t\t\t<div class=\"elementor-widget-wrap elementor-element-populated\">\n\t\t\t\t\t\t<div data-animation-type=\"block\" class=\"elementor-element elementor-element-33f5a92 animation_type_block sc_fly_static elementor-invisible elementor-widget elementor-widget-image\" data-id=\"33f5a92\" data-element_type=\"widget\" data-e-type=\"widget\" data-settings=\"{&quot;_animation&quot;:&quot;fadeInLeft&quot;}\" data-widget_type=\"image.default\">\n\t\t\t\t<div class=\"elementor-widget-container\">\n\t\t\t\t\t\t\t\t\t\t\t\t\t\t\t<img fetchpriority=\"high\" decoding=\"async\" width=\"1024\" height=\"768\" src=\"https:\/\/aromaterapiaflorar.com.ar\/wp-content\/uploads\/2024\/12\/DSCN0955-1024x768.jpg\" class=\"attachment-large size-large wp-image-8294\" alt=\"\" srcset=\"https:\/\/aromaterapiaflorar.com.ar\/wp-content\/uploads\/2024\/12\/DSCN0955-1024x768.jpg 1024w, https:\/\/aromaterapiaflorar.com.ar\/wp-content\/uploads\/2024\/12\/DSCN0955-600x450.jpg 600w, https:\/\/aromaterapiaflorar.com.ar\/wp-content\/uploads\/2024\/12\/DSCN0955-300x225.jpg 300w, https:\/\/aromaterapiaflorar.com.ar\/wp-content\/uploads\/2024\/12\/DSCN0955-768x576.jpg 768w, https:\/\/aromaterapiaflorar.com.ar\/wp-content\/uploads\/2024\/12\/DSCN0955-1536x1152.jpg 1536w, https:\/\/aromaterapiaflorar.com.ar\/wp-content\/uploads\/2024\/12\/DSCN0955-2048x1536.jpg 2048w\" sizes=\"(max-width: 1024px) 100vw, 1024px\" \/>\t\t\t\t\t\t\t\t\t\t\t\t\t\t\t<\/div>\n\t\t\t\t<\/div>\n\t\t\t\t\t<\/div>\n\t\t<\/div>\n\t\t\t\t<div class=\"elementor-column elementor-col-50 elementor-inner-column elementor-element elementor-element-5d319a1 sc_content_align_inherit sc_layouts_column_icons_position_left sc_fly_static\" data-id=\"5d319a1\" data-element_type=\"column\" data-e-type=\"column\">\n\t\t\t<div class=\"elementor-widget-wrap elementor-element-populated\">\n\t\t\t\t\t\t<div class=\"elementor-element elementor-element-b00640e sc_fly_static elementor-widget elementor-widget-text-editor\" data-id=\"b00640e\" data-element_type=\"widget\" data-e-type=\"widget\" data-widget_type=\"text-editor.default\">\n\t\t\t\t<div class=\"elementor-widget-container\">\n\t\t\t\t\t\t\t\t\t<p data-start=\"244\" data-end=\"272\"><strong>Este espacio es para vos si:<\/strong><\/p><p data-start=\"274\" data-end=\"652\">\ud83c\udf3f Quer\u00e9s dejar de improvisar con aceites esenciales y empezar a <strong data-start=\"339\" data-end=\"381\">formular con mayor claridad y criterio<\/strong>.<br data-start=\"382\" data-end=\"385\" \/>\ud83c\udf3f Busc\u00e1s <strong data-start=\"395\" data-end=\"454\">m\u00e1s seguridad al preparar y aplicar f\u00f3rmulas arom\u00e1ticas<\/strong>.<br data-start=\"455\" data-end=\"458\" \/>\ud83c\udf3f Aprendiste de forma autodidacta y sent\u00eds que necesit\u00e1s <strong data-start=\"516\" data-end=\"554\">ordenar y profundizar lo que sab\u00e9s<\/strong>.<br data-start=\"555\" data-end=\"558\" \/>\ud83c\udf3f Disfrut\u00e1s aprender con <strong data-start=\"584\" data-end=\"619\">calma, an\u00e1lisis y pr\u00e1ctica real<\/strong>, no solo acumulando informaci\u00f3n.<\/p><p data-start=\"654\" data-end=\"760\">\u2728 <strong data-start=\"656\" data-end=\"698\">Lo hac\u00e9s a tu ritmo, desde donde est\u00e9s<\/strong>, profundizando en la pr\u00e1ctica y el estudio seg\u00fan tus tiempos.<\/p><p data-start=\"762\" data-end=\"991\"><strong>Pod\u00e9s sumarte en cualquier momento.<\/strong><br data-start=\"797\" data-end=\"800\" \/>El laboratorio ya cuenta con <strong data-start=\"829\" data-end=\"872\">m\u00e1s de un a\u00f1o de contenidos disponibles<\/strong> que pod\u00e9s recorrer con calma, y a lo largo del tiempo se siguen sumando nuevos materiales y encuentros de laboratorio.<\/p>\t\t\t\t\t\t\t\t<\/div>\n\t\t\t\t<\/div>\n\t\t\t\t<div class=\"elementor-element elementor-element-1639d12 sc_fly_static elementor-widget elementor-widget-text-editor\" data-id=\"1639d12\" data-element_type=\"widget\" data-e-type=\"widget\" data-widget_type=\"text-editor.default\">\n\t\t\t\t<div class=\"elementor-widget-container\">\n\t\t\t\t\t\t\t\t\t<p>\ud83c\udf31\u00a0 <a href=\"https:\/\/youtu.be\/WaZiJiEZWPg\">Recorrido en la Membresia<\/a><\/p>\t\t\t\t\t\t\t\t<\/div>\n\t\t\t\t<\/div>\n\t\t\t\t<div class=\"elementor-element elementor-element-8f93263 sc_fly_static elementor-widget elementor-widget-spacer\" data-id=\"8f93263\" data-element_type=\"widget\" data-e-type=\"widget\" data-widget_type=\"spacer.default\">\n\t\t\t\t<div class=\"elementor-widget-container\">\n\t\t\t\t\t\t\t<div class=\"elementor-spacer\">\n\t\t\t<div class=\"elementor-spacer-inner\"><\/div>\n\t\t<\/div>\n\t\t\t\t\t\t<\/div>\n\t\t\t\t<\/div>\n\t\t\t\t<div class=\"elementor-element elementor-element-0de146f sc_fly_static elementor-widget elementor-widget-trx_sc_button\" data-id=\"0de146f\" data-element_type=\"widget\" data-e-type=\"widget\" data-widget_type=\"trx_sc_button.default\">\n\t\t\t\t<div class=\"elementor-widget-container\">\n\t\t\t\t\t<div\tclass=\"sc_item_button sc_button_wrap sc_align_left\" ><a href=\"https:\/\/klouser.app\/group\/tu-laboratorio-natural-2\" class=\"sc_button sc_button_default sc_button_size_normal sc_button_icon_left\" ><span class=\"sc_button_text sc_align_center\"><span class=\"sc_button_title\">Me quiero Suscribir<\/span><\/span><\/a><\/div>\t\t\t\t<\/div>\n\t\t\t\t<\/div>\n\t\t\t\t\t<\/div>\n\t\t<\/div>\n\t\t\t\t\t<\/div>\n\t\t<\/section>\n\t\t\t\t<div class=\"elementor-element elementor-element-5ae7c70 sc_fly_static elementor-widget elementor-widget-spacer\" data-id=\"5ae7c70\" data-element_type=\"widget\" data-e-type=\"widget\" data-widget_type=\"spacer.default\">\n\t\t\t\t<div class=\"elementor-widget-container\">\n\t\t\t\t\t\t\t<div class=\"elementor-spacer\">\n\t\t\t<div class=\"elementor-spacer-inner\"><\/div>\n\t\t<\/div>\n\t\t\t\t\t\t<\/div>\n\t\t\t\t<\/div>\n\t\t\t\t<section class=\"elementor-section elementor-inner-section elementor-element elementor-element-1749147 elementor-section-boxed elementor-section-height-default elementor-section-height-default sc_fly_static\" data-id=\"1749147\" data-element_type=\"section\" data-e-type=\"section\">\n\t\t\t\t\t\t<div class=\"elementor-container elementor-column-gap-extended\">\n\t\t\t\t\t<div class=\"elementor-column elementor-col-50 elementor-inner-column elementor-element elementor-element-0deffde sc_content_align_inherit sc_layouts_column_icons_position_left sc_fly_static\" data-id=\"0deffde\" data-element_type=\"column\" data-e-type=\"column\">\n\t\t\t<div class=\"elementor-widget-wrap elementor-element-populated\">\n\t\t\t\t\t\t<div data-animation-type=\"block\" class=\"elementor-element elementor-element-225fec7 animation_type_block sc_fly_static elementor-invisible elementor-widget elementor-widget-image\" data-id=\"225fec7\" data-element_type=\"widget\" data-e-type=\"widget\" data-settings=\"{&quot;_animation&quot;:&quot;slideInLeft&quot;}\" data-widget_type=\"image.default\">\n\t\t\t\t<div class=\"elementor-widget-container\">\n\t\t\t\t\t\t\t\t\t\t\t\t\t\t\t<img decoding=\"async\" width=\"465\" height=\"800\" src=\"https:\/\/aromaterapiaflorar.com.ar\/wp-content\/uploads\/2025\/05\/5760c3f32f0a2e52571615c9623fecd3.jpg\" class=\"attachment-large size-large wp-image-9117\" alt=\"\" srcset=\"https:\/\/aromaterapiaflorar.com.ar\/wp-content\/uploads\/2025\/05\/5760c3f32f0a2e52571615c9623fecd3.jpg 465w, https:\/\/aromaterapiaflorar.com.ar\/wp-content\/uploads\/2025\/05\/5760c3f32f0a2e52571615c9623fecd3-174x300.jpg 174w\" sizes=\"(max-width: 600px) 100vw, 465px\" \/>\t\t\t\t\t\t\t\t\t\t\t\t\t\t\t<\/div>\n\t\t\t\t<\/div>\n\t\t\t\t\t<\/div>\n\t\t<\/div>\n\t\t\t\t<div class=\"elementor-column elementor-col-50 elementor-inner-column elementor-element elementor-element-2bcc1a0 sc_content_align_inherit sc_layouts_column_icons_position_left sc_fly_static\" data-id=\"2bcc1a0\" data-element_type=\"column\" data-e-type=\"column\">\n\t\t\t<div class=\"elementor-widget-wrap elementor-element-populated\">\n\t\t\t\t\t\t<div class=\"elementor-element elementor-element-2454bfc sc_fly_static elementor-widget elementor-widget-trx_sc_title\" data-id=\"2454bfc\" data-element_type=\"widget\" data-e-type=\"widget\" data-widget_type=\"trx_sc_title.default\">\n\t\t\t\t<div class=\"elementor-widget-container\">\n\t\t\t\t\t<div\t\tclass=\"sc_title sc_title_default\" ><h3 class=\"sc_item_title sc_title_title sc_item_title_style_default sc_item_title_tag trx_addons_inline_39016697\"\n\t\t\t><span class=\"sc_item_title_text\">Te invitamos a nuestro espacio\u00a0gratuito\u00a0exclusivo en WhatsApp<\/span><\/h3><\/div>\t\t\t\t<\/div>\n\t\t\t\t<\/div>\n\t\t\t\t<div class=\"elementor-element elementor-element-3d7147f sc_fly_static elementor-widget elementor-widget-text-editor\" data-id=\"3d7147f\" data-element_type=\"widget\" data-e-type=\"widget\" data-widget_type=\"text-editor.default\">\n\t\t\t\t<div class=\"elementor-widget-container\">\n\t\t\t\t\t\t\t\t\t<p>Un lugar pensado para compartir recursos valiosos con nuestra comunidad, como:<\/p><p><strong>&#8211; Clases gratuitas<br \/>&#8211; Material descargable<br \/>&#8211; Novedades y descuentos especiales<br \/>&#8211; Informaci\u00f3n sobre todos nuestros cursos y formaciones durante el a\u00f1o<\/strong><\/p><p><img decoding=\"async\" class=\"emoji\" role=\"img\" draggable=\"false\" src=\"https:\/\/s.w.org\/images\/core\/emoji\/17.0.2\/svg\/1f512.svg\" alt=\"\ud83d\udd12\" \/><em><strong> Es un grupo silencioso<\/strong><\/em> (solo administradores): sin spam, sin distracciones. Solo contenido \u00fatil y relevante para tu crecimiento personal y profesional.<\/p><p>Si quieres <strong>aprender m\u00e1s, aprovechar nuevas oportunidades<\/strong> y formar parte de una comunidad comprometida con el crecimiento\u2026<\/p>\t\t\t\t\t\t\t\t<\/div>\n\t\t\t\t<\/div>\n\t\t\t\t<div class=\"elementor-element elementor-element-7ccdf6d sc_fly_static elementor-widget elementor-widget-spacer\" data-id=\"7ccdf6d\" data-element_type=\"widget\" data-e-type=\"widget\" data-widget_type=\"spacer.default\">\n\t\t\t\t<div class=\"elementor-widget-container\">\n\t\t\t\t\t\t\t<div class=\"elementor-spacer\">\n\t\t\t<div class=\"elementor-spacer-inner\"><\/div>\n\t\t<\/div>\n\t\t\t\t\t\t<\/div>\n\t\t\t\t<\/div>\n\t\t\t\t<div class=\"elementor-element elementor-element-d1969a5 sc_fly_static elementor-widget elementor-widget-trx_sc_button\" data-id=\"d1969a5\" data-element_type=\"widget\" data-e-type=\"widget\" data-widget_type=\"trx_sc_button.default\">\n\t\t\t\t<div class=\"elementor-widget-container\">\n\t\t\t\t\t<div\tclass=\"sc_item_button sc_button_wrap sc_align_left\" ><a href=\"https:\/\/chat.whatsapp.com\/LWDapW60OaJAaP3plivLKe\" class=\"sc_button sc_button_decoration sc_button_size_normal sc_button_with_icon sc_button_icon_left color_style_dark\" ><span class=\"sc_button_icon\"><span class=\"icon-whatsapp\"><\/span><\/span><span class=\"sc_button_text sc_align_center\"><span class=\"sc_button_title\">Haz clic aqu\u00ed para unirte al grupo ahora<\/span><\/span><\/a><\/div>\t\t\t\t<\/div>\n\t\t\t\t<\/div>\n\t\t\t\t\t<\/div>\n\t\t<\/div>\n\t\t\t\t\t<\/div>\n\t\t<\/section>\n\t\t\t\t\t<\/div>\n\t\t<\/div>\n\t\t\t\t\t<\/div>\n\t\t<\/section>\n\t\t\t\t<\/div>","protected":false},"excerpt":{"rendered":"<p>Menos moda. M\u00e1s fundamento. Membres\u00eda \u201cTu Laboratorio Natural\u201d &#x1f331; Aromaterapia pr\u00e1ctica y cient\u00edfica con criterio&hellip;<\/p>","protected":false},"author":2,"featured_media":0,"parent":0,"menu_order":0,"comment_status":"closed","ping_status":"closed","template":"","meta":{"_joinchat":[],"footnotes":""},"class_list":["post-8305","page","type-page","status-publish","hentry"],"_links":{"self":[{"href":"https:\/\/aromaterapiaflorar.com.ar\/en\/wp-json\/wp\/v2\/pages\/8305","targetHints":{"allow":["GET"]}}],"collection":[{"href":"https:\/\/aromaterapiaflorar.com.ar\/en\/wp-json\/wp\/v2\/pages"}],"about":[{"href":"https:\/\/aromaterapiaflorar.com.ar\/en\/wp-json\/wp\/v2\/types\/page"}],"author":[{"embeddable":true,"href":"https:\/\/aromaterapiaflorar.com.ar\/en\/wp-json\/wp\/v2\/users\/2"}],"replies":[{"embeddable":true,"href":"https:\/\/aromaterapiaflorar.com.ar\/en\/wp-json\/wp\/v2\/comments?post=8305"}],"version-history":[{"count":72,"href":"https:\/\/aromaterapiaflorar.com.ar\/en\/wp-json\/wp\/v2\/pages\/8305\/revisions"}],"predecessor-version":[{"id":11349,"href":"https:\/\/aromaterapiaflorar.com.ar\/en\/wp-json\/wp\/v2\/pages\/8305\/revisions\/11349"}],"wp:attachment":[{"href":"https:\/\/aromaterapiaflorar.com.ar\/en\/wp-json\/wp\/v2\/media?parent=8305"}],"curies":[{"name":"wp","href":"https:\/\/api.w.org\/{rel}","templated":true}]}}