{"id":10768,"date":"2026-02-14T12:39:04","date_gmt":"2026-02-14T15:39:04","guid":{"rendered":"https:\/\/aromaterapiaflorar.com.ar\/producto\/absoluto-de-rosa-centifolia-al-3-de-10-ml-rollon-2\/"},"modified":"2026-02-14T12:39:05","modified_gmt":"2026-02-14T15:39:05","slug":"absoluto-de-rosa-centifolia-al-3-de-10-ml-rollon-2","status":"publish","type":"product","link":"https:\/\/aromaterapiaflorar.com.ar\/en\/product\/absoluto-de-rosa-centifolia-al-3-de-10-ml-rollon-2\/","title":{"rendered":"Absoluto de Rosa Centifolia al 3% de 10 ml Rollon"},"content":{"rendered":"<p>Absoluto de Rosa (Rosa x centifolia) diluido al 3% en aceite vegetal de Jojoba (Simmondsia chinensis)<\/p>\n<p>Un absoluto \u00fanico, delicado,\u00a0 sublime e irresistible. \/ 10ml<\/p>\n<p>Tienen una sorpresa en su interior, cuarzos rosas rolados peque\u00f1os, otorg\u00e1ndole a\u00fan m\u00e1s amor a este sublime aroma.<\/p>\n<p>Amada rosa, una vez que impregnas con su aroma todos los cuerpos sutiles y fiscos, queda grabada en tu memoria y en las celulas para siempre, un aroma tan et\u00e9reo y potente como pocos, te lleva a los lugares m\u00e1s sublimes de nuestra existencia.<\/p>","protected":false},"excerpt":{"rendered":"<p>Absoluto 10 ml<\/p>","protected":false},"featured_media":1976,"comment_status":"closed","ping_status":"open","template":"","meta":{"_joinchat":[]},"product_brand":[],"product_cat":[25],"product_tag":[],"class_list":{"0":"post-10768","1":"product","2":"type-product","3":"status-publish","4":"has-post-thumbnail","6":"product_cat-aceites-esenciales","8":"first","9":"instock","10":"purchasable","11":"product-type-simple"},"_links":{"self":[{"href":"https:\/\/aromaterapiaflorar.com.ar\/en\/wp-json\/wp\/v2\/product\/10768","targetHints":{"allow":["GET"]}}],"collection":[{"href":"https:\/\/aromaterapiaflorar.com.ar\/en\/wp-json\/wp\/v2\/product"}],"about":[{"href":"https:\/\/aromaterapiaflorar.com.ar\/en\/wp-json\/wp\/v2\/types\/product"}],"replies":[{"embeddable":true,"href":"https:\/\/aromaterapiaflorar.com.ar\/en\/wp-json\/wp\/v2\/comments?post=10768"}],"wp:featuredmedia":[{"embeddable":true,"href":"https:\/\/aromaterapiaflorar.com.ar\/en\/wp-json\/wp\/v2\/media\/1976"}],"wp:attachment":[{"href":"https:\/\/aromaterapiaflorar.com.ar\/en\/wp-json\/wp\/v2\/media?parent=10768"}],"wp:term":[{"taxonomy":"product_brand","embeddable":true,"href":"https:\/\/aromaterapiaflorar.com.ar\/en\/wp-json\/wp\/v2\/product_brand?post=10768"},{"taxonomy":"product_cat","embeddable":true,"href":"https:\/\/aromaterapiaflorar.com.ar\/en\/wp-json\/wp\/v2\/product_cat?post=10768"},{"taxonomy":"product_tag","embeddable":true,"href":"https:\/\/aromaterapiaflorar.com.ar\/en\/wp-json\/wp\/v2\/product_tag?post=10768"}],"curies":[{"name":"wp","href":"https:\/\/api.w.org\/{rel}","templated":true}]}}