{"id":1231,"date":"2023-06-15T15:43:32","date_gmt":"2023-06-15T18:43:32","guid":{"rendered":"https:\/\/aromaterapiaflorar.com.ar\/producto\/rollon-terapeutico-migrana-11-ml\/"},"modified":"2026-04-02T11:13:49","modified_gmt":"2026-04-02T14:13:49","slug":"rollon-terapeutico-migrana-11-ml","status":"publish","type":"product","link":"https:\/\/aromaterapiaflorar.com.ar\/en\/product\/rollon-terapeutico-migrana-11-ml\/","title":{"rendered":"Rollon Terape\u00fatico  &#8220;Migra\u00f1a&#8221; 11 ml"},"content":{"rendered":"<p>Rollon Terape\u00fatico &#8220;Migra\u00f1a&#8221;<\/p>\n<p>Ideal para dolores intensos de cabeza<br \/>\n.<br \/>\nLos aceites esenciales son excelentes a la hora de desinflamar y aliviar dolores de cabeza, act\u00faan aliviando y reduciendo el dolor o pesadez.<br \/>\nDe f\u00e1cil aplicaci\u00f3n y se encuentra diluido con aceite vegetal de jojoba para aplicarlo directo en la piel sin ning\u00fan inconveniente.<\/p>\n<p>Contiene: Aceites esenciales de Menta Inglesa (Mentha piperita), Lavanda (Lavandula angustifolia ) y mejorana (Origanum marjorana). Base en aceite vegetal de jojoba.<\/p>\n<p>F\u00e1cil de llevar a todos lados.<br \/>\nPara adultos y ni\u00f1os Mayores de 7 a\u00f1os<br \/>\nModo de uso: colocar en la sien, atr\u00e1s de las orejas, nuca y comienzo del cuero cabelludo.<\/p>\n<p>No llevar a los ojos, ni a la boca, ni mucosas, ni dejar cerca de los ni\u00f1os.<br \/>\nNo exponer al sol, ni al calor.<\/p>\n<p>Como todas nuestras l\u00edneas, no contiene ning\u00fan derivado del petr\u00f3leo, ni sint\u00e9ticos, ni ning\u00fan tipo de producto toxico para el organismo.<\/p>","protected":false},"excerpt":{"rendered":"<p>Dolores de cabeza intensos 11 ml<\/p>","protected":false},"featured_media":668,"comment_status":"closed","ping_status":"closed","template":"","meta":{"_joinchat":[]},"product_brand":[],"product_cat":[30],"product_tag":[],"class_list":{"0":"post-1231","1":"product","2":"type-product","3":"status-publish","4":"has-post-thumbnail","6":"product_cat-productos-terapeuticos","8":"first","9":"instock","10":"purchasable","11":"product-type-simple"},"_links":{"self":[{"href":"https:\/\/aromaterapiaflorar.com.ar\/en\/wp-json\/wp\/v2\/product\/1231","targetHints":{"allow":["GET"]}}],"collection":[{"href":"https:\/\/aromaterapiaflorar.com.ar\/en\/wp-json\/wp\/v2\/product"}],"about":[{"href":"https:\/\/aromaterapiaflorar.com.ar\/en\/wp-json\/wp\/v2\/types\/product"}],"replies":[{"embeddable":true,"href":"https:\/\/aromaterapiaflorar.com.ar\/en\/wp-json\/wp\/v2\/comments?post=1231"}],"wp:featuredmedia":[{"embeddable":true,"href":"https:\/\/aromaterapiaflorar.com.ar\/en\/wp-json\/wp\/v2\/media\/668"}],"wp:attachment":[{"href":"https:\/\/aromaterapiaflorar.com.ar\/en\/wp-json\/wp\/v2\/media?parent=1231"}],"wp:term":[{"taxonomy":"product_brand","embeddable":true,"href":"https:\/\/aromaterapiaflorar.com.ar\/en\/wp-json\/wp\/v2\/product_brand?post=1231"},{"taxonomy":"product_cat","embeddable":true,"href":"https:\/\/aromaterapiaflorar.com.ar\/en\/wp-json\/wp\/v2\/product_cat?post=1231"},{"taxonomy":"product_tag","embeddable":true,"href":"https:\/\/aromaterapiaflorar.com.ar\/en\/wp-json\/wp\/v2\/product_tag?post=1231"}],"curies":[{"name":"wp","href":"https:\/\/api.w.org\/{rel}","templated":true}]}}