{"id":1428,"date":"2021-10-19T15:01:50","date_gmt":"2021-10-19T18:01:50","guid":{"rendered":"https:\/\/aromaterapiaflorar.com.ar\/?post_type=product&#038;p=1428"},"modified":"2026-04-06T10:59:35","modified_gmt":"2026-04-06T13:59:35","slug":"curso-aromaterapia-integral-nivel-incial-100-digital","status":"publish","type":"product","link":"https:\/\/aromaterapiaflorar.com.ar\/en\/product\/curso-aromaterapia-integral-nivel-incial-100-digital\/","title":{"rendered":"Curso Aromaterapia integral &#8220;Nivel Inicial&#8221; 100% Digital"},"content":{"rendered":"<h5><strong>PROMOCION del 5 al 15 de ABRIL\u00a0 <\/strong><strong>&#x1f4b3; Hasta 6 cuotas sin inter\u00e9s<\/strong><\/h5>\n<p>&nbsp;<\/p>\n<p>&nbsp;<\/p>\n<p>Este curso digital 100 % lo pod\u00e9s comenzar en cualquier momento, es material de estudio en formato pdf, clases asincr\u00f3nicas en la plataforma virtual y videos explicativos de la realizaci\u00f3n de preparados aromaterap\u00e9uticos (sprays ambientales, mezclas oleosas terap\u00e9uticas, oleos de masajes, brumas relajantes, brumas descongestivas , ung\u00fcentos para contracturas, spray antis\u00e9ptico para superficies y ambiente.)<\/p>\n<p>&nbsp;<\/p>\n<p><strong>Este curso te ofrece una capacitaci\u00f3n b\u00e1sica pero muy completa para iniciarte en el mundo de la aromaterapia de manera seria y segura para aplicarla a tu vida diaria o si as\u00ed lo deseas, poder comenzar a emprender de forma profesional.<\/strong><\/p>\n<p>&nbsp;<\/p>\n<p><strong>\u2022 Objetivos del Curso:<\/strong><\/p>\n<p>&#8211; Iniciarte al mundo de la Aromaterapia, desde un abordaje integral (cient\u00edfico y psicoemocional) actualizado y profesional.<\/p>\n<p>&#8211; Como incorporarla a tu vida cotidiana y a la de tu familia con compromiso, respeto y consciencia.<\/p>\n<p>&#8211; Sentar las bases para iniciar un emprendimiento en aromaterapia, ya sean productos o consultorio.<\/p>\n<p>&nbsp;<\/p>\n<p><strong>\u2022 El curso te prepara para:<\/strong><\/p>\n<p>-Te sentara las bases para un uso seguro y consciente de este medicina natural para vos, tu familia y tus seres queridos.<\/p>\n<p>&#8211; Si queres comenzar un emprendimiento propio de productos aromaterap\u00e9uticos, este curso te pepear\u00e1 con una capacitaci\u00f3n seria y profesional, para que puedas comenzar con total tranquilidad y seguridad.<\/p>\n<p>-Si sos terapeuta o queres serlo, podr\u00e1s comenzar un viaje profesionaliz\u00e1ndote en aromaterapia integral.<\/p>\n<p>&nbsp;<\/p>\n<p><strong>\u2022 A quien va dirigido:<\/strong><\/p>\n<p>&#8211; A todos aquellos que quieran aprender para llevar esta medicina natural a su vida diaria y la de sus familiares o amigos.<\/p>\n<p>&#8211; A todos aquellos que quieran comenzar un emprendimiento de productos de aromaterapia.<\/p>\n<p>&#8211; A todos aquellos terapeutas que quieran incorporar la aromaterapia a en sus practicas.<\/p>\n<p>&#8211; A todos aquellos que quieran comenzar a ser Aromaterap\u00e9utas y quieran vivir profesionalmente de la Aromaterapia.<\/p>\n<p>&nbsp;<\/p>\n<p><strong>Metodolog\u00eda<\/strong><\/p>\n<p>&#8211; A todos aquellos que quieran aprender para llevar esta medicina natural a su vida diaria y la de sus familiares o amigos.<\/p>\n<p>&#8211; A todos aquellos que quieran comenzar un emprendimiento de productos de aromaterapia.<\/p>\n<p>&#8211; A todos aquellos terapeutas que quieran incorporar la aromaterapia a en sus practicas.<\/p>\n<p>&#8211; A todos aquellos que quieran comenzar a ser Aromaterapeutas y quieran vivir profesionalmente de la Aromaterapia.<\/p>\n<p>&nbsp;<\/p>\n<p>Qu\u00e9 veremos:<\/p>\n<p>\u2022 Qu\u00e9 es Aromaterapia .<br \/>\n\u2022 Lo que No es Aromaterapia.<br \/>\n\u2022 Un poco de historia.<br \/>\n\u2022 Diferencias entre escuela anglosajona y escuela Francesa.<br \/>\n\u2022 Absorci\u00f3n y dosificaciones adecuada y seguras, seg\u00fan escuela Anglosajona.<br \/>\n\u2022 Que son los aceites esenciales y como funcionan en nuestro organismo<br \/>\n\u2022 M\u00e9todos de obtenci\u00f3n de los Aceites Esenciales. Destilaci\u00f3n. Presi\u00f3n Fr\u00eda.<br \/>\n\u2022 Diferencia entre aceite esencial puro de algo artificial o adulterado. Detectar adulteraciones<br \/>\n\u2022 M\u00e9todo de inhalaci\u00f3n directa y aplicaci\u00f3n t\u00f3pica de un AE<br \/>\n\u2022 Ficha t\u00e9cnica de 7 aceites esenciales b\u00e1sicos para tu botiqu\u00edn: Propiedades emocionales y cl\u00ednicas de cada aceite: Lim\u00f3n, Geranio, Lavanda, Romero, Eucalipto, Menta y \u00c1rbol del T\u00e9 \u201cTeatree\u201d<br \/>\n\u2022 Consejos de seguridad general en aromaterapia.<br \/>\n\u2022 Precauciones necesarias para un manejo seguro de los aceites esenciales.<br \/>\n\u2022 Formas de aplicar el aceite y mezclas recomendadas de cada uno de estos aceites esenciales presentados.<br \/>\n\u2022 Recetarios sencillos para comenzar tus practicas.<\/p>\n<p>&nbsp;<\/p>\n<p>Ejercicios Pr\u00e1cticos:<\/p>\n<p>Aprender\u00e1s a realizar sprays ambientales, mezclas terap\u00e9uticas, oleos de masajes, brumas relajantes, descongestivas , crema para contracturas y dolores musculares, spray antis\u00e9ptico.<\/p>","protected":false},"excerpt":{"rendered":"<h6><strong>PROMOCION del 5 al 15 de ABRIL <\/strong><\/h6>\n<h6><strong>&#x1f4b3; Hasta 6 cuotas sin inter\u00e9s<\/strong><\/h6>\n<p>&nbsp;<\/p>\n<p><strong>Este curso te ofrece una capacitaci\u00f3n b\u00e1sica pero muy completa para iniciarte en el mundo de la aromaterapia de manera seria y segura para aplicarla a tu vida diaria o si as\u00ed lo deseas, poder comenzar a emprender de forma profesional.<\/strong><\/p>","protected":false},"featured_media":9986,"comment_status":"open","ping_status":"closed","template":"","meta":{"_joinchat":[]},"product_brand":[],"product_cat":[63],"product_tag":[],"class_list":{"0":"post-1428","1":"product","2":"type-product","3":"status-publish","4":"has-post-thumbnail","6":"product_cat-cursos-y-talleres-digitales","8":"first","9":"instock","10":"downloadable","11":"virtual","12":"sold-individually","13":"taxable","14":"purchasable","15":"product-type-course"},"_links":{"self":[{"href":"https:\/\/aromaterapiaflorar.com.ar\/en\/wp-json\/wp\/v2\/product\/1428","targetHints":{"allow":["GET"]}}],"collection":[{"href":"https:\/\/aromaterapiaflorar.com.ar\/en\/wp-json\/wp\/v2\/product"}],"about":[{"href":"https:\/\/aromaterapiaflorar.com.ar\/en\/wp-json\/wp\/v2\/types\/product"}],"replies":[{"embeddable":true,"href":"https:\/\/aromaterapiaflorar.com.ar\/en\/wp-json\/wp\/v2\/comments?post=1428"}],"wp:featuredmedia":[{"embeddable":true,"href":"https:\/\/aromaterapiaflorar.com.ar\/en\/wp-json\/wp\/v2\/media\/9986"}],"wp:attachment":[{"href":"https:\/\/aromaterapiaflorar.com.ar\/en\/wp-json\/wp\/v2\/media?parent=1428"}],"wp:term":[{"taxonomy":"product_brand","embeddable":true,"href":"https:\/\/aromaterapiaflorar.com.ar\/en\/wp-json\/wp\/v2\/product_brand?post=1428"},{"taxonomy":"product_cat","embeddable":true,"href":"https:\/\/aromaterapiaflorar.com.ar\/en\/wp-json\/wp\/v2\/product_cat?post=1428"},{"taxonomy":"product_tag","embeddable":true,"href":"https:\/\/aromaterapiaflorar.com.ar\/en\/wp-json\/wp\/v2\/product_tag?post=1428"}],"curies":[{"name":"wp","href":"https:\/\/api.w.org\/{rel}","templated":true}]}}