{"id":2468,"date":"2022-05-02T12:03:15","date_gmt":"2022-05-02T15:03:15","guid":{"rendered":"https:\/\/aromaterapiaflorar.com.ar\/?post_type=product&#038;p=2468"},"modified":"2026-01-17T18:36:35","modified_gmt":"2026-01-17T21:36:35","slug":"curso-aromaterapia-integral-nivel-inicial-presencial-en-la-ciudad-de-la-plata","status":"publish","type":"product","link":"https:\/\/aromaterapiaflorar.com.ar\/en\/product\/curso-aromaterapia-integral-nivel-inicial-presencial-en-la-ciudad-de-la-plata\/","title":{"rendered":"Curso Aromaterapia integral &#8220;Nivel Inicial&#8221;  Presencial en la Ciudad de La Plata"},"content":{"rendered":"<p>Esta formaci\u00f3n consta de 3 clases intensivas (quincenales) presenciales en la ciudad de La Plata &#8211; Prov de Bs As., aprenderemos\u00a0 no solo la teor\u00eda, si no que tambi\u00e9n realizaremos productos terap\u00e9uticos (sprays ambientales, mezclas oleosas terap\u00e9uticas, oleos de masajes, brumas relajantes, brumas descongestivas , spray antis\u00e9ptico para superficies y ambiente.)<\/p>\n<p>Este curso te ofrece una capacitaci\u00f3n b\u00e1sica pero muy completa para iniciarte en el mundo de la aromaterapia de manera seria y segura para aplicarla a tu vida diaria o si as\u00ed lo deseas, poder comenzar a emprender de forma profesional.<\/p>\n<p>\u2022\u00a0 Objetivos del Curso:<\/p>\n<p>&#8211; Iniciarte al mundo de la Aromaterapia, desde un abordaje integral (cient\u00edfico y psicoemocional) actualizado y profesional.<\/p>\n<p>&#8211; Como incorporarla a tu vida cotidiana y a la de tu familia con compromiso, respeto y consciencia.<\/p>\n<p>&#8211; Sentar las bases para iniciar un emprendimiento en aromaterapia, ya sean productos o consultorio.<\/p>\n<p>\u2022\u00a0 El curso te prepara para:<\/p>\n<p>-Te sentara las bases para un uso seguro y consciente de este medicina natural para vos, tu familia y tus seres queridos.<\/p>\n<p>&#8211; Si queres comenzar un emprendimiento propio de productos aromaterap\u00e9uticos, este curso te pepear\u00e1 con una capacitaci\u00f3n seria y profesional, para que puedas comenzar con total tranquilidad y seguridad.<\/p>\n<p>-Si sos terapeuta o queres serlo, podr\u00e1s comenzar un viaje profesionaliz\u00e1ndote en aromaterapia integral.<\/p>\n<p>\u2022\u00a0 A quien va dirigido:<\/p>\n<p>&#8211; A todos aquellos que quieran aprender para llevar esta medicina natural a su vida diaria y la de sus familiares o amigos.<\/p>\n<p>&#8211; A todos aquellos que quieran comenzar un emprendimiento de productos de aromaterapia.<\/p>\n<p>&#8211; A todos aquellos terapeutas que quieran incorporar la aromaterapia a en sus practicas.<\/p>\n<p>&#8211; A todos aquellos que quieran comenzar a ser Aromaterap\u00e9utas y quieran vivir profesionalmente de la Aromaterapia.<\/p>\n<p>Metodologia<\/p>\n<p>&#8211; A todos aquellos que quieran aprender para llevar esta medicina natural a su vida diaria y la de sus familiares o amigos.<\/p>\n<p>&#8211; A todos aquellos que quieran comenzar un emprendimiento de productos de aromaterapia.<\/p>\n<p>&#8211; A todos aquellos terapeutas que quieran incorporar la aromaterapia a en sus practicas.<\/p>\n<p>&#8211; A todos aquellos que quieran comenzar a ser Aromaterapeutas y quieran vivir profesionalmente de la Aromaterapia.<\/p>\n<p>Que veremos:<\/p>\n<p>\u2022\u00a0 Qu\u00e9 es Aromaterapia .<br \/>\n\u2022\u00a0 Lo que No es Aromaterapia.<br \/>\n\u2022\u00a0 Un poco de historia.<br \/>\n\u2022\u00a0 Diferencias entre escuela anglosajona y escuela Francesa.<br \/>\n\u2022\u00a0 Absorci\u00f3n y dosificaciones adecuada y seguras, seg\u00fan escuela Anglosajona.<br \/>\n\u2022\u00a0 Que son los aceites esenciales y como funcionan en nuestro organismo<br \/>\n\u2022\u00a0 M\u00e9todos de obtenci\u00f3n de los Aceites Esenciales. Destilaci\u00f3n. Presi\u00f3n Fr\u00eda.<br \/>\n\u2022\u00a0 Diferencia entre aceite esencial puro de algo artificial o adulterado. Detectar adulteraciones<br \/>\n\u2022\u00a0 M\u00e9todo de inhalaci\u00f3n directa y aplicaci\u00f3n t\u00f3pica de un AE<br \/>\n\u2022\u00a0 Ficha t\u00e9cnica de 7 aceites esenciales b\u00e1sicos para tu botiqu\u00edn: Propiedades emocionales y cl\u00ednicas de cada aceite: Lim\u00f3n, Geranio, Lavanda, Romero, Eucalipto, Menta y \u00c1rbol del T\u00e9 \u0093Teatree\u0094<br \/>\n\u2022\u00a0 Consejos de seguridad general en aromaterapia.<br \/>\n\u2022\u00a0 Precauciones necesarias para un manejo seguro de los aceites esenciales.<br \/>\n\u2022\u00a0 Formas de aplicar el aceite y mezclas recomendadas de cada uno de estos aceites esenciales presentados.<br \/>\n\u2022\u00a0 Recetarios sencillos para comenzar tus practicas.<\/p>\n<p>Ejercicios Pr\u00e1cticos:<\/p>\n<p>Aprender\u00e1s a realizar sprays ambientales, mezclas terap\u00e9uticas, oleos de masajes, brumas relajantes, descongestivas , crema para contracturas y dolores musculares, spray antis\u00e9ptico.<\/p>","protected":false},"excerpt":{"rendered":"<p>Este curso te ofrece una capacitaci\u00f3n b\u00e1sica pero muy completa para iniciarte en el mundo de la aromaterapia de manera seria y segura para aplicarla a tu vida diaria o si as\u00ed lo deseas, poder comenzar a emprender de forma profesional.<\/p>\n<p>&nbsp;<\/p>\n<p>En el precio final est\u00e1n incluido: ( <strong>1 manual<\/strong> impreso y anillado de 65pg.\u00a0 &#8211; y los productos que realizamos en clase (<strong>3 sprays<\/strong> + <strong>1 oleo de masaje<\/strong> +<strong>1 oleo<\/strong> para <strong>dolor de cabeza<\/strong> y <strong>1 crema<\/strong> para dolores musculares) Total 6 productos mas el manual impreso con tapa color. . .\u00a0 y presupuesto, unos ricos tes arom\u00e1ticos que siempre compartimos.<\/p>","protected":false},"featured_media":9988,"comment_status":"closed","ping_status":"closed","template":"","meta":{"_joinchat":[]},"product_brand":[],"product_cat":[39],"product_tag":[],"class_list":{"0":"post-2468","1":"product","2":"type-product","3":"status-publish","4":"has-post-thumbnail","6":"product_cat-cursos","8":"first","9":"outofstock","10":"purchasable","11":"product-type-simple"},"_links":{"self":[{"href":"https:\/\/aromaterapiaflorar.com.ar\/en\/wp-json\/wp\/v2\/product\/2468","targetHints":{"allow":["GET"]}}],"collection":[{"href":"https:\/\/aromaterapiaflorar.com.ar\/en\/wp-json\/wp\/v2\/product"}],"about":[{"href":"https:\/\/aromaterapiaflorar.com.ar\/en\/wp-json\/wp\/v2\/types\/product"}],"replies":[{"embeddable":true,"href":"https:\/\/aromaterapiaflorar.com.ar\/en\/wp-json\/wp\/v2\/comments?post=2468"}],"wp:featuredmedia":[{"embeddable":true,"href":"https:\/\/aromaterapiaflorar.com.ar\/en\/wp-json\/wp\/v2\/media\/9988"}],"wp:attachment":[{"href":"https:\/\/aromaterapiaflorar.com.ar\/en\/wp-json\/wp\/v2\/media?parent=2468"}],"wp:term":[{"taxonomy":"product_brand","embeddable":true,"href":"https:\/\/aromaterapiaflorar.com.ar\/en\/wp-json\/wp\/v2\/product_brand?post=2468"},{"taxonomy":"product_cat","embeddable":true,"href":"https:\/\/aromaterapiaflorar.com.ar\/en\/wp-json\/wp\/v2\/product_cat?post=2468"},{"taxonomy":"product_tag","embeddable":true,"href":"https:\/\/aromaterapiaflorar.com.ar\/en\/wp-json\/wp\/v2\/product_tag?post=2468"}],"curies":[{"name":"wp","href":"https:\/\/api.w.org\/{rel}","templated":true}]}}