{"id":2800,"date":"2022-05-02T12:03:15","date_gmt":"2022-05-02T15:03:15","guid":{"rendered":"https:\/\/aromaterapiaflorar.com.ar\/?post_type=product&#038;p=2800"},"modified":"2026-04-08T10:19:52","modified_gmt":"2026-04-08T13:19:52","slug":"taller-perfumeria-terapeutica-energetica-online-en-vivo-por-zoom","status":"publish","type":"product","link":"https:\/\/aromaterapiaflorar.com.ar\/en\/product\/taller-perfumeria-terapeutica-energetica-online-en-vivo-por-zoom\/","title":{"rendered":"Taller Perfumer\u00eda Terap\u00e9utica &#038; Energ\u00e9tica Online (en vivo)"},"content":{"rendered":"<p>Los aceites esenciales se transforman en un estilo de vida, ayudando a prevenir o disminuir enfermedades y son un aliado imprescindible para disminuir los niveles de estes, el nerviosismo, las tensiones que se generan diariamente.<br \/>\nLos perfumes son otra manera de poder conectar con nuestro coraz\u00f3n y al mismo tiempo beneficiarnos con su medicina de manera natural.<\/p>\n<p>Nos ayudan a sanar el cuerpo, las emociones, la mente y el alma.<\/p>\n<p>Que Veremos:<\/p>\n<p>Historia del perfume<br \/>\n\u2022 Perfumer\u00eda Natural<br \/>\n\u2022 Componentes<br \/>\n\u2022 Principios de perfumeria natural<br \/>\n\u2022 Notas olfativas y piramide olfativa<br \/>\n\u2022 Perfumes terap\u00e9uticos<br \/>\n\u2022 \u00bfQu\u00e9 es la aromaterapia?<br \/>\n\u2022 \u00bfQu\u00e9 son los aceites esenciales?<br \/>\n\u2022 Aceites esenciales m\u00e1s utilizados, notas y posibles combinaciones<br \/>\n\u2022 Aceites vegetales<br \/>\n\u2022 Perfumes alcoh\u00f3licos y oleosos.<br \/>\n\u2022 Aguas florales. Agua Florida \u2022 Agua de hungria<br \/>\n\u2022 Energ\u00eda vital<br \/>\n\u2022 Valor terap\u00e9utico de la Aromaterapia en las emociones.<br \/>\n\u2022 Como Aplicar los perfumes terap\u00e9uticos<br \/>\n\u2022 Seguridad y posibles reacciones d\u00e9rmicas<br \/>\n\u2022 Cuadernillo con 16 aceites esenciales. Con sus propiedades b\u00e1sicas emocionales y cl\u00ednicas.<\/p>\n<p>Aprenderemos a hacer:<\/p>\n<p>Perfume Alcoh\u00f3lico:<br \/>\n-Para el poder personal y autoestima<br \/>\n-Entusiasmo y alegr\u00eda<br \/>\n-Relajaci\u00f3n para un buen descansar<br \/>\n-Meditaci\u00f3n<br \/>\n-Para combatir la depresi\u00f3n<br \/>\n-Para desinfecci\u00f3n ambiental<br \/>\n-Para resfr\u00edos o gripes<\/p>\n<p>Perfume oleoso:<br \/>\n-Equilibrador emocional<br \/>\n-Ansiedad, estres<br \/>\n&#8211; Miedos y fobias<br \/>\n-Para la concentraci\u00f3n y estudio<br \/>\n-Para el cansancio y el agotamiento<\/p>\n<p>Agua Florida<\/p>\n<p>En el Presencial: cada uno se llevar\u00e1 tres (3) de estos perfumes realizados en clase.<\/p>\n<p>El taller esta dirigido a:<\/p>\n<p>A todos aquellos que quieran aprender a realizar perfumes terap\u00e9uticos naturales a base de aceites esenciales.<\/p>\n<p>\u2022 A todos aquellos que quieran comenzar un emprendimiento de productos de aromaterapia.<\/p>\n<p>\u2022 A todos aquellos terapeutas que quieran incorporar la aromaterapia a en sus practicas.<\/p>\n<p>Tendr\u00e1s la posibilidad de comunicaci\u00f3n personalizada conmigo, para cualquier consulta, por el medio que te sea mas conveniente, ya sea whatsapp o por mail, una vez a la semana si as\u00ed lo necesitas y para las dudas que tengas.<\/p>\n<p>Se entrega Certificado de asistencia en PDF .<\/p>\n<p>&nbsp;<\/p>","protected":false},"excerpt":{"rendered":"<p>Taller Te\u00f3rico, pr\u00e1ctico &#8211; 4 horas<\/p>\n<p>Duraci\u00f3n 1 dia (4 hs)<\/p>\n<p>&nbsp;<\/p>\n<p>Este taller aprenderemos a realizar perfumes con un uso terap\u00e9utico, no solo con finalidad de oler rico, si no tambi\u00e9n con un enfoque cl\u00ednico para sanar de manera natural o ayudar al cuerpo f\u00edsico con ciertas problem\u00e1ticas, tambi\u00e9n abordaremos desde una visi\u00f3n hol\u00edstica y energ\u00e9tica<\/p>\n<p>-Aprender\u00e1s a realizar Perfumes Alcoh\u00f3licos:<br \/>\n-Para el poder personal y autoestima; -Entusiasmo y alegr\u00eda; -Relajaci\u00f3n para un buen descansar; -Meditaci\u00f3n; -Para combatir la depresi\u00f3n; -Para desinfecci\u00f3n ambiental; -Para resfrios o gripes<\/p>\n<p>&#8211; Aprender\u00e1s a realizar Perfume oleoso:-Equilibrador emocional; -Ansiedad, estres; &#8211; Miedos y fobias; -Para la concentraci\u00f3n y estudio; -Para el cansancio y el agotamiento.<\/p>\n<p>&#8211; Aprender\u00e1s a realizar Agua florida<\/p>","protected":false},"featured_media":9989,"comment_status":"closed","ping_status":"closed","template":"","meta":{"_joinchat":[]},"product_brand":[],"product_cat":[39],"product_tag":[],"class_list":{"0":"post-2800","1":"product","2":"type-product","3":"status-publish","4":"has-post-thumbnail","6":"product_cat-cursos","8":"first","9":"outofstock","10":"purchasable","11":"product-type-simple"},"_links":{"self":[{"href":"https:\/\/aromaterapiaflorar.com.ar\/en\/wp-json\/wp\/v2\/product\/2800","targetHints":{"allow":["GET"]}}],"collection":[{"href":"https:\/\/aromaterapiaflorar.com.ar\/en\/wp-json\/wp\/v2\/product"}],"about":[{"href":"https:\/\/aromaterapiaflorar.com.ar\/en\/wp-json\/wp\/v2\/types\/product"}],"replies":[{"embeddable":true,"href":"https:\/\/aromaterapiaflorar.com.ar\/en\/wp-json\/wp\/v2\/comments?post=2800"}],"wp:featuredmedia":[{"embeddable":true,"href":"https:\/\/aromaterapiaflorar.com.ar\/en\/wp-json\/wp\/v2\/media\/9989"}],"wp:attachment":[{"href":"https:\/\/aromaterapiaflorar.com.ar\/en\/wp-json\/wp\/v2\/media?parent=2800"}],"wp:term":[{"taxonomy":"product_brand","embeddable":true,"href":"https:\/\/aromaterapiaflorar.com.ar\/en\/wp-json\/wp\/v2\/product_brand?post=2800"},{"taxonomy":"product_cat","embeddable":true,"href":"https:\/\/aromaterapiaflorar.com.ar\/en\/wp-json\/wp\/v2\/product_cat?post=2800"},{"taxonomy":"product_tag","embeddable":true,"href":"https:\/\/aromaterapiaflorar.com.ar\/en\/wp-json\/wp\/v2\/product_tag?post=2800"}],"curies":[{"name":"wp","href":"https:\/\/api.w.org\/{rel}","templated":true}]}}