{"id":3268,"date":"2023-06-15T15:43:32","date_gmt":"2023-06-15T18:43:32","guid":{"rendered":"https:\/\/aromaterapiaflorar.com.ar\/producto\/perfume-terapeutico-poder-personal-40-ml-edicion-limitada\/"},"modified":"2026-04-02T11:13:59","modified_gmt":"2026-04-02T14:13:59","slug":"perfume-terapeutico-poder-personal-40-ml","status":"publish","type":"product","link":"https:\/\/aromaterapiaflorar.com.ar\/en\/product\/perfume-terapeutico-poder-personal-40-ml\/","title":{"rendered":"Perfume Terap\u00e9utico &#8220;Poder Personal&#8221; 65 ml"},"content":{"rendered":"<p>Perfume Terap\u00e9utico &#8220;Poder Personal&#8221;<\/p>\n<p>LINEA TERAP\u00c9UTICA  Poder Personal &#8220;Autoesima&#8221;<br \/>\nNos ayuda liberando y magnificando a la Diosa que existe en cada uno de nosotros. Excelente para el Amor Propio.<br \/>\nPerfume fresco con notas c\u00edtricas. Realizado con aceites esenciales puros de bergamota (Citrus aurantium L. ssp. bergamia), mejorana (Origanum marjorana), petitgrain(Citrus aurantium), lemongrass (Cymbopogon flexuosus) y enebro  (Juniperus communis). Elixir vibracional  de Orqu\u00eddeas de Am\u00e9rica,  Elixir vibracional  de Citrino.<\/p>\n<p>Modo de Uso:<br \/>\nEsparcir en el campo \u00e1urico o en la piel, las veces uno lo sienta necesario. Ideal para cuando estamos muy bajos de energ\u00eda vital y nos sentimos con baja autoestima.<br \/>\nNo llevar a los ojos, ni  a la boca, ni mucosas,  ni dejar cerca de los ni\u00f1os.<br \/>\nNo exponer al sol, ni al calor.<\/p>\n<p>La L\u00ednea Terap\u00e9utica fue especialmente dise\u00f1ada encontrar el equilibrio. Para ayudarte en un tema en particular de tu d\u00eda a d\u00eda.<\/p>\n<p>Como todas nuestras l\u00edneas, no contiene ning\u00fan derivado del petr\u00f3leo, ni sint\u00e9ticos, ni ning\u00fan tipo de producto toxico para el organismo.<\/p>\n<p>En envase de vidrio peque\u00f1o para que lo puedas llevar a donde lo necesites con vos.<br \/>\nRe-Utilizable.<\/p>","protected":false},"excerpt":{"rendered":"<p>Notas citricas &#8211; Floral 40 ml<\/p>","protected":false},"featured_media":4035,"comment_status":"closed","ping_status":"closed","template":"","meta":{"_joinchat":[]},"product_brand":[],"product_cat":[30],"product_tag":[],"class_list":{"0":"post-3268","1":"product","2":"type-product","3":"status-publish","4":"has-post-thumbnail","6":"product_cat-productos-terapeuticos","8":"first","9":"onbackorder","10":"purchasable","11":"product-type-simple"},"_links":{"self":[{"href":"https:\/\/aromaterapiaflorar.com.ar\/en\/wp-json\/wp\/v2\/product\/3268","targetHints":{"allow":["GET"]}}],"collection":[{"href":"https:\/\/aromaterapiaflorar.com.ar\/en\/wp-json\/wp\/v2\/product"}],"about":[{"href":"https:\/\/aromaterapiaflorar.com.ar\/en\/wp-json\/wp\/v2\/types\/product"}],"replies":[{"embeddable":true,"href":"https:\/\/aromaterapiaflorar.com.ar\/en\/wp-json\/wp\/v2\/comments?post=3268"}],"wp:featuredmedia":[{"embeddable":true,"href":"https:\/\/aromaterapiaflorar.com.ar\/en\/wp-json\/wp\/v2\/media\/4035"}],"wp:attachment":[{"href":"https:\/\/aromaterapiaflorar.com.ar\/en\/wp-json\/wp\/v2\/media?parent=3268"}],"wp:term":[{"taxonomy":"product_brand","embeddable":true,"href":"https:\/\/aromaterapiaflorar.com.ar\/en\/wp-json\/wp\/v2\/product_brand?post=3268"},{"taxonomy":"product_cat","embeddable":true,"href":"https:\/\/aromaterapiaflorar.com.ar\/en\/wp-json\/wp\/v2\/product_cat?post=3268"},{"taxonomy":"product_tag","embeddable":true,"href":"https:\/\/aromaterapiaflorar.com.ar\/en\/wp-json\/wp\/v2\/product_tag?post=3268"}],"curies":[{"name":"wp","href":"https:\/\/api.w.org\/{rel}","templated":true}]}}