{"id":3269,"date":"2023-03-27T19:51:19","date_gmt":"2023-03-27T22:51:19","guid":{"rendered":"https:\/\/aromaterapiaflorar.com.ar\/producto\/perfume-terapeutico-alegria-40-ml-edicion-limitada\/"},"modified":"2026-04-02T11:14:10","modified_gmt":"2026-04-02T14:14:10","slug":"perfume-terapeutico-alegria-40-ml","status":"publish","type":"product","link":"https:\/\/aromaterapiaflorar.com.ar\/en\/product\/perfume-terapeutico-alegria-40-ml\/","title":{"rendered":"Perfume Terap\u00e9utico &#8220;Alegria&#8221; 65 ml"},"content":{"rendered":"<p>Perfume Terap\u00e9utico &#8220;Alegria&#8221;<\/p>\n<p>LINEA TERAP\u00c9UTICA &#8220;Alegr\u00eda&#8221;<\/p>\n<p>\u0093NOS TRAE ALEGR\u00cdA. ENTUSIASMO. DIVERSI\u00d3N. FELICIDAD. ARMON\u00cdA. DICHA. AUMENTA EL HUMOR y OPTIMISMO. \u0094Trabaja sobre los estados de \u00e1nimo, estimulando los aspectos positivos.<\/p>\n<p>Perfume vivaz con notas c\u00edtricas. Realizado con aceites esenciales puros de, Lim\u00f3n (Citrus Limon), bergamota(Citrus aurantium L. ssp. bergamia), menta (Mentha piperita), petitgrain (Citrus aurantium) y naranja(Citrus aurantium L. var. sinensis). Elixir vibracional de Orqu\u00eddeas de Am\u00e9rica, Elixir vibracional de Citrino.<\/p>\n<p>Modo de Uso:<br \/>\nEsparcir en el campo \u00e1urico o en la piel, las veces uno lo sienta necesario. Ideal para cuando esos d\u00edas que nos sentimos angustiados o con poca alegr\u00eda, como si todo el d\u00eda fuera un d\u00eda gris.<br \/>\nNo llevar a los ojos, ni a la boca, ni mucosas, ni dejar cerca de los ni\u00f1os.<br \/>\nNo exponer al sol, ni al calor.<\/p>\n<p>La L\u00ednea Terap\u00e9utica fue especialmente dise\u00f1ada encontrar el equilibrio. Para ayudarte en un tema en particular de tu d\u00eda a d\u00eda.<\/p>\n<p>Como todas nuestras l\u00edneas, no contiene ning\u00fan derivado del petr\u00f3leo, ni sint\u00e9ticos, ni ning\u00fan tipo de producto toxico para el organismo.<\/p>\n<p>En envase de vidrio peque\u00f1o para que lo puedas llevar a donde lo necesites con vos.<br \/>\nRe-Utilizable.<\/p>","protected":false},"excerpt":{"rendered":"<p>Notas citricas &#8211; fresco 40 ml<\/p>","protected":false},"featured_media":4036,"comment_status":"closed","ping_status":"closed","template":"","meta":{"_joinchat":[]},"product_brand":[],"product_cat":[30],"product_tag":[],"class_list":{"0":"post-3269","1":"product","2":"type-product","3":"status-publish","4":"has-post-thumbnail","6":"product_cat-productos-terapeuticos","8":"first","9":"onbackorder","10":"purchasable","11":"product-type-simple"},"_links":{"self":[{"href":"https:\/\/aromaterapiaflorar.com.ar\/en\/wp-json\/wp\/v2\/product\/3269","targetHints":{"allow":["GET"]}}],"collection":[{"href":"https:\/\/aromaterapiaflorar.com.ar\/en\/wp-json\/wp\/v2\/product"}],"about":[{"href":"https:\/\/aromaterapiaflorar.com.ar\/en\/wp-json\/wp\/v2\/types\/product"}],"replies":[{"embeddable":true,"href":"https:\/\/aromaterapiaflorar.com.ar\/en\/wp-json\/wp\/v2\/comments?post=3269"}],"wp:featuredmedia":[{"embeddable":true,"href":"https:\/\/aromaterapiaflorar.com.ar\/en\/wp-json\/wp\/v2\/media\/4036"}],"wp:attachment":[{"href":"https:\/\/aromaterapiaflorar.com.ar\/en\/wp-json\/wp\/v2\/media?parent=3269"}],"wp:term":[{"taxonomy":"product_brand","embeddable":true,"href":"https:\/\/aromaterapiaflorar.com.ar\/en\/wp-json\/wp\/v2\/product_brand?post=3269"},{"taxonomy":"product_cat","embeddable":true,"href":"https:\/\/aromaterapiaflorar.com.ar\/en\/wp-json\/wp\/v2\/product_cat?post=3269"},{"taxonomy":"product_tag","embeddable":true,"href":"https:\/\/aromaterapiaflorar.com.ar\/en\/wp-json\/wp\/v2\/product_tag?post=3269"}],"curies":[{"name":"wp","href":"https:\/\/api.w.org\/{rel}","templated":true}]}}