{"id":3621,"date":"2022-11-23T09:41:41","date_gmt":"2022-11-23T12:41:41","guid":{"rendered":"https:\/\/aromaterapiaflorar.com.ar\/?post_type=product&#038;p=3621"},"modified":"2026-04-02T11:13:27","modified_gmt":"2026-04-02T14:13:27","slug":"agua-florida","status":"publish","type":"product","link":"https:\/\/aromaterapiaflorar.com.ar\/en\/product\/agua-florida\/","title":{"rendered":"Agua Florida"},"content":{"rendered":"<p>Agua Florida realizada con maceraciones de hierbas naturales y aceites esenciales, una combinaci\u00f3n exquisita para disfrutar de la energ\u00eda de las plantas medicinales.<\/p>\n<p>&nbsp;<\/p>\n<p>USOS Y PROPIEDADES terap\u00e9uticas<\/p>\n<p>-Para masajear los m\u00fasculos tras el ejercicio f\u00edsico.<br \/>\n-Calmar la piel de picaduras de insecto.<br \/>\n-Para pies cansados, a\u00f1adi\u00e9ndolo al agua tibia del ba\u00f1o.<br \/>\n&#8211; Alivia resfr\u00edos, dolores de cabeza y relaja los m\u00fasculos.<\/p>\n<p>USOS Y PROPIEDADES energ\u00e9ticas<\/p>\n<p>-Para limpiar espacios cargados de energ\u00edas densas<br \/>\n&#8211; Purifica los campos energ\u00e9ticos de los cuerpos sutiles<br \/>\n&#8211; Eleva la vibraci\u00f3n del espacio o del objeto.<br \/>\n&#8211; Libera la energ\u00eda estancada y la transforma en positiva.<br \/>\n&#8211; Protege el aura.<\/p>\n<p>FORMAS DE USO<\/p>\n<p>&#8211; Para liberar energ\u00eda negativa de tu cuerpo, puedes aplicarla sobre tus sienes, mu\u00f1ecas y nuca.<br \/>\n&#8211; Para proteger tu campo \u00e1urico y sellar tu energ\u00eda, puedes rociarla sobre tu cabeza, hombros, coraz\u00f3n y pies.<br \/>\n&#8211; Para limpiar los objetos , apl\u00edcala sobre ellos.<br \/>\n&#8211; Para limpiar espacios y liberar energ\u00eda estancada de hogares o ambientes comerciales, a\u00f1ade una chorro al l\u00edquido para fregar los pisos.<br \/>\n&#8211; Para bendecir un altar o ceremonia, puedes a\u00f1adirla sobre un cuenco.<br \/>\n&#8211; Para relajar los m\u00fasculos y aliviar picaduras o hinchazones, fr\u00f3tala sobre las zonas afectada<\/p>","protected":false},"excerpt":{"rendered":"<p>Agua Florida realizada con maceraciones de hierbas naturales y aceites esenciales, una combinaci\u00f3n exquisita para disfrutar de la energ\u00eda de las plantas medicinales.<\/p>\n<p>&nbsp;<\/p>\n<p>TAMA\u00d1O: 100 ML &#8211; Envase Pet color ambar para resguardar las propiedades terap\u00e9uticas de los macerados y los aceites esenciales.<\/p>","protected":false},"featured_media":7667,"comment_status":"open","ping_status":"closed","template":"","meta":{"_joinchat":[]},"product_brand":[],"product_cat":[32,29],"product_tag":[],"class_list":{"0":"post-3621","1":"product","2":"type-product","3":"status-publish","4":"has-post-thumbnail","6":"product_cat-ofertas-especiales","7":"product_cat-perfumes-energeticos","9":"first","10":"instock","11":"taxable","12":"shipping-taxable","13":"purchasable","14":"product-type-simple"},"_links":{"self":[{"href":"https:\/\/aromaterapiaflorar.com.ar\/en\/wp-json\/wp\/v2\/product\/3621","targetHints":{"allow":["GET"]}}],"collection":[{"href":"https:\/\/aromaterapiaflorar.com.ar\/en\/wp-json\/wp\/v2\/product"}],"about":[{"href":"https:\/\/aromaterapiaflorar.com.ar\/en\/wp-json\/wp\/v2\/types\/product"}],"replies":[{"embeddable":true,"href":"https:\/\/aromaterapiaflorar.com.ar\/en\/wp-json\/wp\/v2\/comments?post=3621"}],"wp:featuredmedia":[{"embeddable":true,"href":"https:\/\/aromaterapiaflorar.com.ar\/en\/wp-json\/wp\/v2\/media\/7667"}],"wp:attachment":[{"href":"https:\/\/aromaterapiaflorar.com.ar\/en\/wp-json\/wp\/v2\/media?parent=3621"}],"wp:term":[{"taxonomy":"product_brand","embeddable":true,"href":"https:\/\/aromaterapiaflorar.com.ar\/en\/wp-json\/wp\/v2\/product_brand?post=3621"},{"taxonomy":"product_cat","embeddable":true,"href":"https:\/\/aromaterapiaflorar.com.ar\/en\/wp-json\/wp\/v2\/product_cat?post=3621"},{"taxonomy":"product_tag","embeddable":true,"href":"https:\/\/aromaterapiaflorar.com.ar\/en\/wp-json\/wp\/v2\/product_tag?post=3621"}],"curies":[{"name":"wp","href":"https:\/\/api.w.org\/{rel}","templated":true}]}}