{"id":3865,"date":"2023-03-27T19:51:19","date_gmt":"2023-03-27T22:51:19","guid":{"rendered":"https:\/\/aromaterapiaflorar.com.ar\/producto\/perfume-terapeutico-agotamiento-fisico-40-ml-edicion-limitada\/"},"modified":"2026-04-02T11:14:18","modified_gmt":"2026-04-02T14:14:18","slug":"perfume-terapeutico-agotamiento-fisico-40-ml-edicion-limitada","status":"publish","type":"product","link":"https:\/\/aromaterapiaflorar.com.ar\/en\/product\/perfume-terapeutico-agotamiento-fisico-40-ml-edicion-limitada\/","title":{"rendered":"Perfume Terap\u00e9utico &#8220;Agotamiento F\u00edsico&#8221; 65 ml"},"content":{"rendered":"<p>Perfume Terap\u00e9utico &#8220;Agotamiento F\u00edsico&#8221;<\/p>\n<p>LINEA TERAP\u00c9UTICA &#8220;Agotamiento&#8221;<\/p>\n<p>Para esos momentos del a\u00f1o en que nos sentimos cansados en exceso, por supuesto que siempre es indispensable descansar lo suficiente y reconocer lo que el cuerpo dice, pero tambi\u00e9n hay momentos en que el cansancio es agobiante . . . que muchas veces viene de un cansancio mental en donde las preocupaciones diarias consumen la energ\u00eda.<br \/>\n.<br \/>\n.<br \/>\nPerfume Agotamiento f\u00edsico:<br \/>\nRealizado con aceites esenciales puros de clavo de olor (Eugenia caryophyllus), patchuli (Pogostemon cablin), palmarosa (Cymbopogon martinii ). Elixir vibracional de Orqu\u00eddea de Am\u00e9rica.<\/p>\n<p>La L\u00ednea Terap\u00e9utica fue especialmente dise\u00f1ada encontrar el equilibrio. Para ayudarte en un tema en particular de tu d\u00eda a d\u00eda.<\/p>\n<p>Como todas nuestras l\u00edneas, no contiene ning\u00fan derivado del petr\u00f3leo, ni sint\u00e9ticos, ni ning\u00fan tipo de producto toxico para el organismo.<\/p>\n<p>Modo de Uso:<br \/>\nEsparcir en el campo \u00e1urico o en la piel, las veces uno lo sienta necesario. Ideal para cuando estamos muy bajos de energ\u00eda vital. No llevar a los ojos, ni a la boca, ni mucosas, ni dejar cerca de los ni\u00f1os.<br \/>\nNo exponer al sol, ni al calor.<\/p>\n<p>En envase de vidrio peque\u00f1o para que lo puedas llevar a donde lo necesites con vos.<br \/>\nRe-Utilizable.<\/p>","protected":false},"excerpt":{"rendered":"<p>Notas especiadas &#8211; intenso 40 ml<\/p>","protected":false},"featured_media":4034,"comment_status":"closed","ping_status":"closed","template":"","meta":{"_joinchat":[]},"product_brand":[],"product_cat":[30],"product_tag":[],"class_list":{"0":"post-3865","1":"product","2":"type-product","3":"status-publish","4":"has-post-thumbnail","6":"product_cat-productos-terapeuticos","8":"first","9":"onbackorder","10":"purchasable","11":"product-type-simple"},"_links":{"self":[{"href":"https:\/\/aromaterapiaflorar.com.ar\/en\/wp-json\/wp\/v2\/product\/3865","targetHints":{"allow":["GET"]}}],"collection":[{"href":"https:\/\/aromaterapiaflorar.com.ar\/en\/wp-json\/wp\/v2\/product"}],"about":[{"href":"https:\/\/aromaterapiaflorar.com.ar\/en\/wp-json\/wp\/v2\/types\/product"}],"replies":[{"embeddable":true,"href":"https:\/\/aromaterapiaflorar.com.ar\/en\/wp-json\/wp\/v2\/comments?post=3865"}],"wp:featuredmedia":[{"embeddable":true,"href":"https:\/\/aromaterapiaflorar.com.ar\/en\/wp-json\/wp\/v2\/media\/4034"}],"wp:attachment":[{"href":"https:\/\/aromaterapiaflorar.com.ar\/en\/wp-json\/wp\/v2\/media?parent=3865"}],"wp:term":[{"taxonomy":"product_brand","embeddable":true,"href":"https:\/\/aromaterapiaflorar.com.ar\/en\/wp-json\/wp\/v2\/product_brand?post=3865"},{"taxonomy":"product_cat","embeddable":true,"href":"https:\/\/aromaterapiaflorar.com.ar\/en\/wp-json\/wp\/v2\/product_cat?post=3865"},{"taxonomy":"product_tag","embeddable":true,"href":"https:\/\/aromaterapiaflorar.com.ar\/en\/wp-json\/wp\/v2\/product_tag?post=3865"}],"curies":[{"name":"wp","href":"https:\/\/api.w.org\/{rel}","templated":true}]}}