{"id":4717,"date":"2023-08-16T11:19:45","date_gmt":"2023-08-16T14:19:45","guid":{"rendered":"https:\/\/aromaterapiaflorar.com.ar\/?post_type=product&#038;p=4717"},"modified":"2026-03-01T17:10:23","modified_gmt":"2026-03-01T20:10:23","slug":"taller-de-alergias-respiratorias-aromaterapia","status":"publish","type":"product","link":"https:\/\/aromaterapiaflorar.com.ar\/en\/product\/taller-de-alergias-respiratorias-aromaterapia\/","title":{"rendered":"Taller de Alergias Respiratorias &#038; Aromaterapia \u2022 Grabado \u2022"},"content":{"rendered":"<p>La \u00e9poca que casi todos sufrimos de alergias respiratorias, en menor o mayor medida, el oto\u00f1o y primavera son \u00e9pocas claves para cuidarnos y poder tratarnos de manera natural.<\/p>\n<p>&nbsp;<\/p>\n<p>En\u00a0 esta oportunidad sumamos a un\u00a0<strong>profesional de la salud<\/strong>, desde la perspectiva de lo cl\u00ednico, para que nos explique\u00a0 a la perfecci\u00f3n los aspectos fundamentales de las alergias respiratorias, s\u00edntomas y tratamiento, prevenciones de resfr\u00edos y problemas respiratorios leves, a cargo del\u00a0\u00a0<strong>Dr. Nicol\u00e1s Ramos.<\/strong><\/p>\n<p>&nbsp;<\/p>\n<p>y como abordar estas patolog\u00edas tan comunes de rinitis, resfr\u00edos y problemas respiratorios con la\u00a0<strong>medicina natural de los aceites esenciales<\/strong>\u00a0&#8220;aromaterapia&#8221; a cargo de\u00a0<strong>Andrea Ramos, Aromat\u00f3loga.<\/strong><\/p>\n<p>&nbsp;<\/p>\n<p>Este Taller\u00a0<strong>estudiaras<\/strong>\u00a0los\u00a0<strong>aspectos fundamentales de las alergias respiratorias, s\u00edntomas y tratamiento, prevenciones de resfrios y problemas respiratorios leves a cargo del Dr. Nicolas Ramos.<\/strong><\/p>\n<p>Solo pretende servir de gu\u00eda para aquellos que de una forma u otra quieren mantener o comenzar un estilo de vida saludable, e ir eliminando los medicamentos industriales de a poco, para mejorar sus estilos de vida e\u00a0<strong>ir en pos de una vida natural y saludable, utilizando esta medicina natural como es la Aromaterapia y el uso de aceites esenciales.<\/strong><\/p>\n<p>&nbsp;<\/p>\n<p>&nbsp;<\/p>\n<p>Que veremos<\/p>\n<p>&nbsp;<\/p>\n<p>1. Introducci\u00f3n<br \/>\n2. Epidemiolog\u00eda<br \/>\n3. \u00bfQu\u00e9 es la alergia? Los al\u00e9rgenos. S\u00edntomas.<br \/>\n4. Enfermedades al\u00e9rgicas de las v\u00edas respiratorias: rinitis al\u00e9rgica y asma al\u00e9rgico<br \/>\n5. Como aparecen los s\u00edntomas de las al\u00e9rgicas de las v\u00edas respiratorias: rinitis al\u00e9rgica y asma al\u00e9rgico<br \/>\n6. Medidas de prevenci\u00f3n, como evitar los al\u00e9rgenos.<br \/>\n7. Recomendaciones integrales<br \/>\n8. Diferentes m\u00e9todos de aplicaci\u00f3n<br \/>\n9. Aceites utilizados para alergias respiratorias<br \/>\n10. Tratamiento con aromaterapia para las alergias respiratorias &#8211; Formulaciones<br \/>\n11. Aceites utilizados para desinfectar los ambientes y superficies. &#8211; Formulaciones<\/p>\n<p>&nbsp;<\/p>\n<p>Parcticas:<\/p>\n<p>Realizaremos preparados terap\u00e9uticos para ayudarnos en \u00e9pocas de alergias respiratorias, resfr\u00edos, rinitis y algunas otras problem\u00e1ticas que\u00a0 no nos dejan respirar bien.<\/p>","protected":false},"excerpt":{"rendered":"<p>En este Taller grabado <strong>estudiaras<\/strong>\u00a0los\u00a0<b>aspectos fundamentales de las alergias respiratorias, s\u00edntomas y tratamiento, prevenciones de resfr\u00edos y problemas respiratorios leves\u00a0 a cargo del Dr. Nicolas Ramos.<\/b><\/p>\n<p>&nbsp;<\/p>\n<p><strong>Material de estudio:<\/strong> clase asincr\u00f3nica de 150 minutos de teor\u00eda y practica, en la plataforma\u00a0 virtual de la escuela y pdf para leer y estudiar.<\/p>\n<p>Solo pretende servir de gu\u00eda para aquellos que de una forma u otra quieren mantener o comenzar un estilo de vida saludable, e ir eliminando los medicamentos industriales de a poco, para mejorar sus estilos de vida e\u00a0<strong>ir en pos de una vida natural y saludable, utilizando esta medicina natural como es la Aromaterapia y el uso de aceites esenciales.<\/strong><\/p>","protected":false},"featured_media":9985,"comment_status":"open","ping_status":"closed","template":"","meta":{"_joinchat":[]},"product_brand":[],"product_cat":[63],"product_tag":[],"class_list":{"0":"post-4717","1":"product","2":"type-product","3":"status-publish","4":"has-post-thumbnail","6":"product_cat-cursos-y-talleres-digitales","8":"first","9":"instock","10":"virtual","11":"taxable","12":"purchasable","13":"product-type-simple"},"_links":{"self":[{"href":"https:\/\/aromaterapiaflorar.com.ar\/en\/wp-json\/wp\/v2\/product\/4717","targetHints":{"allow":["GET"]}}],"collection":[{"href":"https:\/\/aromaterapiaflorar.com.ar\/en\/wp-json\/wp\/v2\/product"}],"about":[{"href":"https:\/\/aromaterapiaflorar.com.ar\/en\/wp-json\/wp\/v2\/types\/product"}],"replies":[{"embeddable":true,"href":"https:\/\/aromaterapiaflorar.com.ar\/en\/wp-json\/wp\/v2\/comments?post=4717"}],"wp:featuredmedia":[{"embeddable":true,"href":"https:\/\/aromaterapiaflorar.com.ar\/en\/wp-json\/wp\/v2\/media\/9985"}],"wp:attachment":[{"href":"https:\/\/aromaterapiaflorar.com.ar\/en\/wp-json\/wp\/v2\/media?parent=4717"}],"wp:term":[{"taxonomy":"product_brand","embeddable":true,"href":"https:\/\/aromaterapiaflorar.com.ar\/en\/wp-json\/wp\/v2\/product_brand?post=4717"},{"taxonomy":"product_cat","embeddable":true,"href":"https:\/\/aromaterapiaflorar.com.ar\/en\/wp-json\/wp\/v2\/product_cat?post=4717"},{"taxonomy":"product_tag","embeddable":true,"href":"https:\/\/aromaterapiaflorar.com.ar\/en\/wp-json\/wp\/v2\/product_tag?post=4717"}],"curies":[{"name":"wp","href":"https:\/\/api.w.org\/{rel}","templated":true}]}}