{"id":5182,"date":"2023-11-01T16:52:04","date_gmt":"2023-11-01T19:52:04","guid":{"rendered":"https:\/\/aromaterapiaflorar.com.ar\/?post_type=product&#038;p=5182"},"modified":"2026-03-01T17:10:55","modified_gmt":"2026-03-01T20:10:55","slug":"taller-preparados-aromaticos-y-terapeuticos","status":"publish","type":"product","link":"https:\/\/aromaterapiaflorar.com.ar\/en\/product\/taller-preparados-aromaticos-y-terapeuticos\/","title":{"rendered":"Taller de Preparados Arom\u00e1ticos y terap\u00e9uticos \u2022 100% Digital"},"content":{"rendered":"<p><b>Taller Te\u00f3rico y pr\u00e1ctico\u00a0 \u00a0con clases asincr\u00f3nicas en el aula virtual y material de estudio en PDF.<\/b><\/p>\n<p>&nbsp;<\/p>\n<p>Es un Taller enfocado\u00a0<strong>\u00fanicamente en los diferentes preparados terap\u00e9uticos,<\/strong>\u00a0como llevar la aromaterapia a tu vida diaria a trav\u00e9s de las\u00a0<strong>diferentes formas de aplicaci\u00f3n<\/strong>\u00a0y as\u00ed poder realizar diferentes preparados que te van a ayudar a\u00a0<strong>logra una vida mas saludable, libre de productos qu\u00edmicos en tu cuerpo.<\/strong><\/p>\n<p>&nbsp;<\/p>\n<p>No siempre nos damos cuenta que tenemos al alcance,\u00a0<strong>productos nobles y naturales<\/strong>\u00a0y no siempre sabemos\u00a0<strong>como podemos ayudarnos o ayudar al otro,\u00a0<\/strong>\u00a0por ejemplo\u00a0<strong>como poder relajarte luego de un largo dia<\/strong>, que provecho le pode sacar a las diferente formas de aplicarla a la vida cotidiana para<strong>\u00a0aminorar el estr\u00e9s, el cansancio<\/strong>\u00a0o lo que fuere que necesitas para\u00a0<strong>activar el bienestar interior y exterior.<\/strong><\/p>\n<p><strong>Los productos naturales nos ayudan a sanar el cuerpo, las emociones, la mente y el alma.<\/strong><\/p>\n<p>&nbsp;<\/p>\n<p>Este taller esta pensado para comenzar a utilizar estos bellos y sabios productos de la madre tierra, para comenzar un camino m\u00e1s consciente y natural o quiz\u00e1s tambi\u00e9n para dar los primeros pasos en tu emprendimiento de forma profesional.<\/p>\n<p>&nbsp;<\/p>\n<p><strong>QUE VEREMOS<\/strong><\/p>\n<p>&nbsp;<\/p>\n<ul>\n<li>Armonizando nuestra vida con aromaterapia,<\/li>\n<li>Formas de uso de los aceites esenciales (aceites para masajes, cremas, brumas, pulverizadores ambientales, ba\u00f1os de inmersi\u00f3n, ba\u00f1os de pies, compresas, ung\u00fcentos)<\/li>\n<li>Sinergias o mezclas?.<\/li>\n<li>Diferentes formas de poder utilizar la aromaterapia para uso terap\u00e9utico.<\/li>\n<\/ul>\n<p>&nbsp;<\/p>\n<p><strong>A quien esta dirigido:<\/strong><\/p>\n<p>&#8211; A todos aquellos que quieran aprender a realizar diferentes productos terap\u00e9uticos naturales a base de aceites esenciales.<\/p>\n<p>&#8211; A todos aquellos que quieran comenzar un emprendimiento de productos de aromaterapia.<\/p>\n<p>&#8211; A todos aquellos terapeutas que quieran incorporar la aromaterapia\u00a0 en sus practicas.<\/p>\n<p>&nbsp;<\/p>","protected":false},"excerpt":{"rendered":"<p><b>Taller Te\u00f3rico y pr\u00e1ctico\u00a0 \u00a0con clases asincr\u00f3nicas en el aula virtual y material de estudio en PDF.<\/b><\/p>\n<p>&nbsp;<\/p>\n<p>Es un Taller enfocado\u00a0<strong>\u00fanicamente en los diferentes preparados terap\u00e9uticos,<\/strong>\u00a0como llevar la aromaterapia a tu vida diaria a trav\u00e9s de las\u00a0<strong>diferentes formas de aplicaci\u00f3n<\/strong>\u00a0y as\u00ed poder realizar diferentes preparados que te van a ayudar a\u00a0<strong>logra una vida mas saludable, libre de productos qu\u00edmicos en tu cuerpo<\/strong><\/p>","protected":false},"featured_media":9984,"comment_status":"closed","ping_status":"closed","template":"","meta":{"_joinchat":[]},"product_brand":[],"product_cat":[63],"product_tag":[],"class_list":{"0":"post-5182","1":"product","2":"type-product","3":"status-publish","4":"has-post-thumbnail","6":"product_cat-cursos-y-talleres-digitales","8":"first","9":"instock","10":"virtual","11":"taxable","12":"purchasable","13":"product-type-simple"},"_links":{"self":[{"href":"https:\/\/aromaterapiaflorar.com.ar\/en\/wp-json\/wp\/v2\/product\/5182","targetHints":{"allow":["GET"]}}],"collection":[{"href":"https:\/\/aromaterapiaflorar.com.ar\/en\/wp-json\/wp\/v2\/product"}],"about":[{"href":"https:\/\/aromaterapiaflorar.com.ar\/en\/wp-json\/wp\/v2\/types\/product"}],"replies":[{"embeddable":true,"href":"https:\/\/aromaterapiaflorar.com.ar\/en\/wp-json\/wp\/v2\/comments?post=5182"}],"wp:featuredmedia":[{"embeddable":true,"href":"https:\/\/aromaterapiaflorar.com.ar\/en\/wp-json\/wp\/v2\/media\/9984"}],"wp:attachment":[{"href":"https:\/\/aromaterapiaflorar.com.ar\/en\/wp-json\/wp\/v2\/media?parent=5182"}],"wp:term":[{"taxonomy":"product_brand","embeddable":true,"href":"https:\/\/aromaterapiaflorar.com.ar\/en\/wp-json\/wp\/v2\/product_brand?post=5182"},{"taxonomy":"product_cat","embeddable":true,"href":"https:\/\/aromaterapiaflorar.com.ar\/en\/wp-json\/wp\/v2\/product_cat?post=5182"},{"taxonomy":"product_tag","embeddable":true,"href":"https:\/\/aromaterapiaflorar.com.ar\/en\/wp-json\/wp\/v2\/product_tag?post=5182"}],"curies":[{"name":"wp","href":"https:\/\/api.w.org\/{rel}","templated":true}]}}