{"id":5892,"date":"2023-12-18T12:42:12","date_gmt":"2023-12-18T15:42:12","guid":{"rendered":"https:\/\/aromaterapiaflorar.com.ar\/?post_type=product&#038;p=5892"},"modified":"2026-03-01T17:10:15","modified_gmt":"2026-03-01T20:10:15","slug":"taller-de-aromaterapia-y-emociones-digital","status":"publish","type":"product","link":"https:\/\/aromaterapiaflorar.com.ar\/en\/product\/taller-de-aromaterapia-y-emociones-digital\/","title":{"rendered":"Taller de Aromaterapia y Emociones  \u2022 Digital \u2022"},"content":{"rendered":"<p>Este taller de\u00a0Emociones y Aromaterapia,\u00a0pensado para\u00a0introducirte\u00a0en el mundo de la\u00a0PsicAromaterapia.<\/p>\n<p>Veremos las\u00a0diferentes emociones\u00a0y como acompa\u00f1arlas con aceites esenciales capaces de acompa\u00f1ar y transformar nuestra vida cotidiana.<\/p>\n<p>Es un\u00a0taller vivencial\u00a0para que sientas el poder los aromas sobre nuestra psiquis.<\/p>\n<p>Veremos diferentes aceites esenciales para acompa\u00f1ar procesos de diferentes estados emocionales.<\/p>\n<p>La Aromaterapia hay que sentirla en el cuerpo y en el alma.<\/p>\n<p>La Aromaterapia es intr\u00ednsecamente vivencial y experiencial.<\/p>\n<p>La Aromaterapia es intransferible y muy personal.<\/p>\n<p>&nbsp;<\/p>\n<p>\u2022\u00a0 Objetivos:<\/p>\n<p>&#8211; Iniciarte en PsicoAromaterapia, esta nueva forma de sentir y estudiar Aromaterapia para acompa\u00f1ar las emociones.<\/p>\n<p>&#8211; Poder conocer las diferentes emociones del ser humano y acompa\u00f1arlas diariamente con aromas de la naturaleza.<\/p>\n<p>\u2022\u00a0 A quien va dirigido:<\/p>\n<p>&#8211; A todos aquellos que quieran aprender a equilibrar y acompa\u00f1ar las emociones que nos atraviesan naturalmente, con esta medicina natural, que son los aceites esenciales.<\/p>\n<p>&#8211; A todos aquellos terapeutas que quieran incorporar la aromaterapia en sus practicas y atenci\u00f3n a consultantes.<\/p>\n<p>&nbsp;<\/p>\n<p>\u2022 El taller te prepara para:<\/p>\n<p>-Aprender a transitar las emociones y acompa\u00f1arlas diariamente con la ayuda natural y amorosa de los aceites esenciales.<\/p>\n<p>-Te sentar las bases para un uso seguro y consciente de este medicina natural para vos, tu familia y tus seres queridos.<\/p>\n<p>-Si sos terapeuta o queres serlo, podr\u00e1s comenzar un camino para luego con m\u00e1s estudio, poder profesionalizarte para ser Aromaterapeuta profesional.<\/p>\n<p>\u2022\u00a0 Actividades practicas:<\/p>\n<p>Meditaci\u00f3n, limpieza energ\u00e9tica de nuestro espacio personal y habitado, preparaci\u00f3n de un perfume terap\u00e9utico personalizado para tu momento actual, un spray alcoh\u00f3lico y oleoso.<\/p>\n<p>&nbsp;<\/p>\n<p>Tendr\u00e1s la posibilidad de comunicaci\u00f3n personalizada conmigo, para cualquier consulta, por el medio que te sea mas conveniente, ya sea whatsapp o por mail.<\/p>\n<p>&nbsp;<\/p>\n<p>No se necesita experiencia previa.<\/p>","protected":false},"excerpt":{"rendered":"<p>Te invito a vivenciar con todos los sentidos, el poder incre\u00edble que tiene los aceites esenciales sobre nuestro presente y como podemos lograr acompa\u00f1arnos y autocuidarnos con esta hermosa medicina natural.<\/p>\n<p>Clases asincr\u00f3nicas en el Aula de la Escuela, teor\u00eda, meditaciones y material de estudio en PDF para descargar.<\/p>\n<p>&nbsp;<\/p>\n<p>&nbsp;<\/p>","protected":false},"featured_media":9983,"comment_status":"closed","ping_status":"closed","template":"","meta":{"_joinchat":[]},"product_brand":[],"product_cat":[63],"product_tag":[],"class_list":{"0":"post-5892","1":"product","2":"type-product","3":"status-publish","4":"has-post-thumbnail","6":"product_cat-cursos-y-talleres-digitales","8":"first","9":"instock","10":"virtual","11":"taxable","12":"purchasable","13":"product-type-simple"},"_links":{"self":[{"href":"https:\/\/aromaterapiaflorar.com.ar\/en\/wp-json\/wp\/v2\/product\/5892","targetHints":{"allow":["GET"]}}],"collection":[{"href":"https:\/\/aromaterapiaflorar.com.ar\/en\/wp-json\/wp\/v2\/product"}],"about":[{"href":"https:\/\/aromaterapiaflorar.com.ar\/en\/wp-json\/wp\/v2\/types\/product"}],"replies":[{"embeddable":true,"href":"https:\/\/aromaterapiaflorar.com.ar\/en\/wp-json\/wp\/v2\/comments?post=5892"}],"wp:featuredmedia":[{"embeddable":true,"href":"https:\/\/aromaterapiaflorar.com.ar\/en\/wp-json\/wp\/v2\/media\/9983"}],"wp:attachment":[{"href":"https:\/\/aromaterapiaflorar.com.ar\/en\/wp-json\/wp\/v2\/media?parent=5892"}],"wp:term":[{"taxonomy":"product_brand","embeddable":true,"href":"https:\/\/aromaterapiaflorar.com.ar\/en\/wp-json\/wp\/v2\/product_brand?post=5892"},{"taxonomy":"product_cat","embeddable":true,"href":"https:\/\/aromaterapiaflorar.com.ar\/en\/wp-json\/wp\/v2\/product_cat?post=5892"},{"taxonomy":"product_tag","embeddable":true,"href":"https:\/\/aromaterapiaflorar.com.ar\/en\/wp-json\/wp\/v2\/product_tag?post=5892"}],"curies":[{"name":"wp","href":"https:\/\/api.w.org\/{rel}","templated":true}]}}