{"id":6158,"date":"2023-12-20T14:31:02","date_gmt":"2023-12-20T17:31:02","guid":{"rendered":"https:\/\/aromaterapiaflorar.com.ar\/?post_type=product&#038;p=6158"},"modified":"2026-04-06T10:58:20","modified_gmt":"2026-04-06T13:58:20","slug":"formacion-aromaterapia-integral-nivel-intermedio-100-digital","status":"publish","type":"product","link":"https:\/\/aromaterapiaflorar.com.ar\/en\/product\/formacion-aromaterapia-integral-nivel-intermedio-100-digital\/","title":{"rendered":"Formaci\u00f3n Aromaterapia Integral &#8220;Nivel Intermedio&#8221; 100% digital"},"content":{"rendered":"<h5><strong>PROMOCION del 5 al 15 de ABRIL\u00a0<\/strong><strong>&#x1f4b3; Hasta 6 cuotas sin inter\u00e9s<\/strong><\/h5>\n<p>&nbsp;<\/p>\n<p>Aprender\u00e1s la elaboraci\u00f3n y formulaci\u00f3n en productos aromaterap\u00e9uticos eficaces, seguros y poder adaptarlos y complementarlos con otras terapias naturales, aceites, cremas, ung\u00fcentos, sprays, etc.<\/p>\n<p>&nbsp;<\/p>\n<p>El\u00a0<strong>uso de la medicina natural<\/strong>, se transforman en un estilo de vida, pero eso no quiere decir que no tengan contraindicaciones, estudiaremos las\u00a0<strong>formas seguras de utilizarlos, las diferentes materias primas, aceites vegetales, hidrolatos, arcillas, cremas,<\/strong>\u00a0etc.<\/p>\n<p><strong>Aprenderemos tratamientos para problemas f\u00edsicos.<\/strong><\/p>\n<p>Y haremos ejercicios y\u00a0<strong>aplicaciones a nivel emocional desde la psicoaromaterapia.<\/strong><\/p>\n<p>&nbsp;<\/p>\n<p><strong>Objetivos del curso<\/strong><\/p>\n<p>\u2013 Profundizar en la Aromaterapia, desde un abordaje integral (cient\u00edfico y psicoemocional) actualizado y profesional.<\/p>\n<p>\u2013 Elaborar y formular productos terap\u00e9uticos eficaces y seguros, y poder adaptarlos y complementarlos con otras terapias naturales.<\/p>\n<p>\u2013 Poder comenzar a emprender de forma profesional.<\/p>\n<p>&nbsp;<\/p>\n<p><strong>A quien esta dirigido<\/strong><\/p>\n<p>\u2013 A todos aquellos que quieran aprender para llevar esta medicina natural a su vida diaria y la de sus familiares o amigos.<\/p>\n<p>\u2013 A todos aquellos que quieran emprender de forma profesional.<\/p>\n<p>\u2013 A todos aquellos terapeutas que quieran incorporar la aromaterapia en sus practicas.<\/p>\n<p>\u2013 A todos aquellos que quieran comenzar a ser Aromaterapeutas y quieran vivir profesionalmente de la Aromaterapia..<\/p>\n<p>&nbsp;<\/p>\n<p><strong>El curso te prepara para :<\/strong><\/p>\n<p>-Obtener conocimientos de usos terap\u00e9uticos seguros y eficaces de este medicina natural para vos, tu familia y tus seres queridos.<\/p>\n<p>\u2013 Este curso te prepear\u00e1 con una capacitaci\u00f3n seria y profesional, para que puedas comenzar con total tranquilidad y seguridad un emprendimiento profesional de productos de alta calidad y profesionalismo. Si sos terapeuta holistica, podras complementar tus terapias con esta hermosa medicina.<\/p>\n<p>-Si sos terapeuta o queres serlo, podr\u00e1s comenzar este viaje estudiando aromaterapia integral.<\/p>\n<p>NO TE HABILITA PARA: atender profesionalmente a consultantes (esto requiere de todo el programa completo de la Formaci\u00f3n Profesional en Aromaterapia Holistica e Integral, ) Pero si este curso forma parte inicial de la Formaci\u00f3n profesional y podr\u00e1s avanzar a tu tiempo, si as\u00ed lo deseas, (la formaci\u00f3n profesional esta pensada para hacer por separado los cursos, a tu tiempo y forma).<\/p>\n<p>&nbsp;<\/p>\n<p><strong>Requisitos<\/strong><\/p>\n<p>\u2013 Tener realizado un curso inicial o b\u00e1sico en Aromaterapia (conmigo o con terceros \u2013 Mostrando certificaci\u00f3n que acredite la realizaci\u00f3n del mismo)<\/p>","protected":false},"excerpt":{"rendered":"<p><strong>Este curso es la continuaci\u00f3n del nivel inicial.<\/strong><\/p>\n<h6><strong>PROMOCION del 5 al 15 de ABRIL <\/strong><\/h6>\n<h6><strong>&#x1f4b3; Hasta 6 cuotas sin inter\u00e9s<\/strong><\/h6>\n<p>&nbsp;<\/p>\n<p data-start=\"267\" data-end=\"407\"><strong>Formaci\u00f3n completamente digital<\/strong> (150 horas en video), con clases asincr\u00f3nicas y pr\u00e1cticas guiadas para que puedas avanzar a tu propio ritmo.<\/p>\n<p data-start=\"409\" data-end=\"419\"><strong>Incluye:<\/strong><\/p>\n<ul data-start=\"420\" data-end=\"530\">\n<li data-section-id=\"yqj9bi\" data-start=\"420\" data-end=\"450\">Material de estudio en PDF<\/li>\n<li data-section-id=\"8uw6lv\" data-start=\"451\" data-end=\"503\">Manuales completos (m\u00e1s de 200 p\u00e1ginas en total)<\/li>\n<li data-section-id=\"1calstk\" data-start=\"504\" data-end=\"530\">Contenido complementario<\/li>\n<li data-section-id=\"1calstk\" data-start=\"504\" data-end=\"530\">Acompa\u00f1amiento constante por whatsapp con la directora<\/li>\n<\/ul>\n<p data-start=\"532\" data-end=\"702\">Es una <strong>formaci\u00f3n profunda y completa,<\/strong> pensada para que realmente aprendas aromaterapia y puedas aplicarla con seguridad, tanto en tu vida diaria como a nivel profesional.<\/p>\n<p data-start=\"704\" data-end=\"884\">En este nivel vamos a profundizar en el uso terap\u00e9utico de los aceites esenciales y en sus diferentes formas de aplicaci\u00f3n, abordando tanto la escuela anglosajona como la francesa.<\/p>\n<p data-start=\"886\" data-end=\"1052\"><strong>Vas a adquirir herramientas s\u00f3lidas y conocimientos profesionales para integrar la aromaterapia de manera segura y, si lo deseas, comenzar a emprender en este camino.<\/strong><\/p>","protected":false},"featured_media":9981,"comment_status":"open","ping_status":"closed","template":"","meta":{"_joinchat":[]},"product_brand":[],"product_cat":[63],"product_tag":[],"class_list":{"0":"post-6158","1":"product","2":"type-product","3":"status-publish","4":"has-post-thumbnail","6":"product_cat-cursos-y-talleres-digitales","8":"first","9":"instock","10":"virtual","11":"taxable","12":"purchasable","13":"product-type-simple"},"_links":{"self":[{"href":"https:\/\/aromaterapiaflorar.com.ar\/en\/wp-json\/wp\/v2\/product\/6158","targetHints":{"allow":["GET"]}}],"collection":[{"href":"https:\/\/aromaterapiaflorar.com.ar\/en\/wp-json\/wp\/v2\/product"}],"about":[{"href":"https:\/\/aromaterapiaflorar.com.ar\/en\/wp-json\/wp\/v2\/types\/product"}],"replies":[{"embeddable":true,"href":"https:\/\/aromaterapiaflorar.com.ar\/en\/wp-json\/wp\/v2\/comments?post=6158"}],"wp:featuredmedia":[{"embeddable":true,"href":"https:\/\/aromaterapiaflorar.com.ar\/en\/wp-json\/wp\/v2\/media\/9981"}],"wp:attachment":[{"href":"https:\/\/aromaterapiaflorar.com.ar\/en\/wp-json\/wp\/v2\/media?parent=6158"}],"wp:term":[{"taxonomy":"product_brand","embeddable":true,"href":"https:\/\/aromaterapiaflorar.com.ar\/en\/wp-json\/wp\/v2\/product_brand?post=6158"},{"taxonomy":"product_cat","embeddable":true,"href":"https:\/\/aromaterapiaflorar.com.ar\/en\/wp-json\/wp\/v2\/product_cat?post=6158"},{"taxonomy":"product_tag","embeddable":true,"href":"https:\/\/aromaterapiaflorar.com.ar\/en\/wp-json\/wp\/v2\/product_tag?post=6158"}],"curies":[{"name":"wp","href":"https:\/\/api.w.org\/{rel}","templated":true}]}}