{"id":7333,"date":"2024-05-25T14:06:53","date_gmt":"2024-05-25T17:06:53","guid":{"rendered":"https:\/\/aromaterapiaflorar.com.ar\/?post_type=product&#038;p=7333"},"modified":"2026-03-01T17:09:40","modified_gmt":"2026-03-01T20:09:40","slug":"taller-cosmetica-natural","status":"publish","type":"product","link":"https:\/\/aromaterapiaflorar.com.ar\/en\/product\/taller-cosmetica-natural\/","title":{"rendered":"Taller Cosm\u00e9tica Natural \u2022 Digital Clase Grabada \u2022"},"content":{"rendered":"<p>Te damos la bienvenida a esta clase de cosm\u00e9tica natural donde aprender\u00e1s:<br \/>\n&#8211; Bases y principios de la cosm\u00e9tica natural<br \/>\n&#8211; Protocolos de elaboraci\u00f3n de cosm\u00e9tica natural<br \/>\n&#8211; Formas de incorporar plantas a tus h\u00e1bitos de higiene y bienestar<br \/>\n&#8211; Recetas pr\u00e1cticas y sencillas para elaborar tus propios productos<br \/>\nSer\u00e1 un encuentro online de la mano de Abuel\u00e1rbol donde nos introduciremos en el mundo de la cosm\u00e9tica natural y sus beneficios y ventajas.<br \/>\nLuego, en la parte pr\u00e1ctica, aprender\u00e1s a elaborar :<br \/>\n&#8211; Jab\u00f3n l\u00edquido<br \/>\n&#8211; Crema base para manos, rostro y cuerpo<br \/>\n&#8211; B\u00e1lsamo o ung\u00fcento para masajes<\/p>\n<p>No se requiere experiencia previa!<\/p>\n<p>&nbsp;<\/p>\n<p>&nbsp;<\/p>\n<p>&nbsp;<\/p>","protected":false},"excerpt":{"rendered":"<p>En esta clase aprender\u00e1s: bases y principios de la cosm\u00e9tica natural, formas de incorporar plantas para tus h\u00e1bitos de higiene y bienestar.<\/p>\n<p>Dirigido a todas las personas que tengan ganas de ingresar el mundo de la cosm\u00e9tica natural y de preparar sus propios productos.<\/p>\n<p>No se requiere experiencia previa!<\/p>","protected":false},"featured_media":9979,"comment_status":"open","ping_status":"closed","template":"","meta":{"_joinchat":[]},"product_brand":[],"product_cat":[63],"product_tag":[],"class_list":{"0":"post-7333","1":"product","2":"type-product","3":"status-publish","4":"has-post-thumbnail","6":"product_cat-cursos-y-talleres-digitales","8":"first","9":"instock","10":"virtual","11":"taxable","12":"purchasable","13":"product-type-simple"},"_links":{"self":[{"href":"https:\/\/aromaterapiaflorar.com.ar\/en\/wp-json\/wp\/v2\/product\/7333","targetHints":{"allow":["GET"]}}],"collection":[{"href":"https:\/\/aromaterapiaflorar.com.ar\/en\/wp-json\/wp\/v2\/product"}],"about":[{"href":"https:\/\/aromaterapiaflorar.com.ar\/en\/wp-json\/wp\/v2\/types\/product"}],"replies":[{"embeddable":true,"href":"https:\/\/aromaterapiaflorar.com.ar\/en\/wp-json\/wp\/v2\/comments?post=7333"}],"wp:featuredmedia":[{"embeddable":true,"href":"https:\/\/aromaterapiaflorar.com.ar\/en\/wp-json\/wp\/v2\/media\/9979"}],"wp:attachment":[{"href":"https:\/\/aromaterapiaflorar.com.ar\/en\/wp-json\/wp\/v2\/media?parent=7333"}],"wp:term":[{"taxonomy":"product_brand","embeddable":true,"href":"https:\/\/aromaterapiaflorar.com.ar\/en\/wp-json\/wp\/v2\/product_brand?post=7333"},{"taxonomy":"product_cat","embeddable":true,"href":"https:\/\/aromaterapiaflorar.com.ar\/en\/wp-json\/wp\/v2\/product_cat?post=7333"},{"taxonomy":"product_tag","embeddable":true,"href":"https:\/\/aromaterapiaflorar.com.ar\/en\/wp-json\/wp\/v2\/product_tag?post=7333"}],"curies":[{"name":"wp","href":"https:\/\/api.w.org\/{rel}","templated":true}]}}