{"id":8629,"date":"2025-02-11T20:25:21","date_gmt":"2025-02-11T23:25:21","guid":{"rendered":"https:\/\/aromaterapiaflorar.com.ar\/?post_type=product&#038;p=8629"},"modified":"2026-01-16T18:21:41","modified_gmt":"2026-01-16T21:21:41","slug":"matricula-de-inscripcion","status":"publish","type":"product","link":"https:\/\/aromaterapiaflorar.com.ar\/en\/product\/matricula-de-inscripcion\/","title":{"rendered":"Matricula de inscripci\u00f3n"},"content":{"rendered":"<p>Somos una Escuela\u00a0 acreditada y avalada internacionalmente por la <strong>&#8220;Asociaci\u00f3n Espa\u00f1ola de Aromatolog\u00eda (A.E.A)<\/strong> y la &#8220;<strong>Asociaci\u00f3n Profesional Espa\u00f1ola de Naturopat\u00eda y Bioterapias&#8221; (A.P.E.N.B.)\u00a0<\/strong><\/p>\n<p>&nbsp;<\/p>\n<p>Queremos siempre brindar calidad en todo, y las acreditaciones avalan esta trayectoria conocimientos y dedicaci\u00f3n en las formaciones.<\/p>\n<p>&nbsp;<\/p>\n<p>&nbsp;<\/p>","protected":false},"excerpt":{"rendered":"<p><strong>Matricula de inscripci\u00f3n en un solo pago.<\/strong><\/p>\n<p>&nbsp;<\/p>\n<p>Si deseas realizar el pago en mas veces escribimos y lo podes realizar por transferencia bancaria<\/p>","protected":false},"featured_media":9991,"comment_status":"open","ping_status":"closed","template":"","meta":{"_joinchat":[]},"product_brand":[],"product_cat":[39],"product_tag":[],"class_list":{"0":"post-8629","1":"product","2":"type-product","3":"status-publish","4":"has-post-thumbnail","6":"product_cat-cursos","8":"first","9":"instock","10":"taxable","11":"shipping-taxable","12":"purchasable","13":"product-type-simple"},"_links":{"self":[{"href":"https:\/\/aromaterapiaflorar.com.ar\/en\/wp-json\/wp\/v2\/product\/8629","targetHints":{"allow":["GET"]}}],"collection":[{"href":"https:\/\/aromaterapiaflorar.com.ar\/en\/wp-json\/wp\/v2\/product"}],"about":[{"href":"https:\/\/aromaterapiaflorar.com.ar\/en\/wp-json\/wp\/v2\/types\/product"}],"replies":[{"embeddable":true,"href":"https:\/\/aromaterapiaflorar.com.ar\/en\/wp-json\/wp\/v2\/comments?post=8629"}],"wp:featuredmedia":[{"embeddable":true,"href":"https:\/\/aromaterapiaflorar.com.ar\/en\/wp-json\/wp\/v2\/media\/9991"}],"wp:attachment":[{"href":"https:\/\/aromaterapiaflorar.com.ar\/en\/wp-json\/wp\/v2\/media?parent=8629"}],"wp:term":[{"taxonomy":"product_brand","embeddable":true,"href":"https:\/\/aromaterapiaflorar.com.ar\/en\/wp-json\/wp\/v2\/product_brand?post=8629"},{"taxonomy":"product_cat","embeddable":true,"href":"https:\/\/aromaterapiaflorar.com.ar\/en\/wp-json\/wp\/v2\/product_cat?post=8629"},{"taxonomy":"product_tag","embeddable":true,"href":"https:\/\/aromaterapiaflorar.com.ar\/en\/wp-json\/wp\/v2\/product_tag?post=8629"}],"curies":[{"name":"wp","href":"https:\/\/api.w.org\/{rel}","templated":true}]}}